{"id":12995,"date":"2025-03-06T13:18:51","date_gmt":"2025-03-06T11:18:51","guid":{"rendered":"https:\/\/lost.team\/todos-los-cursos\/"},"modified":"2025-04-28T16:26:30","modified_gmt":"2025-04-28T13:26:30","slug":"todos-los-cursos","status":"publish","type":"page","link":"https:\/\/lost.team\/es\/todos-los-cursos\/","title":{"rendered":"Todos los cursos"},"content":{"rendered":"\t\t<div data-elementor-type=\"wp-page\" data-elementor-id=\"12995\" class=\"elementor elementor-12995 elementor-10977\" data-elementor-post-type=\"page\">\n\t\t\t\t\t\t<section class=\"elementor-section elementor-top-section elementor-element elementor-element-36a0571 elementor-section-height-min-height elementor-section-content-middle elementor-section-boxed elementor-section-height-default elementor-section-items-middle\" data-id=\"36a0571\" data-element_type=\"section\" data-settings=\"{&quot;background_background&quot;:&quot;video&quot;,&quot;background_video_link&quot;:&quot;https:\\\/\\\/lost.team\\\/wp-content\\\/uploads\\\/2023\\\/07\\\/Lost2-Training-1.m4v&quot;,&quot;shape_divider_bottom&quot;:&quot;opacity-fan&quot;,&quot;background_play_on_mobile&quot;:&quot;yes&quot;}\">\n\t\t\t\t\t\t\t\t<div class=\"elementor-background-video-container\">\n\t\t\t\t\t\t\t\t\t\t\t\t\t<video class=\"elementor-background-video-hosted\" autoplay muted playsinline loop><\/video>\n\t\t\t\t\t\t\t\t\t\t\t<\/div>\n\t\t\t\t\t\t\t\t\t<div class=\"elementor-background-overlay\"><\/div>\n\t\t\t\t\t\t<div class=\"elementor-shape elementor-shape-bottom\" aria-hidden=\"true\" data-negative=\"false\">\n\t\t\t<svg xmlns=\"http:\/\/www.w3.org\/2000\/svg\" viewBox=\"0 0 283.5 19.6\" preserveAspectRatio=\"none\">\n\t<path class=\"elementor-shape-fill\" style=\"opacity:0.33\" d=\"M0 0L0 18.8 141.8 4.1 283.5 18.8 283.5 0z\"><\/path>\n\t<path class=\"elementor-shape-fill\" style=\"opacity:0.33\" d=\"M0 0L0 12.6 141.8 4 283.5 12.6 283.5 0z\"><\/path>\n\t<path class=\"elementor-shape-fill\" style=\"opacity:0.33\" d=\"M0 0L0 6.4 141.8 4 283.5 6.4 283.5 0z\"><\/path>\n\t<path class=\"elementor-shape-fill\" d=\"M0 0L0 1.2 141.8 4 283.5 1.2 283.5 0z\"><\/path>\n<\/svg>\t\t<\/div>\n\t\t\t\t\t<div class=\"elementor-container elementor-column-gap-default\">\n\t\t\t\t\t<div class=\"elementor-column elementor-col-100 elementor-top-column elementor-element elementor-element-e2345b4\" data-id=\"e2345b4\" data-element_type=\"column\">\n\t\t\t<div class=\"elementor-widget-wrap elementor-element-populated\">\n\t\t\t\t\t\t<section class=\"elementor-section elementor-inner-section elementor-element elementor-element-536d850 elementor-section-content-middle elementor-section-boxed elementor-section-height-default elementor-section-height-default\" data-id=\"536d850\" data-element_type=\"section\">\n\t\t\t\t\t\t<div class=\"elementor-container elementor-column-gap-default\">\n\t\t\t\t\t<div class=\"elementor-column elementor-col-100 elementor-inner-column elementor-element elementor-element-933aa04\" data-id=\"933aa04\" data-element_type=\"column\">\n\t\t\t<div class=\"elementor-widget-wrap elementor-element-populated\">\n\t\t\t\t\t\t<div class=\"elementor-element elementor-element-227b05c elementor-widget elementor-widget-heading\" data-id=\"227b05c\" data-element_type=\"widget\" data-widget_type=\"heading.default\">\n\t\t\t\t<div class=\"elementor-widget-container\">\n\t\t\t\t\t<h2 class=\"elementor-heading-title elementor-size-default\">Experto en Investigaci\u00f3n de Personas y Ni\u00f1os Desaparecidos<\/h2>\t\t\t\t<\/div>\n\t\t\t\t<\/div>\n\t\t\t\t\t<\/div>\n\t\t<\/div>\n\t\t\t\t\t<\/div>\n\t\t<\/section>\n\t\t\t\t\t<\/div>\n\t\t<\/div>\n\t\t\t\t\t<\/div>\n\t\t<\/section>\n\t\t\t\t<section class=\"elementor-section elementor-top-section elementor-element elementor-element-f612635 elementor-section-boxed elementor-section-height-default elementor-section-height-default\" data-id=\"f612635\" data-element_type=\"section\">\n\t\t\t\t\t\t<div class=\"elementor-container elementor-column-gap-default\">\n\t\t\t\t\t<div class=\"elementor-column elementor-col-100 elementor-top-column elementor-element elementor-element-74f6fdf\" data-id=\"74f6fdf\" data-element_type=\"column\">\n\t\t\t<div class=\"elementor-widget-wrap elementor-element-populated\">\n\t\t\t\t\t\t<div class=\"elementor-element elementor-element-e59062c elementor-widget elementor-widget-spacer\" data-id=\"e59062c\" data-element_type=\"widget\" data-widget_type=\"spacer.default\">\n\t\t\t\t<div class=\"elementor-widget-container\">\n\t\t\t\t\t\t\t<div class=\"elementor-spacer\">\n\t\t\t<div class=\"elementor-spacer-inner\"><\/div>\n\t\t<\/div>\n\t\t\t\t\t\t<\/div>\n\t\t\t\t<\/div>\n\t\t\t\t<div class=\"elementor-element elementor-element-c329a2a elementor-widget elementor-widget-text-editor\" data-id=\"c329a2a\" data-element_type=\"widget\" data-widget_type=\"text-editor.default\">\n\t\t\t\t<div class=\"elementor-widget-container\">\n\t\t\t\t\t\t\t\t\t<h4>Introducci\u00f3n<\/h4>\n<p>En ausencia de un sistema de investigaci\u00f3n com\u00fan claro y compartido, la figura profesional del \u00abExperto en la investigaci\u00f3n de personas desaparecidas\u00bb desempe\u00f1a un papel fundamental en la coordinaci\u00f3n y el apoyo a las familias, tambi\u00e9n en relaci\u00f3n con el sistema normativo nacional de referencia, los procedimientos de la polic\u00eda y las organizaciones de voluntariado que prestan servicios de apoyo a las familias. El curso pretende formar a cualquier persona interesada en mejorar sus habilidades y conocimientos para crear una figura profesional integrada a nivel europeo y capaz de utilizar todas las herramientas necesarias para apoyar a las familias y a las fuerzas implicadas en la investigaci\u00f3n. <\/p>\n\t\t\t\t\t\t\t\t<\/div>\n\t\t\t\t<\/div>\n\t\t\t\t<div class=\"elementor-element elementor-element-4ab7aed elementor-align-center elementor-widget elementor-widget-button\" data-id=\"4ab7aed\" data-element_type=\"widget\" data-widget_type=\"button.default\">\n\t\t\t\t<div class=\"elementor-widget-container\">\n\t\t\t\t\t\t\t\t\t<div class=\"elementor-button-wrapper\">\n\t\t\t\t\t<a class=\"elementor-button elementor-button-link elementor-size-sm\" href=\"https:\/\/lost.team\/wp-content\/uploads\/2025\/04\/Lost2_ES_Training_Platform_User_Guide.pdf\" target=\"_blank\">\n\t\t\t\t\t\t<span class=\"elementor-button-content-wrapper\">\n\t\t\t\t\t\t\t\t\t<span class=\"elementor-button-text\">Gu\u00eda del usuario<\/span>\n\t\t\t\t\t<\/span>\n\t\t\t\t\t<\/a>\n\t\t\t\t<\/div>\n\t\t\t\t\t\t\t\t<\/div>\n\t\t\t\t<\/div>\n\t\t\t\t<div class=\"elementor-element elementor-element-73799df elementor-widget elementor-widget-ld-courses\" data-id=\"73799df\" data-element_type=\"widget\" data-widget_type=\"ld-courses.default\">\n\t\t\t\t<div class=\"elementor-widget-container\">\n\t\t\t\t\t<div id=\"learndash-content\" class=\"learndash-course-list learndash-course-list--elementor learndash-course-list--classic noTitle noSearch noCourseNavigation noPagination learndash-course-list--featured noMeta\">\n\t<form data-current_page_url=\"https:\/\/lost.team\/es\/todos-los-cursos\/\" id=\"bb-courses-directory-form\" class=\"bb-elementor-widget bb-courses-directory\" method=\"get\" action=\"\">\n\n\n\t\t\t\t\t<input type=\"hidden\" name=\"current_page\" value=\"1\"\/>\n\t\t\t<div class=\"flex align-items-center bb-courses-header\">\n\t\t\t\t\t\t\t\t<\/div>\n\t\t\n\t\t<div class=\"ld-secondary-header\">\n\t\t\t<div class=\"bb-secondary-list-tabs flex align-items-center\" id=\"subnav\" aria-label=\"Members directory secondary navigation\" role=\"navigation\">\n\n\t\t\t\t<input type=\"hidden\" id=\"course-order\" name=\"order\" value=\"desc\"\/>\n\t\t\t\t<input type=\"hidden\" id=\"post-per-page\" name=\"posts_per_page\" value=\"10\"\/>\n\t\t\t\t<input type=\"hidden\" id=\"current-page\" name=\"current_page\" value=\"1\"\/>\n\n\t\t\t\t<div class=\"sfwd-courses-filters flex push-right\">\n\t\t\t\t\t<div class=\"select-wrap hide\">\n\t\t\t\t\t\t<select id=\"sfwd_prs-order-by\" name=\"orderby\">\n\t\t\t\t\t\t\t<option value='alphabetical'  selected='selected'>Alfab\u00e9tico<\/option><option value='recent'>Recientemente creado<\/option>\t\t\t\t\t\t<\/select>\n\t\t\t\t\t<\/div>\n\n\t\t\t\t\t\t\t\t\t\t\t\t<div class=\"select-wrap hide\">\n\t\t\t\t\t\t\t\t\t\t\t\t\t\t\t<\/div>\n\t\t\t\t\t\t\t\n\t\t\t\t\t<div class=\"select-wrap hide\">\n\t\t\t\t\t\t<select id=\"sfwd_instructors-order-by\" name=\"filter-instructors\">\n\t\t\t\t\t\t\t<option value='all'>All Instructors<\/option><option value='3'>Tasos<\/option><option value='2'>george<\/option>\t\t\t\t\t\t<\/select>\n\t\t\t\t\t<\/div>\n\t\t\t\t<\/div>\n\n\t\t\t\t<div class=\"grid-filters hide\" data-view=\"ld-course\">\n\t\t\t\t\t<a href=\"#\" class=\"layout-view layout-view-course layout-grid-view bp-tooltip active\" data-view=\"grid\" data-bp-tooltip-pos=\"up\" data-bp-tooltip=\"Grid View\">\n\t\t\t\t\t\t<i class=\"dashicons dashicons-screenoptions\" aria-hidden=\"true\"><\/i>\n\t\t\t\t\t<\/a>\n\n\t\t\t\t\t<a href=\"#\" class=\"layout-view layout-view-course layout-list-view bp-tooltip \" data-view=\"list\" data-bp-tooltip-pos=\"up\" data-bp-tooltip=\"List View\">\n\t\t\t\t\t\t<i class=\"dashicons dashicons-menu\" aria-hidden=\"true\"><\/i>\n\t\t\t\t\t<\/a>\n\t\t\t\t<\/div>\n\t\t\t<\/div>\n\t\t<\/div>\n\n\t\t<div class=\"grid-view bb-grid grid-box-\">\n\n\t\t\t<div id=\"course-dir-list\" class=\"course-dir-list bs-dir-list columns-default course-dir-list--media course-dir-list--status\">\n\t\t\t\t\t\t\t\t\t<ul class=\"bb-card-list bb-course-items list-view bb-list hide \" aria-live=\"assertive\" aria-relevant=\"all\">\n\t\t\t\t\t\t\n<li class=\"bb-course-item-wrap\">\n\n\t<div class=\"bb-cover-list-item \">\n\t\t<div class=\"bb-course-cover\">\n\t\t\t<a title=\"Curso 0. Prevenir y mitigar el secuestro\" href=\"https:\/\/lost.team\/es\/courses\/curso-0-prevenir-y-mitigar-el-secuestro\/\" class=\"bb-cover-wrap\">\n\t\t\t\t<div class=\"ld-status ld-status-incomplete ld-third-background\">Gratis<\/div>\n\t\t\t\t<img decoding=\"async\" width=\"300\" height=\"158\" src=\"https:\/\/lost.team\/wp-content\/uploads\/2025\/02\/featured-00-300x158.jpg\" class=\"attachment-medium size-medium wp-post-image\" alt=\"\" srcset=\"https:\/\/lost.team\/wp-content\/uploads\/2025\/02\/featured-00-300x158.jpg 300w, https:\/\/lost.team\/wp-content\/uploads\/2025\/02\/featured-00-1024x538.jpg 1024w, https:\/\/lost.team\/wp-content\/uploads\/2025\/02\/featured-00-768x403.jpg 768w, https:\/\/lost.team\/wp-content\/uploads\/2025\/02\/featured-00-624x328.jpg 624w, https:\/\/lost.team\/wp-content\/uploads\/2025\/02\/featured-00.jpg 1200w\" sizes=\"(max-width: 300px) 100vw, 300px\" \/>\t\t\t<\/a>\n\t\t<\/div>\n\n\t\t<div class=\"bb-card-course-details bb-card-course-details--noAccess\">\n\t\t\t<div class=\"course-lesson-count\">2 M\u00f3dulos<\/div>\t\t\t<h2 class=\"bb-course-title \">\n\t\t\t\t<a title=\"Curso 0. Prevenir y mitigar el secuestro\" href=\"https:\/\/lost.team\/es\/courses\/curso-0-prevenir-y-mitigar-el-secuestro\/\">Curso 0. Prevenir y mitigar el secuestro<\/a>\n\t\t\t<\/h2>\n\n\t\t\t\n\t\t\t\n\t\t\t<div class=\"bb-course-excerpt\">\n\t\t\t\tIntroducci\u00f3n El M\u00f3dulo 0 es para cualquier persona interesada en obtener las nociones b\u00e1sicas para prevenir y mitigar el secuestro. El m\u00f3dulo est\u00e1 dividido en&hellip;\t\t\t<\/div>\n\n\t\t\t\t\t<\/div>\n\t<\/div>\n<\/li>\n\n<li class=\"bb-course-item-wrap\">\n\n\t<div class=\"bb-cover-list-item \">\n\t\t<div class=\"bb-course-cover\">\n\t\t\t<a title=\"Curso 1. Asistencia y prevenci\u00f3n\" href=\"https:\/\/lost.team\/es\/courses\/curso-1-asistencia-y-prevencion\/\" class=\"bb-cover-wrap\">\n\t\t\t\t<div class=\"ld-status ld-status-incomplete ld-third-background\">Gratis<\/div>\n\t\t\t\t<img decoding=\"async\" width=\"300\" height=\"158\" src=\"https:\/\/lost.team\/wp-content\/uploads\/2025\/02\/featured-01-300x158.jpg\" class=\"attachment-medium size-medium wp-post-image\" alt=\"\" srcset=\"https:\/\/lost.team\/wp-content\/uploads\/2025\/02\/featured-01-300x158.jpg 300w, https:\/\/lost.team\/wp-content\/uploads\/2025\/02\/featured-01-1024x538.jpg 1024w, https:\/\/lost.team\/wp-content\/uploads\/2025\/02\/featured-01-768x403.jpg 768w, https:\/\/lost.team\/wp-content\/uploads\/2025\/02\/featured-01-624x328.jpg 624w, https:\/\/lost.team\/wp-content\/uploads\/2025\/02\/featured-01.jpg 1200w\" sizes=\"(max-width: 300px) 100vw, 300px\" \/>\t\t\t<\/a>\n\t\t<\/div>\n\n\t\t<div class=\"bb-card-course-details bb-card-course-details--noAccess\">\n\t\t\t<div class=\"course-lesson-count\">3 M\u00f3dulos<\/div>\t\t\t<h2 class=\"bb-course-title \">\n\t\t\t\t<a title=\"Curso 1. Asistencia y prevenci\u00f3n\" href=\"https:\/\/lost.team\/es\/courses\/curso-1-asistencia-y-prevencion\/\">Curso 1. Asistencia y prevenci\u00f3n<\/a>\n\t\t\t<\/h2>\n\n\t\t\t\n\t\t\t\n\t\t\t<div class=\"bb-course-excerpt\">\n\t\t\t\tIntroducci\u00f3n El curso est\u00e1 dise\u00f1ado para abordar la cuesti\u00f3n clave relacionada con las t\u00e9cnicas de comunicaci\u00f3n institucional y la gesti\u00f3n de las relaciones con los&hellip;\t\t\t<\/div>\n\n\t\t\t\t\t<\/div>\n\t<\/div>\n<\/li>\n\n<li class=\"bb-course-item-wrap\">\n\n\t<div class=\"bb-cover-list-item \">\n\t\t<div class=\"bb-course-cover\">\n\t\t\t<a title=\"Curso 2. Apoyo familiar\" href=\"https:\/\/lost.team\/es\/courses\/curso-2-apoyo-familiar\/\" class=\"bb-cover-wrap\">\n\t\t\t\t<div class=\"ld-status ld-status-incomplete ld-third-background\">Gratis<\/div>\n\t\t\t\t<img decoding=\"async\" width=\"300\" height=\"158\" src=\"https:\/\/lost.team\/wp-content\/uploads\/2025\/02\/featured-02-300x158.jpg\" class=\"attachment-medium size-medium wp-post-image\" alt=\"\" srcset=\"https:\/\/lost.team\/wp-content\/uploads\/2025\/02\/featured-02-300x158.jpg 300w, https:\/\/lost.team\/wp-content\/uploads\/2025\/02\/featured-02-1024x538.jpg 1024w, https:\/\/lost.team\/wp-content\/uploads\/2025\/02\/featured-02-768x403.jpg 768w, https:\/\/lost.team\/wp-content\/uploads\/2025\/02\/featured-02-624x328.jpg 624w, https:\/\/lost.team\/wp-content\/uploads\/2025\/02\/featured-02.jpg 1200w\" sizes=\"(max-width: 300px) 100vw, 300px\" \/>\t\t\t<\/a>\n\t\t<\/div>\n\n\t\t<div class=\"bb-card-course-details bb-card-course-details--noAccess\">\n\t\t\t<div class=\"course-lesson-count\">3 M\u00f3dulos<\/div>\t\t\t<h2 class=\"bb-course-title \">\n\t\t\t\t<a title=\"Curso 2. Apoyo familiar\" href=\"https:\/\/lost.team\/es\/courses\/curso-2-apoyo-familiar\/\">Curso 2. Apoyo familiar<\/a>\n\t\t\t<\/h2>\n\n\t\t\t\n\t\t\t\n\t\t\t<div class=\"bb-course-excerpt\">\n\t\t\t\tIntroducci\u00f3n Bienvenido al curso Experto en Investigaci\u00f3n de Personas Desaparecidas y Menores en el marco del proyecto europeo LOST2. Nos embarcamos en un curso de&hellip;\t\t\t<\/div>\n\n\t\t\t\t\t<\/div>\n\t<\/div>\n<\/li>\n\n<li class=\"bb-course-item-wrap\">\n\n\t<div class=\"bb-cover-list-item \">\n\t\t<div class=\"bb-course-cover\">\n\t\t\t<a title=\"Curso 3 Investigaci\u00f3n y aplicaci\u00f3n\" href=\"https:\/\/lost.team\/es\/courses\/curso-3-investigacion-y-aplicacion\/\" class=\"bb-cover-wrap\">\n\t\t\t\t<div class=\"ld-status ld-status-incomplete ld-third-background\">Gratis<\/div>\n\t\t\t\t<img loading=\"lazy\" decoding=\"async\" width=\"300\" height=\"165\" src=\"https:\/\/lost.team\/wp-content\/uploads\/2024\/09\/course3_img_featured-300x165.png\" class=\"attachment-medium size-medium wp-post-image\" alt=\"\" srcset=\"https:\/\/lost.team\/wp-content\/uploads\/2024\/09\/course3_img_featured-300x165.png 300w, https:\/\/lost.team\/wp-content\/uploads\/2024\/09\/course3_img_featured-768x422.png 768w, https:\/\/lost.team\/wp-content\/uploads\/2024\/09\/course3_img_featured-624x343.png 624w, https:\/\/lost.team\/wp-content\/uploads\/2024\/09\/course3_img_featured.png 791w\" sizes=\"(max-width: 300px) 100vw, 300px\" \/>\t\t\t<\/a>\n\t\t<\/div>\n\n\t\t<div class=\"bb-card-course-details bb-card-course-details--noAccess\">\n\t\t\t<div class=\"course-lesson-count\">3 M\u00f3dulos<\/div>\t\t\t<h2 class=\"bb-course-title \">\n\t\t\t\t<a title=\"Curso 3 Investigaci\u00f3n y aplicaci\u00f3n\" href=\"https:\/\/lost.team\/es\/courses\/curso-3-investigacion-y-aplicacion\/\">Curso 3 Investigaci\u00f3n y aplicaci\u00f3n<\/a>\n\t\t\t<\/h2>\n\n\t\t\t\n\t\t\t\n\t\t\t<div class=\"bb-course-excerpt\">\n\t\t\t\tIntroducci\u00f3n Como base para las pr\u00f3ximas acciones, el componente de investigaci\u00f3n implica una indagaci\u00f3n y un an\u00e1lisis en profundidad de la informaci\u00f3n disponible en ese&hellip;\t\t\t<\/div>\n\n\t\t\t\t\t<\/div>\n\t<\/div>\n<\/li>\n\n<li class=\"bb-course-item-wrap\">\n\n\t<div class=\"bb-cover-list-item \">\n\t\t<div class=\"bb-course-cover\">\n\t\t\t<a title=\"Curso 4. Recogida y an\u00e1lisis de datos\" href=\"https:\/\/lost.team\/es\/courses\/curso-4-recogida-y-analisis-de-datos\/\" class=\"bb-cover-wrap\">\n\t\t\t\t<div class=\"ld-status ld-status-incomplete ld-third-background\">Gratis<\/div>\n\t\t\t\t<img loading=\"lazy\" decoding=\"async\" width=\"300\" height=\"158\" src=\"https:\/\/lost.team\/wp-content\/uploads\/2025\/02\/featured-04-300x158.jpg\" class=\"attachment-medium size-medium wp-post-image\" alt=\"\" srcset=\"https:\/\/lost.team\/wp-content\/uploads\/2025\/02\/featured-04-300x158.jpg 300w, https:\/\/lost.team\/wp-content\/uploads\/2025\/02\/featured-04-1024x538.jpg 1024w, https:\/\/lost.team\/wp-content\/uploads\/2025\/02\/featured-04-768x403.jpg 768w, https:\/\/lost.team\/wp-content\/uploads\/2025\/02\/featured-04-624x328.jpg 624w, https:\/\/lost.team\/wp-content\/uploads\/2025\/02\/featured-04.jpg 1200w\" sizes=\"(max-width: 300px) 100vw, 300px\" \/>\t\t\t<\/a>\n\t\t<\/div>\n\n\t\t<div class=\"bb-card-course-details bb-card-course-details--noAccess\">\n\t\t\t<div class=\"course-lesson-count\">3 M\u00f3dulos<\/div>\t\t\t<h2 class=\"bb-course-title \">\n\t\t\t\t<a title=\"Curso 4. Recogida y an\u00e1lisis de datos\" href=\"https:\/\/lost.team\/es\/courses\/curso-4-recogida-y-analisis-de-datos\/\">Curso 4. Recogida y an\u00e1lisis de datos<\/a>\n\t\t\t<\/h2>\n\n\t\t\t\n\t\t\t\n\t\t\t<div class=\"bb-course-excerpt\">\n\t\t\t\tIntroducci\u00f3n Los casos de personas desaparecidas presentan retos \u00fanicos y complejos que requieren un enfoque met\u00f3dico y emp\u00e1tico. Este curso de formaci\u00f3n, \u00abRecogida de datos&hellip;\t\t\t<\/div>\n\n\t\t\t\t\t<\/div>\n\t<\/div>\n<\/li>\n\n<li class=\"bb-course-item-wrap\">\n\n\t<div class=\"bb-cover-list-item \">\n\t\t<div class=\"bb-course-cover\">\n\t\t\t<a title=\"Curso 5. Finalizaci\u00f3n de la investigaci\u00f3n\" href=\"https:\/\/lost.team\/es\/courses\/curso-5-finalizacion-de-la-investigacion\/\" class=\"bb-cover-wrap\">\n\t\t\t\t<div class=\"ld-status ld-status-incomplete ld-third-background\">Gratis<\/div>\n\t\t\t\t<img loading=\"lazy\" decoding=\"async\" width=\"300\" height=\"158\" src=\"https:\/\/lost.team\/wp-content\/uploads\/2025\/02\/featured-05-300x158.jpg\" class=\"attachment-medium size-medium wp-post-image\" alt=\"\" srcset=\"https:\/\/lost.team\/wp-content\/uploads\/2025\/02\/featured-05-300x158.jpg 300w, https:\/\/lost.team\/wp-content\/uploads\/2025\/02\/featured-05-1024x538.jpg 1024w, https:\/\/lost.team\/wp-content\/uploads\/2025\/02\/featured-05-768x403.jpg 768w, https:\/\/lost.team\/wp-content\/uploads\/2025\/02\/featured-05-624x328.jpg 624w, https:\/\/lost.team\/wp-content\/uploads\/2025\/02\/featured-05.jpg 1200w\" sizes=\"(max-width: 300px) 100vw, 300px\" \/>\t\t\t<\/a>\n\t\t<\/div>\n\n\t\t<div class=\"bb-card-course-details bb-card-course-details--noAccess\">\n\t\t\t<div class=\"course-lesson-count\">1 M\u00f3dulo<\/div>\t\t\t<h2 class=\"bb-course-title \">\n\t\t\t\t<a title=\"Curso 5. Finalizaci\u00f3n de la investigaci\u00f3n\" href=\"https:\/\/lost.team\/es\/courses\/curso-5-finalizacion-de-la-investigacion\/\">Curso 5. Finalizaci\u00f3n de la investigaci\u00f3n<\/a>\n\t\t\t<\/h2>\n\n\t\t\t\n\t\t\t\n\t\t\t<div class=\"bb-course-excerpt\">\n\t\t\t\tIntroducci\u00f3n Dentro de la \u00abFase de Investigaci\u00f3n\u00bb es estrat\u00e9gico gestionar la asistencia pr\u00e1ctica a la familia de la persona desaparecida para comprender la motivaci\u00f3n y&hellip;\t\t\t<\/div>\n\n\t\t\t\t\t<\/div>\n\t<\/div>\n<\/li>\n\n<li class=\"bb-course-item-wrap\">\n\n\t<div class=\"bb-cover-list-item \">\n\t\t<div class=\"bb-course-cover\">\n\t\t\t<a title=\"Curso 6. La identificaci\u00f3n de un cad\u00e1ver sin nombre\" href=\"https:\/\/lost.team\/es\/courses\/curso-6-la-identificacion-de-un-cadaver-sin-nombre\/\" class=\"bb-cover-wrap\">\n\t\t\t\t<div class=\"ld-status ld-status-incomplete ld-third-background\">Gratis<\/div>\n\t\t\t\t<img loading=\"lazy\" decoding=\"async\" width=\"300\" height=\"158\" src=\"https:\/\/lost.team\/wp-content\/uploads\/2025\/02\/featured-06-300x158.jpg\" class=\"attachment-medium size-medium wp-post-image\" alt=\"\" srcset=\"https:\/\/lost.team\/wp-content\/uploads\/2025\/02\/featured-06-300x158.jpg 300w, https:\/\/lost.team\/wp-content\/uploads\/2025\/02\/featured-06-1024x538.jpg 1024w, https:\/\/lost.team\/wp-content\/uploads\/2025\/02\/featured-06-768x403.jpg 768w, https:\/\/lost.team\/wp-content\/uploads\/2025\/02\/featured-06-624x328.jpg 624w, https:\/\/lost.team\/wp-content\/uploads\/2025\/02\/featured-06.jpg 1200w\" sizes=\"(max-width: 300px) 100vw, 300px\" \/>\t\t\t<\/a>\n\t\t<\/div>\n\n\t\t<div class=\"bb-card-course-details bb-card-course-details--noAccess\">\n\t\t\t<div class=\"course-lesson-count\">1 M\u00f3dulo<\/div>\t\t\t<h2 class=\"bb-course-title \">\n\t\t\t\t<a title=\"Curso 6. La identificaci\u00f3n de un cad\u00e1ver sin nombre\" href=\"https:\/\/lost.team\/es\/courses\/curso-6-la-identificacion-de-un-cadaver-sin-nombre\/\">Curso 6. La identificaci\u00f3n de un cad\u00e1ver sin nombre<\/a>\n\t\t\t<\/h2>\n\n\t\t\t\n\t\t\t\n\t\t\t<div class=\"bb-course-excerpt\">\n\t\t\t\t<\/div><\/div><\/div><\/li><\/ul><\/div><\/div><\/form><\/div><\/div><\/div><\/div><\/div><\/div><\/section><\/div> <a href=\"https:\/\/lost.team\/es\/courses\/curso-6-la-identificacion-de-un-cadaver-sin-nombre\/#more-11431\" class=\"more-link elementor-more-link\"><span aria-label=\"Sigue leyendo Curso 6. La identificaci\u00f3n de un cad\u00e1ver sin nombre\">(m\u00e1s&hellip;)<\/span><\/a>","protected":false},"excerpt":{"rendered":"<p>Experto en Investigaci\u00f3n de Personas y Ni\u00f1os Desaparecidos Introducci\u00f3n En ausencia de un sistema de investigaci\u00f3n com\u00fan claro y compartido, la figura profesional del \u00abExperto&hellip;<\/p>\n","protected":false},"author":2,"featured_media":0,"parent":0,"menu_order":0,"comment_status":"closed","ping_status":"closed","template":"elementor_header_footer","meta":{"footnotes":""},"class_list":["post-12995","page","type-page","status-publish","hentry"],"_links":{"self":[{"href":"https:\/\/lost.team\/es\/wp-json\/wp\/v2\/pages\/12995","targetHints":{"allow":["GET"]}}],"collection":[{"href":"https:\/\/lost.team\/es\/wp-json\/wp\/v2\/pages"}],"about":[{"href":"https:\/\/lost.team\/es\/wp-json\/wp\/v2\/types\/page"}],"author":[{"embeddable":true,"href":"https:\/\/lost.team\/es\/wp-json\/wp\/v2\/users\/2"}],"replies":[{"embeddable":true,"href":"https:\/\/lost.team\/es\/wp-json\/wp\/v2\/comments?post=12995"}],"version-history":[{"count":7,"href":"https:\/\/lost.team\/es\/wp-json\/wp\/v2\/pages\/12995\/revisions"}],"predecessor-version":[{"id":14229,"href":"https:\/\/lost.team\/es\/wp-json\/wp\/v2\/pages\/12995\/revisions\/14229"}],"wp:attachment":[{"href":"https:\/\/lost.team\/es\/wp-json\/wp\/v2\/media?parent=12995"}],"curies":[{"name":"wp","href":"https:\/\/api.w.org\/{rel}","templated":true}]}}