{"id":3889,"date":"2023-02-01T11:51:35","date_gmt":"2023-02-01T09:51:35","guid":{"rendered":"https:\/\/lost.team\/politica-de-privacidad\/"},"modified":"2023-03-10T18:09:09","modified_gmt":"2023-03-10T16:09:09","slug":"politica-de-privacidad","status":"publish","type":"page","link":"https:\/\/lost.team\/es\/politica-de-privacidad\/","title":{"rendered":"Pol\u00edtica de privacidad"},"content":{"rendered":"\t\t<div data-elementor-type=\"wp-page\" data-elementor-id=\"3889\" class=\"elementor elementor-3889 elementor-3\" data-elementor-post-type=\"page\">\n\t\t\t\t\t\t<section class=\"elementor-section elementor-top-section elementor-element elementor-element-aa89c18 elementor-section-boxed elementor-section-height-default elementor-section-height-default\" data-id=\"aa89c18\" data-element_type=\"section\">\n\t\t\t\t\t\t<div class=\"elementor-container elementor-column-gap-default\">\n\t\t\t\t\t<div class=\"elementor-column elementor-col-100 elementor-top-column elementor-element elementor-element-e05ff85\" data-id=\"e05ff85\" data-element_type=\"column\">\n\t\t\t<div class=\"elementor-widget-wrap elementor-element-populated\">\n\t\t\t\t\t\t<div class=\"elementor-element elementor-element-6329fa73 elementor-widget elementor-widget-text-editor\" data-id=\"6329fa73\" data-element_type=\"widget\" data-widget_type=\"text-editor.default\">\n\t\t\t\t<div class=\"elementor-widget-container\">\n\t\t\t\t\t\t\t\t\t<header class=\"entry-header\">\n<h1 class=\"entry-title\">Pol\u00edtica de privacidad<\/h1>\n<\/header>\n<div class=\"entry-content\">\n<h4>Qui\u00e9nes somos<\/h4>\n<p>La direcci\u00f3n de nuestro sitio web es:<a href=\"https:\/\/lost.team\/es\/\"> https:\/\/lost.team\/<\/a><\/p>\n<h4>Qu\u00e9 datos personales recogemos y por qu\u00e9 los recogemos<\/h4>\n<p>Todos los datos personales que puedan recogerse, se utilizar\u00e1n \u00fanicamente para las necesidades del Proyecto Europeo Erasmus+ <strong>LOST2. <\/strong> <\/p>\n<h4>Comentarios<\/h4>\n<p>Cuando los visitantes dejan comentarios en el sitio, recogemos los datos que aparecen en el formulario de comentarios, as\u00ed como la direcci\u00f3n IP del visitante y la cadena de agentes de usuario del navegador para ayudar a la detecci\u00f3n de spam.<\/p>\n<p>Una cadena an\u00f3nima creada a partir de tu direcci\u00f3n de correo electr\u00f3nico (tambi\u00e9n llamada hash) puede ser proporcionada al servicio Gravatar para ver si lo est\u00e1s utilizando. La pol\u00edtica de privacidad del servicio Gravatar est\u00e1 disponible aqu\u00ed: https:\/\/automattic.com\/privacy\/. Tras la aprobaci\u00f3n de tu comentario, tu foto de perfil es visible para el p\u00fablico en el contexto de tu comentario.<\/p>\n<h4>Medios de comunicaci\u00f3n<\/h4>\n<p>Si subes im\u00e1genes al sitio web, debes evitar subirlas con datos de ubicaci\u00f3n incrustados (EXIF GPS) incluidos. Los visitantes del sitio web pueden descargar y extraer cualquier dato de localizaci\u00f3n de las im\u00e1genes del sitio web.<\/p>\n<h4>Formularios de contacto<\/h4>\n<p>Al rellenar el formulario de contacto con sus Datos, usted autoriza a esta Aplicaci\u00f3n a utilizar dichos datos para responder a las solicitudes de informaci\u00f3n, presupuestos o cualquier otro tipo de petici\u00f3n que se indique en la cabecera del formulario.<\/p>\n<p>Datos personales recogidos: direcci\u00f3n de correo electr\u00f3nico; nombre; apellidos; n\u00famero de tel\u00e9fono.<\/p>\n<h4>Galletas<\/h4>\n<p>Utilizamos cookies, peque\u00f1os archivos que introducimos en su ordenador, para administrar el contenido para los visitantes de nuestro sitio.<br>No utilizamos cookies para rastrear individuos e identificarlos personalmente.<br>Si deja un comentario en nuestro sitio, puede optar por guardar su nombre, direcci\u00f3n de correo electr\u00f3nico y sitio web en las cookies. Son para su comodidad, para que no tenga que volver a rellenar sus datos cuando deje otro comentario. Estas galletas durar\u00e1n un a\u00f1o.<\/p>\n<p>Si visita nuestra p\u00e1gina de inicio de sesi\u00f3n, estableceremos una cookie temporal para determinar si su navegador acepta cookies. Esta cookie no contiene datos personales y se descarta cuando se cierra el navegador.<\/p>\n<p>Al iniciar la sesi\u00f3n, tambi\u00e9n se instalar\u00e1n varias cookies para guardar su informaci\u00f3n de inicio de sesi\u00f3n y sus opciones de visualizaci\u00f3n en pantalla. Las cookies de inicio de sesi\u00f3n duran dos d\u00edas, y las de opciones de pantalla duran un a\u00f1o. Si selecciona \u00abRecordarme\u00bb, su inicio de sesi\u00f3n persistir\u00e1 durante dos semanas. Si cierra la sesi\u00f3n de su cuenta, se eliminar\u00e1n las cookies de inicio de sesi\u00f3n.<\/p>\n<p>Si edita o publica un art\u00edculo, se guardar\u00e1 una cookie adicional en su navegador. Esta cookie no incluye datos personales y simplemente indica el ID del art\u00edculo que acaba de editar. Caduca al cabo de 1 d\u00eda.<\/p>\n<h4>Contenido incrustado de otros sitios web<\/h4>\n<p>Los art\u00edculos de este sitio pueden incluir contenido incrustado (por ejemplo, v\u00eddeos, im\u00e1genes, art\u00edculos, etc.). El contenido incrustado de otros sitios web se comporta exactamente igual que si el visitante hubiera visitado el otro sitio web.<\/p>\n<p>Estos sitios web pueden recopilar datos sobre usted, utilizar cookies, incrustar un seguimiento adicional de terceros y supervisar su interacci\u00f3n con ese contenido incrustado, incluido el seguimiento de su interacci\u00f3n con el contenido incrustado si tiene una cuenta y ha iniciado sesi\u00f3n en ese sitio web.<\/p>\n<h4>Anal\u00edtica<\/h4>\n<p>Los servicios contenidos en esta secci\u00f3n permiten al Propietario supervisar y analizar el tr\u00e1fico web y pueden utilizarse para realizar un seguimiento del comportamiento de los Usuarios.<\/p>\n<p>Google Analytics (Google LLC)<\/p>\n<p>Google Analytics es un servicio de an\u00e1lisis web prestado por Google LLC (\u00abGoogle\u00bb). Google utiliza los Datos recopilados para rastrear y examinar el uso de esta Aplicaci\u00f3n, elaborar informes sobre sus actividades y compartirlos con otros servicios de Google.<\/p>\n<p>Google puede utilizar los Datos recopilados para contextualizar y personalizar los anuncios de su propia red publicitaria.<\/p>\n<p>Datos personales recogidos: Cookies; Datos de uso.<\/p>\n<h5>Cu\u00e1nto tiempo conservamos sus datos<\/h5>\n<p>Si deja un comentario, el comentario y sus metadatos se conservan indefinidamente. Esto es para que podamos reconocer y aprobar cualquier comentario de seguimiento autom\u00e1ticamente en lugar de mantenerlos en una cola de moderaci\u00f3n.<\/p>\n<p>En el caso de los usuarios que se registran en nuestro sitio web (si los hay), tambi\u00e9n almacenamos la informaci\u00f3n personal que proporcionan en su perfil de usuario. Todos los usuarios pueden ver, editar o eliminar su informaci\u00f3n personal en cualquier momento (excepto que no pueden cambiar su nombre de usuario). Los administradores del sitio web tambi\u00e9n pueden ver y editar esa informaci\u00f3n.<\/p>\n<h4>Qu\u00e9 derechos tiene usted sobre sus datos<\/h4>\n<p>Si tiene una cuenta en este sitio, o ha dejado comentarios, puede solicitar que le enviemos un archivo exportado de los datos personales que tenemos sobre usted, incluidos los datos que nos ha proporcionado. Tambi\u00e9n puede solicitar que borremos los datos personales que tenemos sobre usted. Esto no incluye los datos que estamos obligados a conservar por motivos administrativos, legales o de seguridad.<\/p>\n<h4>D\u00f3nde enviamos sus datos<\/h4>\n<p>Los comentarios de los visitantes pueden ser revisados a trav\u00e9s de un servicio autom\u00e1tico de detecci\u00f3n de spam.<\/p>\n<h4>Informaci\u00f3n adicional<\/h4>\n<h5>C\u00f3mo protegemos sus datos<\/h5>\n<p>Los datos personales estar\u00e1n sujetos a salvaguardias adicionales que garanticen la seguridad de su tratamiento. Por ejemplo, nos esforzamos por garantizar que los datos est\u00e9n encriptados cuando est\u00e1n en tr\u00e1nsito y almacenados, y el acceso a estos datos estar\u00e1 estrictamente limitado a un n\u00famero m\u00ednimo de personas y sujeto a compromisos de confidencialidad.<\/p>\n<p>Tomaremos todas las medidas razonablemente necesarias para garantizar que sus datos se tratan de forma segura y de acuerdo con esta Pol\u00edtica. Por desgracia, la transmisi\u00f3n de informaci\u00f3n por Internet no es completamente segura. Aunque haremos todo lo posible por proteger sus datos personales, no podemos garantizar la seguridad de los datos que transmita a cualquiera de nuestros sitios web; cualquier transmisi\u00f3n corre por su cuenta y riesgo. Una vez que hayamos recibido su informaci\u00f3n, utilizaremos procedimientos estrictos y elementos de seguridad para tratar de impedir el acceso no autorizado. Cuando es posible, se utiliza el cifrado, tanto en tr\u00e1nsito como en almacenamiento. Los controles de acceso dentro de la organizaci\u00f3n limitan qui\u00e9n puede acceder a la informaci\u00f3n.<\/p>\n<\/div>\n\t\t\t\t\t\t\t\t<\/div>\n\t\t\t\t<\/div>\n\t\t\t\t\t<\/div>\n\t\t<\/div>\n\t\t\t\t\t<\/div>\n\t\t<\/section>\n\t\t\t\t<\/div>\n\t\t","protected":false},"excerpt":{"rendered":"<p>Pol\u00edtica de privacidad Qui\u00e9nes somos La direcci\u00f3n de nuestro sitio web es: https:\/\/lost.team\/ Qu\u00e9 datos personales recogemos y por qu\u00e9 los recogemos Todos los datos&hellip;<\/p>\n","protected":false},"author":1,"featured_media":0,"parent":0,"menu_order":0,"comment_status":"closed","ping_status":"open","template":"","meta":{"footnotes":""},"class_list":["post-3889","page","type-page","status-publish","hentry"],"_links":{"self":[{"href":"https:\/\/lost.team\/es\/wp-json\/wp\/v2\/pages\/3889","targetHints":{"allow":["GET"]}}],"collection":[{"href":"https:\/\/lost.team\/es\/wp-json\/wp\/v2\/pages"}],"about":[{"href":"https:\/\/lost.team\/es\/wp-json\/wp\/v2\/types\/page"}],"author":[{"embeddable":true,"href":"https:\/\/lost.team\/es\/wp-json\/wp\/v2\/users\/1"}],"replies":[{"embeddable":true,"href":"https:\/\/lost.team\/es\/wp-json\/wp\/v2\/comments?post=3889"}],"version-history":[{"count":0,"href":"https:\/\/lost.team\/es\/wp-json\/wp\/v2\/pages\/3889\/revisions"}],"wp:attachment":[{"href":"https:\/\/lost.team\/es\/wp-json\/wp\/v2\/media?parent=3889"}],"curies":[{"name":"wp","href":"https:\/\/api.w.org\/{rel}","templated":true}]}}