{"id":3895,"date":"2023-02-01T16:09:39","date_gmt":"2023-02-01T14:09:39","guid":{"rendered":"https:\/\/lost.team\/condiciones-de-uso\/"},"modified":"2023-03-10T18:09:06","modified_gmt":"2023-03-10T16:09:06","slug":"condiciones-de-uso","status":"publish","type":"page","link":"https:\/\/lost.team\/es\/condiciones-de-uso\/","title":{"rendered":"Condiciones de uso"},"content":{"rendered":"\t\t<div data-elementor-type=\"wp-page\" data-elementor-id=\"3895\" class=\"elementor elementor-3895 elementor-18\" data-elementor-post-type=\"page\">\n\t\t\t\t\t\t<section class=\"elementor-section elementor-top-section elementor-element elementor-element-068f5d7 elementor-section-boxed elementor-section-height-default elementor-section-height-default\" data-id=\"068f5d7\" data-element_type=\"section\">\n\t\t\t\t\t\t<div class=\"elementor-container elementor-column-gap-default\">\n\t\t\t\t\t<div class=\"elementor-column elementor-col-100 elementor-top-column elementor-element elementor-element-256611e\" data-id=\"256611e\" data-element_type=\"column\">\n\t\t\t<div class=\"elementor-widget-wrap elementor-element-populated\">\n\t\t\t\t\t\t<div class=\"elementor-element elementor-element-1f1332c elementor-widget elementor-widget-text-editor\" data-id=\"1f1332c\" data-element_type=\"widget\" data-widget_type=\"text-editor.default\">\n\t\t\t\t<div class=\"elementor-widget-container\">\n\t\t\t\t\t\t\t\t\t<h2>Condiciones generales<\/h2>\n<p>Lea atentamente estas condiciones antes de utilizar nuestro sitio web <strong>https:\/\/lost.team\/<\/strong>.<\/p>\n<p>Todos los datos personales contenidos en este sitio web se recogen durante la ejecuci\u00f3n del Programa Erasmus + (2021-2027), de conformidad con la normativa de la Comisi\u00f3n Europea. Los datos ser\u00e1n almacenados y tratados por las organizaciones beneficiarias del Programa en virtud del Reglamento (UE) 2016\/679 del Parlamento Europeo y del Consejo, de 27 de abril de 2016, relativo a la protecci\u00f3n de las personas f\u00edsicas en lo que respecta al tratamiento de datos personales y a la libre circulaci\u00f3n de estos datos y por el que se deroga la Directiva 95\/46\/CE (Reglamento general de protecci\u00f3n de datos &#8211; RGPD).<\/p>\n<h4>Condiciones de uso<\/h4>\n<p>Le prestaremos servicios sujetos a las condiciones que se indican a continuaci\u00f3n en este documento. Cada vez que visita este sitio web, acepta las siguientes condiciones. Por eso le instamos a que los lea atentamente.<\/p>\n<h4>Pol\u00edtica de privacidad<\/h4>\n<p>Antes de seguir utilizando nuestro sitio web, le aconsejamos que lea nuestra pol\u00edtica de privacidad relativa a la recogida de datos de nuestros usuarios. Le ayudar\u00e1 a comprender mejor nuestras pr\u00e1cticas.<\/p>\n<h4>Copyright<\/h4>\n<p>El contenido publicado en este sitio web (descargas digitales, im\u00e1genes, textos, gr\u00e1ficos, logotipos) es propiedad de <strong>LOST2<\/strong> y\/o de sus creadores de contenido y est\u00e1 protegido por las leyes internacionales de derechos de autor. La compilaci\u00f3n completa del contenido que se encuentra en este sitio web es propiedad exclusiva de <strong>LOST2, siendo LOST2<\/strong> el autor de los derechos de autor de dicha compilaci\u00f3n.<\/p>\n<h4>Comunicaciones<\/h4>\n<p>Toda la comunicaci\u00f3n con nosotros es electr\u00f3nica. Cada vez que nos env\u00ede un correo electr\u00f3nico o visite nuestro sitio web, se estar\u00e1 comunicando con nosotros. Por la presente da su consentimiento para recibir nuestras comunicaciones. Si se suscribe a las noticias de nuestro sitio web, recibir\u00e1 regularmente correos electr\u00f3nicos nuestros. Seguiremos comunic\u00e1ndonos con usted publicando noticias y avisos en nuestro sitio web y envi\u00e1ndole correos electr\u00f3nicos. Tambi\u00e9n acepta que todos los avisos, divulgaciones, acuerdos y otras comunicaciones que le proporcionemos electr\u00f3nicamente cumplan los requisitos legales de que dichas comunicaciones se realicen por escrito.<\/p>\n<h4>Legislaci\u00f3n aplicable<\/h4>\n<p>Al visitar este sitio web, usted acepta que las leyes del Gobierno griego, sin tener en cuenta los principios de las leyes de conflicto, regir\u00e1n estos t\u00e9rminos y condiciones, o cualquier disputa de cualquier tipo que pueda surgir entre <strong>LOST2 <\/strong> y usted, o sus socios comerciales y asociados.<\/p>\n<h4>Disputas<\/h4>\n<p>Cualquier disputa relacionada de alg\u00fan modo con su visita a este sitio web ser\u00e1 arbitrada por un tribunal estatal o federal del Gobierno griego y usted acepta la jurisdicci\u00f3n y competencia exclusivas de dichos tribunales.<br \/>Comentarios, cr\u00edticas y correos electr\u00f3nicos.<br \/>Los visitantes pueden publicar contenidos siempre que no sean obscenos, ilegales, difamatorios, amenazadores, infrinjan los derechos de propiedad intelectual, invadan la intimidad o perjudiquen de cualquier otro modo a terceros. El contenido debe estar libre de virus inform\u00e1ticos, campa\u00f1as pol\u00edticas y solicitudes comerciales.<br \/>Nos reservamos todos los derechos (pero no la obligaci\u00f3n) de eliminar y\/o editar dicho contenido. Al publicar su contenido, concede a <strong>LOST2<\/strong> el derecho no exclusivo, libre de regal\u00edas e irrevocable de utilizar, reproducir, publicar y modificar dicho contenido en todo el mundo y en cualquier medio.<\/p>\n<h4>Licencia y acceso al sitio<\/h4>\n<p>Le concedemos una licencia limitada para acceder y hacer uso personal de este sitio web. No est\u00e1 permitido descargarlo ni modificarlo. Esto s\u00f3lo puede hacerse con nuestro consentimiento por escrito.<\/p>\n<h4>Cuenta de usuario<\/h4>\n<p>Si usted es titular de una cuenta en este sitio web, es el \u00fanico responsable de mantener la confidencialidad de sus datos privados de usuario (nombre de usuario y contrase\u00f1a). Usted es responsable de todas las actividades que se realicen con su cuenta o contrase\u00f1a.<br \/>Nos reservamos el derecho a cancelar cuentas, editar o eliminar contenidos y cancelar pedidos a nuestra entera discreci\u00f3n.<\/p>\n\t\t\t\t\t\t\t\t<\/div>\n\t\t\t\t<\/div>\n\t\t\t\t\t<\/div>\n\t\t<\/div>\n\t\t\t\t\t<\/div>\n\t\t<\/section>\n\t\t\t\t<\/div>\n\t\t","protected":false},"excerpt":{"rendered":"<p>Condiciones generales Lea atentamente estas condiciones antes de utilizar nuestro sitio web https:\/\/lost.team\/. Todos los datos personales contenidos en este sitio web se recogen durante&hellip;<\/p>\n","protected":false},"author":1,"featured_media":0,"parent":0,"menu_order":0,"comment_status":"closed","ping_status":"closed","template":"","meta":{"footnotes":""},"class_list":["post-3895","page","type-page","status-publish","hentry"],"_links":{"self":[{"href":"https:\/\/lost.team\/es\/wp-json\/wp\/v2\/pages\/3895","targetHints":{"allow":["GET"]}}],"collection":[{"href":"https:\/\/lost.team\/es\/wp-json\/wp\/v2\/pages"}],"about":[{"href":"https:\/\/lost.team\/es\/wp-json\/wp\/v2\/types\/page"}],"author":[{"embeddable":true,"href":"https:\/\/lost.team\/es\/wp-json\/wp\/v2\/users\/1"}],"replies":[{"embeddable":true,"href":"https:\/\/lost.team\/es\/wp-json\/wp\/v2\/comments?post=3895"}],"version-history":[{"count":0,"href":"https:\/\/lost.team\/es\/wp-json\/wp\/v2\/pages\/3895\/revisions"}],"wp:attachment":[{"href":"https:\/\/lost.team\/es\/wp-json\/wp\/v2\/media?parent=3895"}],"curies":[{"name":"wp","href":"https:\/\/api.w.org\/{rel}","templated":true}]}}