{"id":3920,"date":"2023-02-21T17:16:15","date_gmt":"2023-02-21T15:16:15","guid":{"rendered":"https:\/\/lost.team\/reconocimiento-profesional\/"},"modified":"2023-08-30T16:46:23","modified_gmt":"2023-08-30T13:46:23","slug":"reconocimiento-profesional","status":"publish","type":"page","link":"https:\/\/lost.team\/es\/reconocimiento-profesional\/","title":{"rendered":"reconocimiento profesional"},"content":{"rendered":"\t\t<div data-elementor-type=\"wp-page\" data-elementor-id=\"3920\" class=\"elementor elementor-3920 elementor-294\" data-elementor-post-type=\"page\">\n\t\t\t\t\t\t<section class=\"elementor-section elementor-top-section elementor-element elementor-element-24eca65 elementor-section-content-bottom elementor-section-height-min-height elementor-section-items-bottom elementor-section-boxed elementor-section-height-default\" data-id=\"24eca65\" data-element_type=\"section\" data-settings=\"{&quot;background_background&quot;:&quot;video&quot;,&quot;background_video_link&quot;:&quot;https:\\\/\\\/lost.team\\\/wp-content\\\/uploads\\\/2023\\\/07\\\/Lost2-Prof-Recognition-1.m4v&quot;,&quot;shape_divider_bottom&quot;:&quot;opacity-fan&quot;}\">\n\t\t\t\t\t\t\t\t<div class=\"elementor-background-video-container elementor-hidden-mobile\">\n\t\t\t\t\t\t\t\t\t\t\t\t\t<video class=\"elementor-background-video-hosted\" autoplay muted playsinline loop><\/video>\n\t\t\t\t\t\t\t\t\t\t\t<\/div>\n\t\t\t\t\t\t\t\t\t<div class=\"elementor-background-overlay\"><\/div>\n\t\t\t\t\t\t<div class=\"elementor-shape elementor-shape-bottom\" aria-hidden=\"true\" data-negative=\"false\">\n\t\t\t<svg xmlns=\"http:\/\/www.w3.org\/2000\/svg\" viewBox=\"0 0 283.5 19.6\" preserveAspectRatio=\"none\">\n\t<path class=\"elementor-shape-fill\" style=\"opacity:0.33\" d=\"M0 0L0 18.8 141.8 4.1 283.5 18.8 283.5 0z\"\/>\n\t<path class=\"elementor-shape-fill\" style=\"opacity:0.33\" d=\"M0 0L0 12.6 141.8 4 283.5 12.6 283.5 0z\"\/>\n\t<path class=\"elementor-shape-fill\" style=\"opacity:0.33\" d=\"M0 0L0 6.4 141.8 4 283.5 6.4 283.5 0z\"\/>\n\t<path class=\"elementor-shape-fill\" d=\"M0 0L0 1.2 141.8 4 283.5 1.2 283.5 0z\"\/>\n<\/svg>\t\t<\/div>\n\t\t\t\t\t<div class=\"elementor-container elementor-column-gap-default\">\n\t\t\t\t\t<div class=\"elementor-column elementor-col-100 elementor-top-column elementor-element elementor-element-678c580b\" data-id=\"678c580b\" data-element_type=\"column\">\n\t\t\t<div class=\"elementor-widget-wrap elementor-element-populated\">\n\t\t\t\t\t\t<section class=\"elementor-section elementor-inner-section elementor-element elementor-element-2d0b1b2b elementor-section-content-middle elementor-section-boxed elementor-section-height-default elementor-section-height-default\" data-id=\"2d0b1b2b\" data-element_type=\"section\">\n\t\t\t\t\t\t<div class=\"elementor-container elementor-column-gap-default\">\n\t\t\t\t\t<div class=\"elementor-column elementor-col-50 elementor-inner-column elementor-element elementor-element-14e9112\" data-id=\"14e9112\" data-element_type=\"column\">\n\t\t\t<div class=\"elementor-widget-wrap elementor-element-populated\">\n\t\t\t\t\t\t<div class=\"elementor-element elementor-element-72167217 e-transform elementor-widget elementor-widget-heading\" data-id=\"72167217\" data-element_type=\"widget\" data-settings=\"{&quot;_transform_rotateZ_effect&quot;:{&quot;unit&quot;:&quot;px&quot;,&quot;size&quot;:-90,&quot;sizes&quot;:[]},&quot;_transform_rotateZ_effect_tablet&quot;:{&quot;unit&quot;:&quot;deg&quot;,&quot;size&quot;:&quot;&quot;,&quot;sizes&quot;:[]},&quot;_transform_rotateZ_effect_mobile&quot;:{&quot;unit&quot;:&quot;deg&quot;,&quot;size&quot;:&quot;&quot;,&quot;sizes&quot;:[]}}\" data-widget_type=\"heading.default\">\n\t\t\t\t<div class=\"elementor-widget-container\">\n\t\t\t\t\t<h1 class=\"elementor-heading-title elementor-size-default\">reconocimiento profesional<\/h1>\t\t\t\t<\/div>\n\t\t\t\t<\/div>\n\t\t\t\t\t<\/div>\n\t\t<\/div>\n\t\t\t\t<div class=\"elementor-column elementor-col-50 elementor-inner-column elementor-element elementor-element-77444a8d\" data-id=\"77444a8d\" data-element_type=\"column\" data-settings=\"{&quot;background_background&quot;:&quot;classic&quot;}\">\n\t\t\t<div class=\"elementor-widget-wrap elementor-element-populated\">\n\t\t\t\t\t\t<div class=\"elementor-element elementor-element-2d68c3e5 elementor-widget elementor-widget-text-editor\" data-id=\"2d68c3e5\" data-element_type=\"widget\" data-widget_type=\"text-editor.default\">\n\t\t\t\t<div class=\"elementor-widget-container\">\n\t\t\t\t\t\t\t\t\t<p>El proyecto LOST2 proporciona un Diccionario de Competencias actualizado que identifica las habilidades y conocimientos esenciales necesarios para las mejores pr\u00e1cticas en las investigaciones y la gesti\u00f3n de las relaciones con las familias de los menores desaparecidos.<\/p>\n<p>El proyecto ofrece una documentaci\u00f3n preparatoria para la cualificaci\u00f3n, que incluye definiciones de los contextos social y jur\u00eddico, an\u00e1lisis de las mejores pr\u00e1cticas y un Diccionario de Competencias basado en un modelo de competencias alineado con el Marco Europeo de Cualificaciones.<\/p>\n\t\t\t\t\t\t\t\t<\/div>\n\t\t\t\t<\/div>\n\t\t\t\t\t<\/div>\n\t\t<\/div>\n\t\t\t\t\t<\/div>\n\t\t<\/section>\n\t\t\t\t<div class=\"elementor-element elementor-element-dfcfb5f elementor-align-center elementor-widget elementor-widget-button\" data-id=\"dfcfb5f\" data-element_type=\"widget\" data-widget_type=\"button.default\">\n\t\t\t\t<div class=\"elementor-widget-container\">\n\t\t\t\t\t\t\t\t\t<div class=\"elementor-button-wrapper\">\n\t\t\t\t\t<a class=\"elementor-button elementor-button-link elementor-size-sm\" href=\"#1\">\n\t\t\t\t\t\t<span class=\"elementor-button-content-wrapper\">\n\t\t\t\t\t\t<span class=\"elementor-button-icon\">\n\t\t\t\t<i aria-hidden=\"true\" class=\"fas fa-angle-down\"><\/i>\t\t\t<\/span>\n\t\t\t\t\t\t\t\t\t<span class=\"elementor-button-text\">m\u00e1s<\/span>\n\t\t\t\t\t<\/span>\n\t\t\t\t\t<\/a>\n\t\t\t\t<\/div>\n\t\t\t\t\t\t\t\t<\/div>\n\t\t\t\t<\/div>\n\t\t\t\t\t<\/div>\n\t\t<\/div>\n\t\t\t\t\t<\/div>\n\t\t<\/section>\n\t\t\t\t<section class=\"elementor-section elementor-top-section elementor-element elementor-element-0f34d29 elementor-section-boxed elementor-section-height-default elementor-section-height-default\" data-id=\"0f34d29\" data-element_type=\"section\" id=\"1\" data-settings=\"{&quot;shape_divider_top&quot;:&quot;opacity-fan&quot;}\">\n\t\t\t\t\t<div class=\"elementor-shape elementor-shape-top\" aria-hidden=\"true\" data-negative=\"false\">\n\t\t\t<svg xmlns=\"http:\/\/www.w3.org\/2000\/svg\" viewBox=\"0 0 283.5 19.6\" preserveAspectRatio=\"none\">\n\t<path class=\"elementor-shape-fill\" style=\"opacity:0.33\" d=\"M0 0L0 18.8 141.8 4.1 283.5 18.8 283.5 0z\"\/>\n\t<path class=\"elementor-shape-fill\" style=\"opacity:0.33\" d=\"M0 0L0 12.6 141.8 4 283.5 12.6 283.5 0z\"\/>\n\t<path class=\"elementor-shape-fill\" style=\"opacity:0.33\" d=\"M0 0L0 6.4 141.8 4 283.5 6.4 283.5 0z\"\/>\n\t<path class=\"elementor-shape-fill\" d=\"M0 0L0 1.2 141.8 4 283.5 1.2 283.5 0z\"\/>\n<\/svg>\t\t<\/div>\n\t\t\t\t\t<div class=\"elementor-container elementor-column-gap-default\">\n\t\t\t\t\t<div class=\"elementor-column elementor-col-100 elementor-top-column elementor-element elementor-element-689800c\" data-id=\"689800c\" data-element_type=\"column\">\n\t\t\t<div class=\"elementor-widget-wrap elementor-element-populated\">\n\t\t\t\t\t\t<div class=\"elementor-element elementor-element-cb08453 elementor-widget elementor-widget-spacer\" data-id=\"cb08453\" data-element_type=\"widget\" data-widget_type=\"spacer.default\">\n\t\t\t\t<div class=\"elementor-widget-container\">\n\t\t\t\t\t\t\t<div class=\"elementor-spacer\">\n\t\t\t<div class=\"elementor-spacer-inner\"><\/div>\n\t\t<\/div>\n\t\t\t\t\t\t<\/div>\n\t\t\t\t<\/div>\n\t\t\t\t<div class=\"elementor-element elementor-element-7cea765f elementor-widget elementor-widget-text-editor\" data-id=\"7cea765f\" data-element_type=\"widget\" data-widget_type=\"text-editor.default\">\n\t\t\t\t<div class=\"elementor-widget-container\">\n\t\t\t\t\t\t\t\t\t<p>El problema de los ni\u00f1os refugiados no acompa\u00f1ados que han desaparecido tras llegar a Europa es una preocupaci\u00f3n creciente en varios pa\u00edses europeos, como\u00a0<strong>Italia, Grecia, Portugal, Espa\u00f1a, B\u00e9lgica y Noruega<\/strong>. Para abordar esta cuesti\u00f3n, realizamos un estudio de los diferentes contextos sociales y jur\u00eddicos de estos pa\u00edses, incluida la forma en que las instituciones de la UE, como la Comisi\u00f3n Europea y el Parlamento, gestionan el fen\u00f3meno, en particular la cuesti\u00f3n de los ni\u00f1os desaparecidos.<\/p><p>La encuesta pretende identificar los factores que contribuyen a la desaparici\u00f3n de ni\u00f1os refugiados no acompa\u00f1ados y las dificultades para localizarlos. Los resultados de la encuesta contribuir\u00e1n a la actualizaci\u00f3n\u00a0<strong>del Diccionario de Competencias<\/strong>, que identificar\u00e1 las habilidades, conocimientos y comportamientos esenciales necesarios para las mejores pr\u00e1cticas en la investigaci\u00f3n y gesti\u00f3n de las relaciones con las familias de los menores desaparecidos.<\/p><p>El<strong>\u00a0Diccionario de Competencias<\/strong>\u00a0es un componente fundamental del proyecto, ya que\u00a0<strong>contribuir\u00e1 a establecer una cualificaci\u00f3n para los profesionales y expertos implicados en la investigaci\u00f3n de personas y ni\u00f1os desaparecidos<\/strong>. El t\u00edtulo ser\u00e1\u00a0<strong>reconocido en Italia, Grecia, Portugal, Espa\u00f1a y Noruega<\/strong>, y constar\u00e1 de tres secciones:<\/p><ul><li>Definici\u00f3n de los contextos sociales y jur\u00eddicos y de las caracter\u00edsticas del fen\u00f3meno de las personas desaparecidas en los pa\u00edses de la UE y a escala de la UE;<\/li><li>an\u00e1lisis de las mejores pr\u00e1cticas en t\u00e9cnicas\/procedimientos de investigaci\u00f3n y medidas proporcionadas por instituciones locales y nacionales y asociaciones de ONG;<\/li><li>un Diccionario de Competencias que identifique las competencias espec\u00edficas de los profesionales y expertos en la investigaci\u00f3n de personas y ni\u00f1os desaparecidos.<\/li><\/ul>\t\t\t\t\t\t\t\t<\/div>\n\t\t\t\t<\/div>\n\t\t\t\t<section class=\"elementor-section elementor-inner-section elementor-element elementor-element-d946537 elementor-section-content-bottom elementor-section-boxed elementor-section-height-default elementor-section-height-default\" data-id=\"d946537\" data-element_type=\"section\">\n\t\t\t\t\t\t<div class=\"elementor-container elementor-column-gap-default\">\n\t\t\t\t\t<div class=\"elementor-column elementor-col-50 elementor-inner-column elementor-element elementor-element-ab7e480\" data-id=\"ab7e480\" data-element_type=\"column\">\n\t\t\t<div class=\"elementor-widget-wrap elementor-element-populated\">\n\t\t\t\t\t\t<div class=\"elementor-element elementor-element-214588d6 elementor-widget elementor-widget-text-editor\" data-id=\"214588d6\" data-element_type=\"widget\" data-widget_type=\"text-editor.default\">\n\t\t\t\t<div class=\"elementor-widget-container\">\n\t\t\t\t\t\t\t\t\t<p>La metodolog\u00eda utilizada para el Diccionario de Competencias se basa en un modelo de competencias alineado con el Marco Europeo de Cualificaciones (MEC) y responde a la Clasificaci\u00f3n Europea Uniforme de Ocupaciones (ESCO). El modelo ayuda a garantizar que\u00a0<strong>las competencias identificadas sean reconocidas y transferibles entre distintos pa\u00edses<\/strong>\u00a0y a\u00a0<strong>apoyar la movilidad de profesionales y expertos<\/strong>.<\/p><p><a href=\"https:\/\/lost.team\/es\/\" target=\"_blank\" rel=\"noopener\"><strong>LOST2<\/strong><\/a>\u00a0tambi\u00e9n contribuye al desarrollo de<strong>\u00a0las mejores pr\u00e1cticas en t\u00e9cnicas y procedimientos de investigaci\u00f3n<\/strong>, as\u00ed como de\u00a0<strong>medidas proporcionadas por instituciones locales y nacionales y asociaciones de ONG<\/strong>. Estas buenas pr\u00e1cticas ayudar\u00e1n a mejorar la eficacia y la eficiencia de los esfuerzos para localizar a los ni\u00f1os refugiados no acompa\u00f1ados desaparecidos.<\/p><p>Se\u00a0<strong>espera<\/strong>\u00a0que el\u00a0<strong>Diccionario de Competencias desempe\u00f1e un papel fundamental en el establecimiento de una cualificaci\u00f3n para los profesionales y expertos implicados en la investigaci\u00f3n de personas y ni\u00f1os desaparecidos<\/strong>. La cualificaci\u00f3n ayudar\u00e1 a garantizar que los profesionales y expertos tengan las habilidades, conocimientos y comportamientos necesarios para investigar y gestionar eficazmente las relaciones con las familias de los menores desaparecidos. Esto mejorar\u00e1 la calidad de los esfuerzos por localizar a los menores refugiados no acompa\u00f1ados desaparecidos, lo que redundar\u00e1 en mejores resultados para los ni\u00f1os y sus familias.<\/p>\t\t\t\t\t\t\t\t<\/div>\n\t\t\t\t<\/div>\n\t\t\t\t\t<\/div>\n\t\t<\/div>\n\t\t\t\t<div class=\"elementor-column elementor-col-50 elementor-inner-column elementor-element elementor-element-9632918\" data-id=\"9632918\" data-element_type=\"column\">\n\t\t\t<div class=\"elementor-widget-wrap elementor-element-populated\">\n\t\t\t\t\t\t<div class=\"elementor-element elementor-element-1171dd4 elementor-widget elementor-widget-image\" data-id=\"1171dd4\" data-element_type=\"widget\" data-widget_type=\"image.default\">\n\t\t\t\t<div class=\"elementor-widget-container\">\n\t\t\t\t\t\t\t\t\t\t\t\t\t\t\t<img fetchpriority=\"high\" decoding=\"async\" width=\"1000\" height=\"666\" src=\"https:\/\/lost.team\/wp-content\/uploads\/2023\/07\/Lost2-prof-recogn-e1689596963997.png\" class=\"attachment-full size-full wp-image-6606\" alt=\"\" \/>\t\t\t\t\t\t\t\t\t\t\t\t\t\t\t<\/div>\n\t\t\t\t<\/div>\n\t\t\t\t\t<\/div>\n\t\t<\/div>\n\t\t\t\t\t<\/div>\n\t\t<\/section>\n\t\t\t\t<div class=\"elementor-element elementor-element-f3e02a6 elementor-widget elementor-widget-tp-countdown\" data-id=\"f3e02a6\" data-element_type=\"widget\" data-widget_type=\"tp-countdown.default\">\n\t\t\t\t<div class=\"elementor-widget-container\">\n\t\t\t\t\t<div class=\"tp-countdown tp-widget-f3e02a6 countdown-style-1\" data-basic=\"{&quot;widgetid&quot;:&quot;f3e02a6&quot;,&quot;type&quot;:&quot;normal&quot;,&quot;style&quot;:&quot;style-1&quot;,&quot;expiry&quot;:&quot;none&quot;,&quot;days&quot;:&quot;D\\u00edas&quot;,&quot;hours&quot;:&quot;Horas&quot;,&quot;minutes&quot;:&quot;Actas&quot;,&quot;seconds&quot;:&quot;Segundos&quot;,&quot;daysenable&quot;:true,&quot;hoursenable&quot;:true,&quot;minutesenable&quot;:true,&quot;secondsenable&quot;:true,&quot;offset&quot;:3,&quot;normalexpiry&quot;:false,&quot;timer&quot;:&quot;03\\\/01\\\/2024 14:27:00&quot;}\"  ><ul class=\"pt_plus_countdown count_down69ebc1758a192 count-inline-style \" ><li class=\"count_1 \"><span class=\"days\">00<\/span><p class=\"days_ref label-ref\">D\u00edas<\/p><\/li><li class=\"count_2 \"><span class=\"hours\">00<\/span><p class=\"hours_ref label-ref\">Horas<\/p><\/li><li class=\"count_3 \"><span class=\"minutes\">00<\/span><p class=\"minutes_ref label-ref\">Actas<\/p><\/li><li class=\"count_4 \"><span class=\"seconds last\">00<\/span><p class=\"seconds_ref label-ref\">Segundos<\/p><\/li><\/ul><\/div>\t\t\t\t<\/div>\n\t\t\t\t<\/div>\n\t\t\t\t\t<\/div>\n\t\t<\/div>\n\t\t\t\t\t<\/div>\n\t\t<\/section>\n\t\t\t\t<\/div>\n\t\t","protected":false},"excerpt":{"rendered":"<p>reconocimiento profesional El proyecto LOST2 proporciona un Diccionario de Competencias actualizado que identifica las habilidades y conocimientos esenciales necesarios para las mejores pr\u00e1cticas en las&hellip;<\/p>\n","protected":false},"author":1,"featured_media":0,"parent":0,"menu_order":0,"comment_status":"closed","ping_status":"closed","template":"elementor_header_footer","meta":{"footnotes":""},"class_list":["post-3920","page","type-page","status-publish","hentry"],"_links":{"self":[{"href":"https:\/\/lost.team\/es\/wp-json\/wp\/v2\/pages\/3920","targetHints":{"allow":["GET"]}}],"collection":[{"href":"https:\/\/lost.team\/es\/wp-json\/wp\/v2\/pages"}],"about":[{"href":"https:\/\/lost.team\/es\/wp-json\/wp\/v2\/types\/page"}],"author":[{"embeddable":true,"href":"https:\/\/lost.team\/es\/wp-json\/wp\/v2\/users\/1"}],"replies":[{"embeddable":true,"href":"https:\/\/lost.team\/es\/wp-json\/wp\/v2\/comments?post=3920"}],"version-history":[{"count":5,"href":"https:\/\/lost.team\/es\/wp-json\/wp\/v2\/pages\/3920\/revisions"}],"predecessor-version":[{"id":6848,"href":"https:\/\/lost.team\/es\/wp-json\/wp\/v2\/pages\/3920\/revisions\/6848"}],"wp:attachment":[{"href":"https:\/\/lost.team\/es\/wp-json\/wp\/v2\/media?parent=3920"}],"curies":[{"name":"wp","href":"https:\/\/api.w.org\/{rel}","templated":true}]}}