{"id":3942,"date":"2023-02-21T13:58:57","date_gmt":"2023-02-21T11:58:57","guid":{"rendered":"https:\/\/lost.team\/formacion\/"},"modified":"2025-04-04T10:31:14","modified_gmt":"2025-04-04T07:31:14","slug":"formacion","status":"publish","type":"page","link":"https:\/\/lost.team\/es\/formacion\/","title":{"rendered":"Formaci\u00f3n"},"content":{"rendered":"\t\t<div data-elementor-type=\"wp-page\" data-elementor-id=\"3942\" class=\"elementor elementor-3942 elementor-245\" data-elementor-post-type=\"page\">\n\t\t\t\t\t\t<section class=\"elementor-section elementor-top-section elementor-element elementor-element-764605d elementor-section-height-min-height elementor-section-items-bottom elementor-section-content-bottom elementor-section-boxed elementor-section-height-default\" data-id=\"764605d\" data-element_type=\"section\" data-settings=\"{&quot;background_background&quot;:&quot;video&quot;,&quot;background_video_link&quot;:&quot;https:\\\/\\\/lost.team\\\/wp-content\\\/uploads\\\/2023\\\/07\\\/Lost2-Training-1.m4v&quot;,&quot;shape_divider_bottom&quot;:&quot;opacity-fan&quot;}\">\n\t\t\t\t\t\t\t\t<div class=\"elementor-background-video-container elementor-hidden-mobile\">\n\t\t\t\t\t\t\t\t\t\t\t\t\t<video class=\"elementor-background-video-hosted\" autoplay muted playsinline loop><\/video>\n\t\t\t\t\t\t\t\t\t\t\t<\/div>\n\t\t\t\t\t\t\t\t\t<div class=\"elementor-background-overlay\"><\/div>\n\t\t\t\t\t\t<div class=\"elementor-shape elementor-shape-bottom\" aria-hidden=\"true\" data-negative=\"false\">\n\t\t\t<svg xmlns=\"http:\/\/www.w3.org\/2000\/svg\" viewBox=\"0 0 283.5 19.6\" preserveAspectRatio=\"none\">\n\t<path class=\"elementor-shape-fill\" style=\"opacity:0.33\" d=\"M0 0L0 18.8 141.8 4.1 283.5 18.8 283.5 0z\"\/>\n\t<path class=\"elementor-shape-fill\" style=\"opacity:0.33\" d=\"M0 0L0 12.6 141.8 4 283.5 12.6 283.5 0z\"\/>\n\t<path class=\"elementor-shape-fill\" style=\"opacity:0.33\" d=\"M0 0L0 6.4 141.8 4 283.5 6.4 283.5 0z\"\/>\n\t<path class=\"elementor-shape-fill\" d=\"M0 0L0 1.2 141.8 4 283.5 1.2 283.5 0z\"\/>\n<\/svg>\t\t<\/div>\n\t\t\t\t\t<div class=\"elementor-container elementor-column-gap-default\">\n\t\t\t\t\t<div class=\"elementor-column elementor-col-100 elementor-top-column elementor-element elementor-element-e9a4c7b\" data-id=\"e9a4c7b\" data-element_type=\"column\">\n\t\t\t<div class=\"elementor-widget-wrap elementor-element-populated\">\n\t\t\t\t\t\t<section class=\"elementor-section elementor-inner-section elementor-element elementor-element-e993e0b elementor-section-content-middle elementor-section-boxed elementor-section-height-default elementor-section-height-default\" data-id=\"e993e0b\" data-element_type=\"section\">\n\t\t\t\t\t\t<div class=\"elementor-container elementor-column-gap-default\">\n\t\t\t\t\t<div class=\"elementor-column elementor-col-50 elementor-inner-column elementor-element elementor-element-f6f23fe\" data-id=\"f6f23fe\" data-element_type=\"column\">\n\t\t\t<div class=\"elementor-widget-wrap elementor-element-populated\">\n\t\t\t\t\t\t<div class=\"elementor-element elementor-element-9d50cdd e-transform elementor-widget elementor-widget-heading\" data-id=\"9d50cdd\" data-element_type=\"widget\" data-settings=\"{&quot;_transform_rotateZ_effect&quot;:{&quot;unit&quot;:&quot;px&quot;,&quot;size&quot;:-90,&quot;sizes&quot;:[]},&quot;_transform_rotateZ_effect_tablet&quot;:{&quot;unit&quot;:&quot;deg&quot;,&quot;size&quot;:&quot;&quot;,&quot;sizes&quot;:[]},&quot;_transform_rotateZ_effect_mobile&quot;:{&quot;unit&quot;:&quot;deg&quot;,&quot;size&quot;:&quot;&quot;,&quot;sizes&quot;:[]}}\" data-widget_type=\"heading.default\">\n\t\t\t\t<div class=\"elementor-widget-container\">\n\t\t\t\t\t<h1 class=\"elementor-heading-title elementor-size-default\">formaci\u00f3n  <\/h1>\t\t\t\t<\/div>\n\t\t\t\t<\/div>\n\t\t\t\t\t<\/div>\n\t\t<\/div>\n\t\t\t\t<div class=\"elementor-column elementor-col-50 elementor-inner-column elementor-element elementor-element-9ac34dc\" data-id=\"9ac34dc\" data-element_type=\"column\" data-settings=\"{&quot;background_background&quot;:&quot;classic&quot;}\">\n\t\t\t<div class=\"elementor-widget-wrap elementor-element-populated\">\n\t\t\t\t\t\t<div class=\"elementor-element elementor-element-92157f4 elementor-widget elementor-widget-text-editor\" data-id=\"92157f4\" data-element_type=\"widget\" data-widget_type=\"text-editor.default\">\n\t\t\t\t<div class=\"elementor-widget-container\">\n\t\t\t\t\t<div class=\"bb-theme-elementor-wrap bb-elementor-custom-color\">\t\t\t\t<p>En\u00a0<span style=\"color: #ffffff;\"><a style=\"color: #ffffff;\" href=\"https:\/\/lost.team\/es\/\"><strong>LOST2<\/strong><\/a>\u00a0<\/span>incluye el dise\u00f1o de un sistema de formaci\u00f3n conjunta que incorpora unidades formativas modulares para la adquisici\u00f3n de las competencias y conocimientos necesarios para el nuevo perfil profesional de \u201d\u00a0<strong>Experto en Investigaci\u00f3n de Personas Desaparecidas y Menores\u00a0<\/strong>.\u201d<\/p><p>La formaci\u00f3n incluye un m\u00f3dulo de sensibilizaci\u00f3n sobre personas desaparecidas, dirigido a profesores, ONG, autoridades locales, familias y j\u00f3venes en situaci\u00f3n de riesgo.<\/p><p>El programa tambi\u00e9n incluye una plataforma en l\u00ednea para que los beneficiarios y las partes interesadas se re\u00fanan e interact\u00faen.<\/p>\t\t\t\t<\/div>\t\t\t\t<\/div>\n\t\t\t\t<\/div>\n\t\t\t\t\t<\/div>\n\t\t<\/div>\n\t\t\t\t\t<\/div>\n\t\t<\/section>\n\t\t\t\t<div class=\"elementor-element elementor-element-9f54ea0 elementor-align-center elementor-widget elementor-widget-button\" data-id=\"9f54ea0\" data-element_type=\"widget\" data-widget_type=\"button.default\">\n\t\t\t\t<div class=\"elementor-widget-container\">\n\t\t\t\t\t\t\t\t\t<div class=\"elementor-button-wrapper\">\n\t\t\t\t\t<a class=\"elementor-button elementor-button-link elementor-size-sm\" href=\"#1\">\n\t\t\t\t\t\t<span class=\"elementor-button-content-wrapper\">\n\t\t\t\t\t\t<span class=\"elementor-button-icon\">\n\t\t\t\t<i aria-hidden=\"true\" class=\"fas fa-angle-down\"><\/i>\t\t\t<\/span>\n\t\t\t\t\t\t\t\t\t<span class=\"elementor-button-text\">m\u00e1s<\/span>\n\t\t\t\t\t<\/span>\n\t\t\t\t\t<\/a>\n\t\t\t\t<\/div>\n\t\t\t\t\t\t\t\t<\/div>\n\t\t\t\t<\/div>\n\t\t\t\t\t<\/div>\n\t\t<\/div>\n\t\t\t\t\t<\/div>\n\t\t<\/section>\n\t\t\t\t<section class=\"elementor-section elementor-top-section elementor-element elementor-element-b2ba4a0 elementor-section-content-middle elementor-section-boxed elementor-section-height-default elementor-section-height-default\" data-id=\"b2ba4a0\" data-element_type=\"section\" id=\"1\" data-settings=\"{&quot;shape_divider_top&quot;:&quot;opacity-fan&quot;}\">\n\t\t\t\t\t<div class=\"elementor-shape elementor-shape-top\" aria-hidden=\"true\" data-negative=\"false\">\n\t\t\t<svg xmlns=\"http:\/\/www.w3.org\/2000\/svg\" viewBox=\"0 0 283.5 19.6\" preserveAspectRatio=\"none\">\n\t<path class=\"elementor-shape-fill\" style=\"opacity:0.33\" d=\"M0 0L0 18.8 141.8 4.1 283.5 18.8 283.5 0z\"\/>\n\t<path class=\"elementor-shape-fill\" style=\"opacity:0.33\" d=\"M0 0L0 12.6 141.8 4 283.5 12.6 283.5 0z\"\/>\n\t<path class=\"elementor-shape-fill\" style=\"opacity:0.33\" d=\"M0 0L0 6.4 141.8 4 283.5 6.4 283.5 0z\"\/>\n\t<path class=\"elementor-shape-fill\" d=\"M0 0L0 1.2 141.8 4 283.5 1.2 283.5 0z\"\/>\n<\/svg>\t\t<\/div>\n\t\t\t\t\t<div class=\"elementor-container elementor-column-gap-default\">\n\t\t\t\t\t<div class=\"elementor-column elementor-col-100 elementor-top-column elementor-element elementor-element-22f4b90\" data-id=\"22f4b90\" data-element_type=\"column\">\n\t\t\t<div class=\"elementor-widget-wrap elementor-element-populated\">\n\t\t\t\t\t\t<div class=\"elementor-element elementor-element-eee9f9c elementor-widget elementor-widget-spacer\" data-id=\"eee9f9c\" data-element_type=\"widget\" data-widget_type=\"spacer.default\">\n\t\t\t\t<div class=\"elementor-widget-container\">\n\t\t\t\t\t\t\t<div class=\"elementor-spacer\">\n\t\t\t<div class=\"elementor-spacer-inner\"><\/div>\n\t\t<\/div>\n\t\t\t\t\t\t<\/div>\n\t\t\t\t<\/div>\n\t\t\t\t<div class=\"elementor-element elementor-element-ead4b96 elementor-widget elementor-widget-text-editor\" data-id=\"ead4b96\" data-element_type=\"widget\" data-widget_type=\"text-editor.default\">\n\t\t\t\t<div class=\"elementor-widget-container\">\n\t\t\t\t\t\t\t\t\t<p>En<strong><a href=\"https:\/\/lost.team\/es\/\" target=\"_blank\" rel=\"noopener\">\u00a0LOST2<\/a><\/strong>\u00a0es un programa que pretende abordar el problema de las personas y menores desaparecidos en Europa mediante el desarrollo de un sistema europeo cohesionado de investigaci\u00f3n de personas y menores desaparecidos. El programa se centra en la creaci\u00f3n de un sistema europeo eficaz de investigaci\u00f3n mediante la definici\u00f3n de un perfil profesional europeo b\u00e1sico del \u201c<strong>Experto en Investigaci\u00f3n de Personas Desaparecidas y Menores<\/strong>que incluir\u00e1 el dise\u00f1o de un sistema conjunto de formaci\u00f3n que incorpore unidades formativas modulares para la adquisici\u00f3n de las competencias y conocimientos necesarios para el nuevo perfil profesional.<\/p><p>La articulaci\u00f3n modular del curso de formaci\u00f3n est\u00e1 prevista a partir de las Unidades, que se agregan en el Diccionario de Competencias. El enfoque modular es \u00fatil para definir el plan de aprendizaje completo para ejercer la profesi\u00f3n, acompa\u00f1ado de los requisitos previos de acceso. El dise\u00f1o modular permite a los beneficiarios seleccionar uno o varios m\u00f3dulos para proponer ofertas de formaci\u00f3n en respuesta a necesidades espec\u00edficas, generalmente de especializaci\u00f3n\/actualizaci\u00f3n, para profesionales que ya realizan actividades similares a las previstas por el nuevo perfil profesional.<\/p><p>Existe un m\u00f3dulo \u201ccero\u201d no estrictamente vinculado a la figura profesional, cuyo objetivo es sensibilizar sobre el fen\u00f3meno de las personas desaparecidas. El m\u00f3dulo est\u00e1 dirigido a un p\u00fablico \u201camplio\u201d, que incluye profesores, escuelas, operadores de ONG, responsables de autoridades locales, familias y, especialmente, j\u00f3venes y menores en riesgo de \u201cdesaparici\u00f3n\u201d. Los m\u00f3dulos de formaci\u00f3n van acompa\u00f1ados de los conocimientos necesarios para la adquisici\u00f3n de los resultados del aprendizaje.<\/p>\t\t\t\t\t\t\t\t<\/div>\n\t\t\t\t<\/div>\n\t\t\t\t<section class=\"elementor-section elementor-inner-section elementor-element elementor-element-86d8e49 elementor-section-content-bottom elementor-section-boxed elementor-section-height-default elementor-section-height-default\" data-id=\"86d8e49\" data-element_type=\"section\">\n\t\t\t\t\t\t<div class=\"elementor-container elementor-column-gap-default\">\n\t\t\t\t\t<div class=\"elementor-column elementor-col-50 elementor-inner-column elementor-element elementor-element-df31810\" data-id=\"df31810\" data-element_type=\"column\">\n\t\t\t<div class=\"elementor-widget-wrap elementor-element-populated\">\n\t\t\t\t\t\t<div class=\"elementor-element elementor-element-f0cf356 elementor-widget__width-initial elementor-widget elementor-widget-text-editor\" data-id=\"f0cf356\" data-element_type=\"widget\" data-widget_type=\"text-editor.default\">\n\t\t\t\t<div class=\"elementor-widget-container\">\n\t\t\t\t\t\t\t\t\t<p>Adem\u00e1s de los m\u00f3dulos de formaci\u00f3n, el programa incluye una plataforma OPC (Online Professional Community) que servir\u00e1 de \u201clugar\u201d en l\u00ednea donde los beneficiarios y las partes interesadas podr\u00e1n reunirse e interactuar. La plataforma tambi\u00e9n ser\u00e1 limpia y especializada y, por supuesto, estar\u00e1 optimizada para los motores de b\u00fasqueda. La plataforma OPC ser\u00e1 receptiva, se abrir\u00e1 en menos de 2 segundos desde los pa\u00edses de la UE y tendr\u00e1 un dise\u00f1o m\u00ednimo para que sea receptiva, inclusiva y accesible. La plataforma seguir\u00e1 totalmente el protocolo WCAG2.0 de accesibilidad, y ser\u00e1 respetuosa con el medio ambiente, dejando una peque\u00f1a Huella de Carbono al visitarla.<\/p><p>En resumen, el programa LOST2 pretende abordar el creciente problema de las personas y menores desaparecidos en Europa mediante el desarrollo de un sistema europeo eficaz de investigaci\u00f3n de personas y menores desaparecidos. El programa tiene como objetivo establecer un perfil profesional b\u00e1sico europeo de \u201cExperto en la Investigaci\u00f3n de Personas Desaparecidas y Menores\u201d y proporcionar un dise\u00f1o conjunto del sistema de formaci\u00f3n que incorpore unidades modulares de formaci\u00f3n para la adquisici\u00f3n de las habilidades y conocimientos necesarios para el nuevo perfil profesional. El programa tambi\u00e9n incluye una plataforma OPC para la comunidad profesional en l\u00ednea y servicios educativos, un m\u00f3dulo \u201ccero\u201d para concienciar sobre el fen\u00f3meno de las personas desaparecidas, y comentarios y evaluaciones de los participantes y formadores de los pilotos. El programa pretende mejorar la cooperaci\u00f3n de los profesionales de la UE y producir una versi\u00f3n final validada del programa de formaci\u00f3n y al menos 7 paquetes multimedia con un informe de evaluaci\u00f3n sobre el conjunto del paquete de formaci\u00f3n.<\/p>\t\t\t\t\t\t\t\t<\/div>\n\t\t\t\t<\/div>\n\t\t\t\t\t<\/div>\n\t\t<\/div>\n\t\t\t\t<div class=\"elementor-column elementor-col-50 elementor-inner-column elementor-element elementor-element-eb90f0f\" data-id=\"eb90f0f\" data-element_type=\"column\">\n\t\t\t<div class=\"elementor-widget-wrap elementor-element-populated\">\n\t\t\t\t\t\t<div class=\"elementor-element elementor-element-b376b59 elementor-widget elementor-widget-image\" data-id=\"b376b59\" data-element_type=\"widget\" data-widget_type=\"image.default\">\n\t\t\t\t<div class=\"elementor-widget-container\">\n\t\t\t\t\t\t\t\t\t\t\t\t\t\t\t<img fetchpriority=\"high\" decoding=\"async\" width=\"640\" height=\"800\" src=\"https:\/\/lost.team\/wp-content\/uploads\/2023\/07\/Lost2-training-2.png\" class=\"attachment-large size-large wp-image-6641\" alt=\"\" srcset=\"https:\/\/lost.team\/wp-content\/uploads\/2023\/07\/Lost2-training-2.png 800w, https:\/\/lost.team\/wp-content\/uploads\/2023\/07\/Lost2-training-2-240x300.png 240w, https:\/\/lost.team\/wp-content\/uploads\/2023\/07\/Lost2-training-2-768x960.png 768w, https:\/\/lost.team\/wp-content\/uploads\/2023\/07\/Lost2-training-2-624x780.png 624w\" sizes=\"(max-width: 640px) 100vw, 640px\" \/>\t\t\t\t\t\t\t\t\t\t\t\t\t\t\t<\/div>\n\t\t\t\t<\/div>\n\t\t\t\t\t<\/div>\n\t\t<\/div>\n\t\t\t\t\t<\/div>\n\t\t<\/section>\n\t\t\t\t<div class=\"elementor-element elementor-element-7bdda8b elementor-widget elementor-widget-spacer\" data-id=\"7bdda8b\" data-element_type=\"widget\" data-widget_type=\"spacer.default\">\n\t\t\t\t<div class=\"elementor-widget-container\">\n\t\t\t\t\t\t\t<div class=\"elementor-spacer\">\n\t\t\t<div class=\"elementor-spacer-inner\"><\/div>\n\t\t<\/div>\n\t\t\t\t\t\t<\/div>\n\t\t\t\t<\/div>\n\t\t\t\t<div class=\"elementor-element elementor-element-ed792ef elementor-align-center elementor-widget elementor-widget-button\" data-id=\"ed792ef\" data-element_type=\"widget\" data-widget_type=\"button.default\">\n\t\t\t\t<div class=\"elementor-widget-container\">\n\t\t\t\t\t\t\t\t\t<div class=\"elementor-button-wrapper\">\n\t\t\t\t\t<a class=\"elementor-button elementor-button-link elementor-size-sm\" href=\"https:\/\/lost.team\/es\/todos-los-cursos\/\">\n\t\t\t\t\t\t<span class=\"elementor-button-content-wrapper\">\n\t\t\t\t\t\t\t\t\t<span class=\"elementor-button-text\">Ir a Cursos<\/span>\n\t\t\t\t\t<\/span>\n\t\t\t\t\t<\/a>\n\t\t\t\t<\/div>\n\t\t\t\t\t\t\t\t<\/div>\n\t\t\t\t<\/div>\n\t\t\t\t\t<\/div>\n\t\t<\/div>\n\t\t\t\t\t<\/div>\n\t\t<\/section>\n\t\t\t\t<\/div>\n\t\t","protected":false},"excerpt":{"rendered":"<p>formaci\u00f3n En\u00a0LOST2\u00a0incluye el dise\u00f1o de un sistema de formaci\u00f3n conjunta que incorpora unidades formativas modulares para la adquisici\u00f3n de las competencias y conocimientos necesarios para&hellip;<\/p>\n","protected":false},"author":1,"featured_media":0,"parent":0,"menu_order":0,"comment_status":"closed","ping_status":"closed","template":"elementor_header_footer","meta":{"footnotes":""},"class_list":["post-3942","page","type-page","status-publish","hentry"],"_links":{"self":[{"href":"https:\/\/lost.team\/es\/wp-json\/wp\/v2\/pages\/3942","targetHints":{"allow":["GET"]}}],"collection":[{"href":"https:\/\/lost.team\/es\/wp-json\/wp\/v2\/pages"}],"about":[{"href":"https:\/\/lost.team\/es\/wp-json\/wp\/v2\/types\/page"}],"author":[{"embeddable":true,"href":"https:\/\/lost.team\/es\/wp-json\/wp\/v2\/users\/1"}],"replies":[{"embeddable":true,"href":"https:\/\/lost.team\/es\/wp-json\/wp\/v2\/comments?post=3942"}],"version-history":[{"count":11,"href":"https:\/\/lost.team\/es\/wp-json\/wp\/v2\/pages\/3942\/revisions"}],"predecessor-version":[{"id":14014,"href":"https:\/\/lost.team\/es\/wp-json\/wp\/v2\/pages\/3942\/revisions\/14014"}],"wp:attachment":[{"href":"https:\/\/lost.team\/es\/wp-json\/wp\/v2\/media?parent=3942"}],"curies":[{"name":"wp","href":"https:\/\/api.w.org\/{rel}","templated":true}]}}