{"id":6887,"date":"2023-09-06T14:51:26","date_gmt":"2023-09-06T11:51:26","guid":{"rendered":"https:\/\/lost.team\/materiales\/"},"modified":"2025-06-25T14:24:36","modified_gmt":"2025-06-25T11:24:36","slug":"materiales","status":"publish","type":"page","link":"https:\/\/lost.team\/es\/materiales\/","title":{"rendered":"Materiales"},"content":{"rendered":"\t\t<div data-elementor-type=\"wp-page\" data-elementor-id=\"6887\" class=\"elementor elementor-6887 elementor-6880\" data-elementor-post-type=\"page\">\n\t\t\t\t\t\t<section class=\"elementor-section elementor-top-section elementor-element elementor-element-54648a2 elementor-section-boxed elementor-section-height-default elementor-section-height-default\" data-id=\"54648a2\" data-element_type=\"section\">\n\t\t\t\t\t\t<div class=\"elementor-container elementor-column-gap-default\">\n\t\t\t\t\t<div class=\"elementor-column elementor-col-100 elementor-top-column elementor-element elementor-element-b4b01d5\" data-id=\"b4b01d5\" data-element_type=\"column\">\n\t\t\t<div class=\"elementor-widget-wrap elementor-element-populated\">\n\t\t\t\t\t\t<div class=\"elementor-element elementor-element-750a59e elementor-widget elementor-widget-heading\" data-id=\"750a59e\" data-element_type=\"widget\" data-widget_type=\"heading.default\">\n\t\t\t\t<div class=\"elementor-widget-container\">\n\t\t\t\t\t<h2 class=\"elementor-heading-title elementor-size-default\">Materiales<\/h2>\t\t\t\t<\/div>\n\t\t\t\t<\/div>\n\t\t\t\t<div class=\"elementor-element elementor-element-b7f127b elementor-widget elementor-widget-spacer\" data-id=\"b7f127b\" data-element_type=\"widget\" data-widget_type=\"spacer.default\">\n\t\t\t\t<div class=\"elementor-widget-container\">\n\t\t\t\t\t\t\t<div class=\"elementor-spacer\">\n\t\t\t<div class=\"elementor-spacer-inner\"><\/div>\n\t\t<\/div>\n\t\t\t\t\t\t<\/div>\n\t\t\t\t<\/div>\n\t\t\t\t\t<\/div>\n\t\t<\/div>\n\t\t\t\t\t<\/div>\n\t\t<\/section>\n\t\t\t\t<section class=\"elementor-section elementor-top-section elementor-element elementor-element-2bbcc30 elementor-section-boxed elementor-section-height-default elementor-section-height-default\" data-id=\"2bbcc30\" data-element_type=\"section\">\n\t\t\t\t\t\t<div class=\"elementor-container elementor-column-gap-default\">\n\t\t\t\t\t<div class=\"elementor-column elementor-col-50 elementor-top-column elementor-element elementor-element-daafbfa\" data-id=\"daafbfa\" data-element_type=\"column\">\n\t\t\t<div class=\"elementor-widget-wrap elementor-element-populated\">\n\t\t\t\t\t\t<div class=\"elementor-element elementor-element-6587f32 elementor-widget elementor-widget-heading\" data-id=\"6587f32\" data-element_type=\"widget\" data-widget_type=\"heading.default\">\n\t\t\t\t<div class=\"elementor-widget-container\">\n\t\t\t\t\t<h2 class=\"elementor-heading-title elementor-size-default\">Primer Comunicado de Prensa<\/h2>\t\t\t\t<\/div>\n\t\t\t\t<\/div>\n\t\t\t\t<div class=\"elementor-element elementor-element-84d3ff1 elementor-widget elementor-widget-image\" data-id=\"84d3ff1\" data-element_type=\"widget\" data-widget_type=\"image.default\">\n\t\t\t\t<div class=\"elementor-widget-container\">\n\t\t\t\t\t\t\t\t\t\t\t\t\t\t\t<img fetchpriority=\"high\" decoding=\"async\" width=\"640\" height=\"336\" src=\"https:\/\/lost.team\/wp-content\/uploads\/2025\/06\/featured-1-1024x538.png\" class=\"attachment-large size-large wp-image-14760\" alt=\"\" srcset=\"https:\/\/lost.team\/wp-content\/uploads\/2025\/06\/featured-1-1024x538.png 1024w, https:\/\/lost.team\/wp-content\/uploads\/2025\/06\/featured-1-300x158.png 300w, https:\/\/lost.team\/wp-content\/uploads\/2025\/06\/featured-1-768x403.png 768w, https:\/\/lost.team\/wp-content\/uploads\/2025\/06\/featured-1-624x328.png 624w, https:\/\/lost.team\/wp-content\/uploads\/2025\/06\/featured-1.png 1200w\" sizes=\"(max-width: 640px) 100vw, 640px\" \/>\t\t\t\t\t\t\t\t\t\t\t\t\t\t\t<\/div>\n\t\t\t\t<\/div>\n\t\t\t\t<div class=\"elementor-element elementor-element-471053f elementor-widget elementor-widget-spacer\" data-id=\"471053f\" data-element_type=\"widget\" data-widget_type=\"spacer.default\">\n\t\t\t\t<div class=\"elementor-widget-container\">\n\t\t\t\t\t\t\t<div class=\"elementor-spacer\">\n\t\t\t<div class=\"elementor-spacer-inner\"><\/div>\n\t\t<\/div>\n\t\t\t\t\t\t<\/div>\n\t\t\t\t<\/div>\n\t\t\t\t<div class=\"elementor-element elementor-element-54ef6ce elementor-align-center elementor-widget elementor-widget-button\" data-id=\"54ef6ce\" data-element_type=\"widget\" data-widget_type=\"button.default\">\n\t\t\t\t<div class=\"elementor-widget-container\">\n\t\t\t\t\t\t\t\t\t<div class=\"elementor-button-wrapper\">\n\t\t\t\t\t<a class=\"elementor-button elementor-button-link elementor-size-sm\" href=\"https:\/\/lost.team\/wp-content\/uploads\/2025\/06\/LOST2-PR-v3-EN.pdf\" target=\"_blank\">\n\t\t\t\t\t\t<span class=\"elementor-button-content-wrapper\">\n\t\t\t\t\t\t\t\t\t<span class=\"elementor-button-text\">Descargar<\/span>\n\t\t\t\t\t<\/span>\n\t\t\t\t\t<\/a>\n\t\t\t\t<\/div>\n\t\t\t\t\t\t\t\t<\/div>\n\t\t\t\t<\/div>\n\t\t\t\t<div class=\"elementor-element elementor-element-ad4bbb7 elementor-hidden-desktop elementor-hidden-tablet elementor-widget elementor-widget-spacer\" data-id=\"ad4bbb7\" data-element_type=\"widget\" data-widget_type=\"spacer.default\">\n\t\t\t\t<div class=\"elementor-widget-container\">\n\t\t\t\t\t\t\t<div class=\"elementor-spacer\">\n\t\t\t<div class=\"elementor-spacer-inner\"><\/div>\n\t\t<\/div>\n\t\t\t\t\t\t<\/div>\n\t\t\t\t<\/div>\n\t\t\t\t\t<\/div>\n\t\t<\/div>\n\t\t\t\t<div class=\"elementor-column elementor-col-50 elementor-top-column elementor-element elementor-element-9bbcd6c\" data-id=\"9bbcd6c\" data-element_type=\"column\">\n\t\t\t<div class=\"elementor-widget-wrap elementor-element-populated\">\n\t\t\t\t\t\t<div class=\"elementor-element elementor-element-baf5a51 elementor-widget elementor-widget-heading\" data-id=\"baf5a51\" data-element_type=\"widget\" data-widget_type=\"heading.default\">\n\t\t\t\t<div class=\"elementor-widget-container\">\n\t\t\t\t\t<h2 class=\"elementor-heading-title elementor-size-default\">Segundo Comunicado de Prensa<\/h2>\t\t\t\t<\/div>\n\t\t\t\t<\/div>\n\t\t\t\t<div class=\"elementor-element elementor-element-1c826ec elementor-widget elementor-widget-image\" data-id=\"1c826ec\" data-element_type=\"widget\" data-widget_type=\"image.default\">\n\t\t\t\t<div class=\"elementor-widget-container\">\n\t\t\t\t\t\t\t\t\t\t\t\t\t\t\t<img decoding=\"async\" width=\"640\" height=\"336\" src=\"https:\/\/lost.team\/wp-content\/uploads\/2025\/06\/lost2_12.06-01-1-1024x538.jpg\" class=\"attachment-large size-large wp-image-14766\" alt=\"\" srcset=\"https:\/\/lost.team\/wp-content\/uploads\/2025\/06\/lost2_12.06-01-1-1024x538.jpg 1024w, https:\/\/lost.team\/wp-content\/uploads\/2025\/06\/lost2_12.06-01-1-300x158.jpg 300w, https:\/\/lost.team\/wp-content\/uploads\/2025\/06\/lost2_12.06-01-1-768x403.jpg 768w, https:\/\/lost.team\/wp-content\/uploads\/2025\/06\/lost2_12.06-01-1-624x328.jpg 624w, https:\/\/lost.team\/wp-content\/uploads\/2025\/06\/lost2_12.06-01-1.jpg 1200w\" sizes=\"(max-width: 640px) 100vw, 640px\" \/>\t\t\t\t\t\t\t\t\t\t\t\t\t\t\t<\/div>\n\t\t\t\t<\/div>\n\t\t\t\t<div class=\"elementor-element elementor-element-34b5ac2 elementor-widget elementor-widget-spacer\" data-id=\"34b5ac2\" data-element_type=\"widget\" data-widget_type=\"spacer.default\">\n\t\t\t\t<div class=\"elementor-widget-container\">\n\t\t\t\t\t\t\t<div class=\"elementor-spacer\">\n\t\t\t<div class=\"elementor-spacer-inner\"><\/div>\n\t\t<\/div>\n\t\t\t\t\t\t<\/div>\n\t\t\t\t<\/div>\n\t\t\t\t<div class=\"elementor-element elementor-element-ddab60a elementor-align-center elementor-widget elementor-widget-button\" data-id=\"ddab60a\" data-element_type=\"widget\" data-widget_type=\"button.default\">\n\t\t\t\t<div class=\"elementor-widget-container\">\n\t\t\t\t\t\t\t\t\t<div class=\"elementor-button-wrapper\">\n\t\t\t\t\t<a class=\"elementor-button elementor-button-link elementor-size-sm\" href=\"https:\/\/lost.team\/wp-content\/uploads\/2025\/06\/LOST2-PR.pdf\" target=\"_blank\">\n\t\t\t\t\t\t<span class=\"elementor-button-content-wrapper\">\n\t\t\t\t\t\t\t\t\t<span class=\"elementor-button-text\">Descargar<\/span>\n\t\t\t\t\t<\/span>\n\t\t\t\t\t<\/a>\n\t\t\t\t<\/div>\n\t\t\t\t\t\t\t\t<\/div>\n\t\t\t\t<\/div>\n\t\t\t\t\t<\/div>\n\t\t<\/div>\n\t\t\t\t\t<\/div>\n\t\t<\/section>\n\t\t\t\t<section class=\"elementor-section elementor-top-section elementor-element elementor-element-4a9858e elementor-section-boxed elementor-section-height-default elementor-section-height-default\" data-id=\"4a9858e\" data-element_type=\"section\">\n\t\t\t\t\t\t<div class=\"elementor-container elementor-column-gap-default\">\n\t\t\t\t\t<div class=\"elementor-column elementor-col-50 elementor-top-column elementor-element elementor-element-8d59eae\" data-id=\"8d59eae\" data-element_type=\"column\">\n\t\t\t<div class=\"elementor-widget-wrap elementor-element-populated\">\n\t\t\t\t\t\t<div class=\"elementor-element elementor-element-bc6fcb9 elementor-widget elementor-widget-heading\" data-id=\"bc6fcb9\" data-element_type=\"widget\" data-widget_type=\"heading.default\">\n\t\t\t\t<div class=\"elementor-widget-container\">\n\t\t\t\t\t<h2 class=\"elementor-heading-title elementor-size-default\">P\u00f3ster<\/h2>\t\t\t\t<\/div>\n\t\t\t\t<\/div>\n\t\t\t\t<div class=\"elementor-element elementor-element-95b2b20 elementor-widget elementor-widget-image\" data-id=\"95b2b20\" data-element_type=\"widget\" data-widget_type=\"image.default\">\n\t\t\t\t<div class=\"elementor-widget-container\">\n\t\t\t\t\t\t\t\t\t\t\t\t\t\t\t<img decoding=\"async\" width=\"800\" height=\"800\" src=\"https:\/\/lost.team\/wp-content\/uploads\/2023\/11\/ES_lost2_poster.png\" class=\"attachment-full size-full wp-image-8055\" alt=\"\" srcset=\"https:\/\/lost.team\/wp-content\/uploads\/2023\/11\/ES_lost2_poster.png 800w, https:\/\/lost.team\/wp-content\/uploads\/2023\/11\/ES_lost2_poster-300x300.png 300w, https:\/\/lost.team\/wp-content\/uploads\/2023\/11\/ES_lost2_poster-150x150.png 150w, https:\/\/lost.team\/wp-content\/uploads\/2023\/11\/ES_lost2_poster-768x768.png 768w, https:\/\/lost.team\/wp-content\/uploads\/2023\/11\/ES_lost2_poster-700x700.png 700w, https:\/\/lost.team\/wp-content\/uploads\/2023\/11\/ES_lost2_poster-624x624.png 624w\" sizes=\"(max-width: 800px) 100vw, 800px\" \/>\t\t\t\t\t\t\t\t\t\t\t\t\t\t\t<\/div>\n\t\t\t\t<\/div>\n\t\t\t\t<div class=\"elementor-element elementor-element-00d480b elementor-widget elementor-widget-tp-switcher\" data-id=\"00d480b\" data-element_type=\"widget\" data-widget_type=\"tp-switcher.default\">\n\t\t\t\t<div class=\"elementor-widget-container\">\n\t\t\t\t\t<div id=\"switch69ebc1980d16d\" class=\"theplus-switcher switch-1 \"  data-id=\"switch69ebc1980d16d\" ><div class=\"switcher-toggle inactive center style-2\"><div class=\"switch-1\" ><h5 class=\"switch-label-text switch-label-1\">Edici\u00f3n digital<\/h5>\r\n\t\t\t\t\t\t\r\n\t\t\t<\/div><div class=\"switcher-button\" data-type=\"style-2\"><label class=\"switch-label-btn\"><input class=\"switch-toggle round-style-2\" type=\"checkbox\"><span class=\"switch-slider style-2 switch-round\"><\/span><\/label><\/div><div class=\"switch-2\" ><h5 class=\"switch-label-text switch-label-2\">Edici\u00f3n imprimible<\/h5>\r\n\t\t\t\r\n\t\t\t<\/div><\/div><div class=\"switcher-toggle-sections\"><div class=\"switcher-section-1\" style=\"display: block;\"><div class=\"content-1\"><p style=\"text-align: center\"><a href=\"https:\/\/lost.team\/wp-content\/uploads\/2023\/11\/LOST2_POSTER_ES_Standard.pdf\" target=\"_blank\" rel=\"noopener\">\n<button>Descargar<\/button>\n<\/a><\/p><\/div><\/div><div class=\"switcher-section-2\" style=\"display:none;\"><div class=\"content-2\"><p style=\"text-align: center\"><a href=\"https:\/\/lost.team\/wp-content\/uploads\/2023\/11\/ES-POSTER-PRINTABLE-CMYK.pdf\" target=\"_blank\" rel=\"noopener\">\n<button>Descargar<\/button>\n<\/a><\/p><\/div><\/div><\/div><\/div>\t\t\t\t<\/div>\n\t\t\t\t<\/div>\n\t\t\t\t<div class=\"elementor-element elementor-element-507c4f5 elementor-hidden-desktop elementor-hidden-tablet elementor-widget elementor-widget-spacer\" data-id=\"507c4f5\" data-element_type=\"widget\" data-widget_type=\"spacer.default\">\n\t\t\t\t<div class=\"elementor-widget-container\">\n\t\t\t\t\t\t\t<div class=\"elementor-spacer\">\n\t\t\t<div class=\"elementor-spacer-inner\"><\/div>\n\t\t<\/div>\n\t\t\t\t\t\t<\/div>\n\t\t\t\t<\/div>\n\t\t\t\t\t<\/div>\n\t\t<\/div>\n\t\t\t\t<div class=\"elementor-column elementor-col-50 elementor-top-column elementor-element elementor-element-7598102\" data-id=\"7598102\" data-element_type=\"column\">\n\t\t\t<div class=\"elementor-widget-wrap elementor-element-populated\">\n\t\t\t\t\t\t<div class=\"elementor-element elementor-element-3d3f470 elementor-widget elementor-widget-heading\" data-id=\"3d3f470\" data-element_type=\"widget\" data-widget_type=\"heading.default\">\n\t\t\t\t<div class=\"elementor-widget-container\">\n\t\t\t\t\t<h2 class=\"elementor-heading-title elementor-size-default\">\u0392rochure<\/h2>\t\t\t\t<\/div>\n\t\t\t\t<\/div>\n\t\t\t\t<div class=\"elementor-element elementor-element-d0ceeb3 elementor-widget elementor-widget-image\" data-id=\"d0ceeb3\" data-element_type=\"widget\" data-widget_type=\"image.default\">\n\t\t\t\t<div class=\"elementor-widget-container\">\n\t\t\t\t\t\t\t\t\t\t\t\t\t\t\t<img loading=\"lazy\" decoding=\"async\" width=\"800\" height=\"800\" src=\"https:\/\/lost.team\/wp-content\/uploads\/2023\/11\/ES-LOST2-BROCHURE.png\" class=\"attachment-full size-full wp-image-8061\" alt=\"\" srcset=\"https:\/\/lost.team\/wp-content\/uploads\/2023\/11\/ES-LOST2-BROCHURE.png 800w, https:\/\/lost.team\/wp-content\/uploads\/2023\/11\/ES-LOST2-BROCHURE-300x300.png 300w, https:\/\/lost.team\/wp-content\/uploads\/2023\/11\/ES-LOST2-BROCHURE-150x150.png 150w, https:\/\/lost.team\/wp-content\/uploads\/2023\/11\/ES-LOST2-BROCHURE-768x768.png 768w, https:\/\/lost.team\/wp-content\/uploads\/2023\/11\/ES-LOST2-BROCHURE-700x700.png 700w, https:\/\/lost.team\/wp-content\/uploads\/2023\/11\/ES-LOST2-BROCHURE-624x624.png 624w\" sizes=\"(max-width: 800px) 100vw, 800px\" \/>\t\t\t\t\t\t\t\t\t\t\t\t\t\t\t<\/div>\n\t\t\t\t<\/div>\n\t\t\t\t<div class=\"elementor-element elementor-element-bd3da66 elementor-widget elementor-widget-tp-switcher\" data-id=\"bd3da66\" data-element_type=\"widget\" data-widget_type=\"tp-switcher.default\">\n\t\t\t\t<div class=\"elementor-widget-container\">\n\t\t\t\t\t<div id=\"switch69ebc1980e97a\" class=\"theplus-switcher switch-1 \"  data-id=\"switch69ebc1980e97a\" ><div class=\"switcher-toggle inactive center style-2\"><div class=\"switch-1\" ><h5 class=\"switch-label-text switch-label-1\">Edici\u00f3n digital<\/h5>\r\n\t\t\t\t\t\t\r\n\t\t\t<\/div><div class=\"switcher-button\" data-type=\"style-2\"><label class=\"switch-label-btn\"><input class=\"switch-toggle round-style-2\" type=\"checkbox\"><span class=\"switch-slider style-2 switch-round\"><\/span><\/label><\/div><div class=\"switch-2\" ><h5 class=\"switch-label-text switch-label-2\">Edici\u00f3n imprimible<\/h5>\r\n\t\t\t\r\n\t\t\t<\/div><\/div><div class=\"switcher-toggle-sections\"><div class=\"switcher-section-1\" style=\"display: block;\"><div class=\"content-1\"><p style=\"text-align: center\"><a href=\"https:\/\/lost.team\/wp-content\/uploads\/2023\/11\/ES-brochure-lost2.pdf\" target=\"_blank\" rel=\"noopener\">\n<button>Descargar<\/button>\n<\/a><\/p><\/div><\/div><div class=\"switcher-section-2\" style=\"display:none;\"><div class=\"content-2\"><p style=\"text-align: center\"><a href=\"https:\/\/lost.team\/wp-content\/uploads\/2023\/11\/ES-BROCHURE-PRINTABLE-CMYK.pdf\" target=\"_blank\" rel=\"noopener\">\n<button>Descargar<\/button>\n<\/a><\/p><\/div><\/div><\/div><\/div>\t\t\t\t<\/div>\n\t\t\t\t<\/div>\n\t\t\t\t\t<\/div>\n\t\t<\/div>\n\t\t\t\t\t<\/div>\n\t\t<\/section>\n\t\t\t\t<section class=\"elementor-section elementor-top-section elementor-element elementor-element-d110122 elementor-section-boxed elementor-section-height-default elementor-section-height-default\" data-id=\"d110122\" data-element_type=\"section\">\n\t\t\t\t\t\t<div class=\"elementor-container elementor-column-gap-default\">\n\t\t\t\t\t<div class=\"elementor-column elementor-col-50 elementor-top-column elementor-element elementor-element-a9f4388\" data-id=\"a9f4388\" data-element_type=\"column\">\n\t\t\t<div class=\"elementor-widget-wrap elementor-element-populated\">\n\t\t\t\t\t\t<div class=\"elementor-element elementor-element-265a789 elementor-widget elementor-widget-heading\" data-id=\"265a789\" data-element_type=\"widget\" data-widget_type=\"heading.default\">\n\t\t\t\t<div class=\"elementor-widget-container\">\n\t\t\t\t\t<h2 class=\"elementor-heading-title elementor-size-default\">1er Bolet\u00edn<\/h2>\t\t\t\t<\/div>\n\t\t\t\t<\/div>\n\t\t\t\t<div class=\"elementor-element elementor-element-8fc9f5d elementor-widget elementor-widget-image\" data-id=\"8fc9f5d\" data-element_type=\"widget\" data-widget_type=\"image.default\">\n\t\t\t\t<div class=\"elementor-widget-container\">\n\t\t\t\t\t\t\t\t\t\t\t\t\t\t\t<img loading=\"lazy\" decoding=\"async\" width=\"1500\" height=\"1125\" src=\"https:\/\/lost.team\/wp-content\/uploads\/2023\/09\/newsletter-mockup.png\" class=\"attachment-full size-full wp-image-7002\" alt=\"\" srcset=\"https:\/\/lost.team\/wp-content\/uploads\/2023\/09\/newsletter-mockup.png 1500w, https:\/\/lost.team\/wp-content\/uploads\/2023\/09\/newsletter-mockup-300x225.png 300w, https:\/\/lost.team\/wp-content\/uploads\/2023\/09\/newsletter-mockup-1024x768.png 1024w, https:\/\/lost.team\/wp-content\/uploads\/2023\/09\/newsletter-mockup-768x576.png 768w, https:\/\/lost.team\/wp-content\/uploads\/2023\/09\/newsletter-mockup-624x468.png 624w\" sizes=\"(max-width: 1500px) 100vw, 1500px\" \/>\t\t\t\t\t\t\t\t\t\t\t\t\t\t\t<\/div>\n\t\t\t\t<\/div>\n\t\t\t\t<div class=\"elementor-element elementor-element-56e709b elementor-align-center elementor-widget elementor-widget-button\" data-id=\"56e709b\" data-element_type=\"widget\" data-widget_type=\"button.default\">\n\t\t\t\t<div class=\"elementor-widget-container\">\n\t\t\t\t\t\t\t\t\t<div class=\"elementor-button-wrapper\">\n\t\t\t\t\t<a class=\"elementor-button elementor-button-link elementor-size-sm\" href=\"https:\/\/lost.team\/wp-content\/uploads\/2023\/09\/e-NEWSLETTER-ISSUE-1-May-2023.pdf\" target=\"_blank\">\n\t\t\t\t\t\t<span class=\"elementor-button-content-wrapper\">\n\t\t\t\t\t\t\t\t\t<span class=\"elementor-button-text\">Descargar<\/span>\n\t\t\t\t\t<\/span>\n\t\t\t\t\t<\/a>\n\t\t\t\t<\/div>\n\t\t\t\t\t\t\t\t<\/div>\n\t\t\t\t<\/div>\n\t\t\t\t<div class=\"elementor-element elementor-element-d6b981c elementor-hidden-desktop elementor-hidden-tablet elementor-widget elementor-widget-spacer\" data-id=\"d6b981c\" data-element_type=\"widget\" data-widget_type=\"spacer.default\">\n\t\t\t\t<div class=\"elementor-widget-container\">\n\t\t\t\t\t\t\t<div class=\"elementor-spacer\">\n\t\t\t<div class=\"elementor-spacer-inner\"><\/div>\n\t\t<\/div>\n\t\t\t\t\t\t<\/div>\n\t\t\t\t<\/div>\n\t\t\t\t\t<\/div>\n\t\t<\/div>\n\t\t\t\t<div class=\"elementor-column elementor-col-50 elementor-top-column elementor-element elementor-element-62a40b7\" data-id=\"62a40b7\" data-element_type=\"column\">\n\t\t\t<div class=\"elementor-widget-wrap elementor-element-populated\">\n\t\t\t\t\t\t<div class=\"elementor-element elementor-element-76f3d16 elementor-widget elementor-widget-heading\" data-id=\"76f3d16\" data-element_type=\"widget\" data-widget_type=\"heading.default\">\n\t\t\t\t<div class=\"elementor-widget-container\">\n\t\t\t\t\t<h2 class=\"elementor-heading-title elementor-size-default\">2a Bolet\u00edn<\/h2>\t\t\t\t<\/div>\n\t\t\t\t<\/div>\n\t\t\t\t<div class=\"elementor-element elementor-element-d6eaf07 elementor-widget elementor-widget-image\" data-id=\"d6eaf07\" data-element_type=\"widget\" data-widget_type=\"image.default\">\n\t\t\t\t<div class=\"elementor-widget-container\">\n\t\t\t\t\t\t\t\t\t\t\t\t\t\t\t<img loading=\"lazy\" decoding=\"async\" width=\"1000\" height=\"667\" src=\"https:\/\/lost.team\/wp-content\/uploads\/2024\/04\/lost2_e-newsletter_mockup_EN.png\" class=\"attachment-full size-full wp-image-8353\" alt=\"\" srcset=\"https:\/\/lost.team\/wp-content\/uploads\/2024\/04\/lost2_e-newsletter_mockup_EN.png 1000w, https:\/\/lost.team\/wp-content\/uploads\/2024\/04\/lost2_e-newsletter_mockup_EN-300x200.png 300w, https:\/\/lost.team\/wp-content\/uploads\/2024\/04\/lost2_e-newsletter_mockup_EN-768x512.png 768w, https:\/\/lost.team\/wp-content\/uploads\/2024\/04\/lost2_e-newsletter_mockup_EN-624x416.png 624w\" sizes=\"(max-width: 1000px) 100vw, 1000px\" \/>\t\t\t\t\t\t\t\t\t\t\t\t\t\t\t<\/div>\n\t\t\t\t<\/div>\n\t\t\t\t<div class=\"elementor-element elementor-element-f9dbc74 elementor-align-center elementor-widget elementor-widget-button\" data-id=\"f9dbc74\" data-element_type=\"widget\" data-widget_type=\"button.default\">\n\t\t\t\t<div class=\"elementor-widget-container\">\n\t\t\t\t\t\t\t\t\t<div class=\"elementor-button-wrapper\">\n\t\t\t\t\t<a class=\"elementor-button elementor-button-link elementor-size-sm\" href=\"https:\/\/lost.team\/wp-content\/uploads\/2025\/06\/e-NEWSLETTER-ISSUE-2_January_2024_EN_compressed.pdf\" target=\"_blank\">\n\t\t\t\t\t\t<span class=\"elementor-button-content-wrapper\">\n\t\t\t\t\t\t\t\t\t<span class=\"elementor-button-text\">Descargar<\/span>\n\t\t\t\t\t<\/span>\n\t\t\t\t\t<\/a>\n\t\t\t\t<\/div>\n\t\t\t\t\t\t\t\t<\/div>\n\t\t\t\t<\/div>\n\t\t\t\t\t<\/div>\n\t\t<\/div>\n\t\t\t\t\t<\/div>\n\t\t<\/section>\n\t\t\t\t<section class=\"elementor-section elementor-top-section elementor-element elementor-element-625306b elementor-section-boxed elementor-section-height-default elementor-section-height-default\" data-id=\"625306b\" data-element_type=\"section\">\n\t\t\t\t\t\t<div class=\"elementor-container elementor-column-gap-default\">\n\t\t\t\t\t<div class=\"elementor-column elementor-col-50 elementor-top-column elementor-element elementor-element-b8a8358\" data-id=\"b8a8358\" data-element_type=\"column\">\n\t\t\t<div class=\"elementor-widget-wrap elementor-element-populated\">\n\t\t\t\t\t\t<div class=\"elementor-element elementor-element-fcc4de6 elementor-widget elementor-widget-heading\" data-id=\"fcc4de6\" data-element_type=\"widget\" data-widget_type=\"heading.default\">\n\t\t\t\t<div class=\"elementor-widget-container\">\n\t\t\t\t\t<h2 class=\"elementor-heading-title elementor-size-default\">3a Bolet\u00edn<\/h2>\t\t\t\t<\/div>\n\t\t\t\t<\/div>\n\t\t\t\t<div class=\"elementor-element elementor-element-8d211b7 elementor-widget elementor-widget-image\" data-id=\"8d211b7\" data-element_type=\"widget\" data-widget_type=\"image.default\">\n\t\t\t\t<div class=\"elementor-widget-container\">\n\t\t\t\t\t\t\t\t\t\t\t\t\t\t\t<img loading=\"lazy\" decoding=\"async\" width=\"1000\" height=\"700\" src=\"https:\/\/lost.team\/wp-content\/uploads\/2025\/06\/EN_e-NEWSLETTER_ISSUE_3_Dec_2024_LOST2_2.png\" class=\"attachment-full size-full wp-image-14983\" alt=\"\" srcset=\"https:\/\/lost.team\/wp-content\/uploads\/2025\/06\/EN_e-NEWSLETTER_ISSUE_3_Dec_2024_LOST2_2.png 1000w, https:\/\/lost.team\/wp-content\/uploads\/2025\/06\/EN_e-NEWSLETTER_ISSUE_3_Dec_2024_LOST2_2-300x210.png 300w, https:\/\/lost.team\/wp-content\/uploads\/2025\/06\/EN_e-NEWSLETTER_ISSUE_3_Dec_2024_LOST2_2-768x538.png 768w, https:\/\/lost.team\/wp-content\/uploads\/2025\/06\/EN_e-NEWSLETTER_ISSUE_3_Dec_2024_LOST2_2-624x437.png 624w\" sizes=\"(max-width: 1000px) 100vw, 1000px\" \/>\t\t\t\t\t\t\t\t\t\t\t\t\t\t\t<\/div>\n\t\t\t\t<\/div>\n\t\t\t\t<div class=\"elementor-element elementor-element-68bba2a elementor-align-center elementor-widget elementor-widget-button\" data-id=\"68bba2a\" data-element_type=\"widget\" data-widget_type=\"button.default\">\n\t\t\t\t<div class=\"elementor-widget-container\">\n\t\t\t\t\t\t\t\t\t<div class=\"elementor-button-wrapper\">\n\t\t\t\t\t<a class=\"elementor-button elementor-button-link elementor-size-sm\" href=\"https:\/\/lost.team\/wp-content\/uploads\/2025\/06\/EN_e-NEWSLETTER_ISSUE_3_Dec_2024_compressed.pdf\" target=\"_blank\">\n\t\t\t\t\t\t<span class=\"elementor-button-content-wrapper\">\n\t\t\t\t\t\t\t\t\t<span class=\"elementor-button-text\">Descargar<\/span>\n\t\t\t\t\t<\/span>\n\t\t\t\t\t<\/a>\n\t\t\t\t<\/div>\n\t\t\t\t\t\t\t\t<\/div>\n\t\t\t\t<\/div>\n\t\t\t\t\t<\/div>\n\t\t<\/div>\n\t\t\t\t<div class=\"elementor-column elementor-col-50 elementor-top-column elementor-element elementor-element-20f164b\" data-id=\"20f164b\" data-element_type=\"column\">\n\t\t\t<div class=\"elementor-widget-wrap elementor-element-populated\">\n\t\t\t\t\t\t<div class=\"elementor-element elementor-element-25cb59d elementor-widget elementor-widget-heading\" data-id=\"25cb59d\" data-element_type=\"widget\" data-widget_type=\"heading.default\">\n\t\t\t\t<div class=\"elementor-widget-container\">\n\t\t\t\t\t<h2 class=\"elementor-heading-title elementor-size-default\">4a Bolet\u00edn<\/h2>\t\t\t\t<\/div>\n\t\t\t\t<\/div>\n\t\t\t\t<div class=\"elementor-element elementor-element-61fedb4 elementor-widget elementor-widget-image\" data-id=\"61fedb4\" data-element_type=\"widget\" data-widget_type=\"image.default\">\n\t\t\t\t<div class=\"elementor-widget-container\">\n\t\t\t\t\t\t\t\t\t\t\t\t\t\t\t<img decoding=\"async\" src=\"https:\/\/lost.team\/wp-content\/uploads\/elementor\/thumbs\/EN_4th-Newsletter_LOST2_mockup_-1-r7tkcmkb7pnf7l87968fns61uqk1t712doyhm84i8o.png\" title=\"EN_4th-Newsletter_LOST2_mockup_.png\" alt=\"EN_4th-Newsletter_LOST2_mockup_.png\" loading=\"lazy\" \/>\t\t\t\t\t\t\t\t\t\t\t\t\t\t\t<\/div>\n\t\t\t\t<\/div>\n\t\t\t\t<div class=\"elementor-element elementor-element-149599f elementor-align-center elementor-widget elementor-widget-button\" data-id=\"149599f\" data-element_type=\"widget\" data-widget_type=\"button.default\">\n\t\t\t\t<div class=\"elementor-widget-container\">\n\t\t\t\t\t\t\t\t\t<div class=\"elementor-button-wrapper\">\n\t\t\t\t\t<a class=\"elementor-button elementor-button-link elementor-size-sm\" href=\"https:\/\/lost.team\/wp-content\/uploads\/2025\/06\/EN_4th-Newsletter_LOST2_compressed-1.pdf\" target=\"_blank\">\n\t\t\t\t\t\t<span class=\"elementor-button-content-wrapper\">\n\t\t\t\t\t\t\t\t\t<span class=\"elementor-button-text\">Descargar<\/span>\n\t\t\t\t\t<\/span>\n\t\t\t\t\t<\/a>\n\t\t\t\t<\/div>\n\t\t\t\t\t\t\t\t<\/div>\n\t\t\t\t<\/div>\n\t\t\t\t\t<\/div>\n\t\t<\/div>\n\t\t\t\t\t<\/div>\n\t\t<\/section>\n\t\t\t\t<\/div>\n\t\t","protected":false},"excerpt":{"rendered":"<p>Materiales Primer Comunicado de Prensa Descargar Segundo Comunicado de Prensa Descargar P\u00f3ster Edici\u00f3n digital Edici\u00f3n imprimible Descargar Descargar \u0392rochure Edici\u00f3n digital Edici\u00f3n imprimible Descargar Descargar&hellip;<\/p>\n","protected":false},"author":2,"featured_media":0,"parent":0,"menu_order":0,"comment_status":"closed","ping_status":"closed","template":"","meta":{"footnotes":""},"class_list":["post-6887","page","type-page","status-publish","hentry"],"_links":{"self":[{"href":"https:\/\/lost.team\/es\/wp-json\/wp\/v2\/pages\/6887","targetHints":{"allow":["GET"]}}],"collection":[{"href":"https:\/\/lost.team\/es\/wp-json\/wp\/v2\/pages"}],"about":[{"href":"https:\/\/lost.team\/es\/wp-json\/wp\/v2\/types\/page"}],"author":[{"embeddable":true,"href":"https:\/\/lost.team\/es\/wp-json\/wp\/v2\/users\/2"}],"replies":[{"embeddable":true,"href":"https:\/\/lost.team\/es\/wp-json\/wp\/v2\/comments?post=6887"}],"version-history":[{"count":48,"href":"https:\/\/lost.team\/es\/wp-json\/wp\/v2\/pages\/6887\/revisions"}],"predecessor-version":[{"id":15056,"href":"https:\/\/lost.team\/es\/wp-json\/wp\/v2\/pages\/6887\/revisions\/15056"}],"wp:attachment":[{"href":"https:\/\/lost.team\/es\/wp-json\/wp\/v2\/media?parent=6887"}],"curies":[{"name":"wp","href":"https:\/\/api.w.org\/{rel}","templated":true}]}}