{"id":3861,"date":"2023-02-21T13:58:57","date_gmt":"2023-02-21T11:58:57","guid":{"rendered":"https:\/\/lost.team\/formazione\/"},"modified":"2025-04-04T10:23:02","modified_gmt":"2025-04-04T07:23:02","slug":"formazione","status":"publish","type":"page","link":"https:\/\/lost.team\/it\/formazione\/","title":{"rendered":"Formazione"},"content":{"rendered":"\t\t<div data-elementor-type=\"wp-page\" data-elementor-id=\"3861\" class=\"elementor elementor-3861 elementor-245\" data-elementor-post-type=\"page\">\n\t\t\t\t\t\t<section class=\"elementor-section elementor-top-section elementor-element elementor-element-764605d elementor-section-height-min-height elementor-section-items-bottom elementor-section-content-bottom elementor-section-boxed elementor-section-height-default\" data-id=\"764605d\" data-element_type=\"section\" data-settings=\"{&quot;background_background&quot;:&quot;video&quot;,&quot;background_video_link&quot;:&quot;https:\\\/\\\/lost.team\\\/wp-content\\\/uploads\\\/2023\\\/07\\\/Lost2-Training-1.m4v&quot;,&quot;shape_divider_bottom&quot;:&quot;opacity-fan&quot;}\">\n\t\t\t\t\t\t\t\t<div class=\"elementor-background-video-container elementor-hidden-mobile\">\n\t\t\t\t\t\t\t\t\t\t\t\t\t<video class=\"elementor-background-video-hosted\" autoplay muted playsinline loop><\/video>\n\t\t\t\t\t\t\t\t\t\t\t<\/div>\n\t\t\t\t\t\t\t\t\t<div class=\"elementor-background-overlay\"><\/div>\n\t\t\t\t\t\t<div class=\"elementor-shape elementor-shape-bottom\" aria-hidden=\"true\" data-negative=\"false\">\n\t\t\t<svg xmlns=\"http:\/\/www.w3.org\/2000\/svg\" viewBox=\"0 0 283.5 19.6\" preserveAspectRatio=\"none\">\n\t<path class=\"elementor-shape-fill\" style=\"opacity:0.33\" d=\"M0 0L0 18.8 141.8 4.1 283.5 18.8 283.5 0z\"\/>\n\t<path class=\"elementor-shape-fill\" style=\"opacity:0.33\" d=\"M0 0L0 12.6 141.8 4 283.5 12.6 283.5 0z\"\/>\n\t<path class=\"elementor-shape-fill\" style=\"opacity:0.33\" d=\"M0 0L0 6.4 141.8 4 283.5 6.4 283.5 0z\"\/>\n\t<path class=\"elementor-shape-fill\" d=\"M0 0L0 1.2 141.8 4 283.5 1.2 283.5 0z\"\/>\n<\/svg>\t\t<\/div>\n\t\t\t\t\t<div class=\"elementor-container elementor-column-gap-default\">\n\t\t\t\t\t<div class=\"elementor-column elementor-col-100 elementor-top-column elementor-element elementor-element-e9a4c7b\" data-id=\"e9a4c7b\" data-element_type=\"column\">\n\t\t\t<div class=\"elementor-widget-wrap elementor-element-populated\">\n\t\t\t\t\t\t<section class=\"elementor-section elementor-inner-section elementor-element elementor-element-e993e0b elementor-section-content-middle elementor-section-boxed elementor-section-height-default elementor-section-height-default\" data-id=\"e993e0b\" data-element_type=\"section\">\n\t\t\t\t\t\t<div class=\"elementor-container elementor-column-gap-default\">\n\t\t\t\t\t<div class=\"elementor-column elementor-col-50 elementor-inner-column elementor-element elementor-element-f6f23fe\" data-id=\"f6f23fe\" data-element_type=\"column\">\n\t\t\t<div class=\"elementor-widget-wrap elementor-element-populated\">\n\t\t\t\t\t\t<div class=\"elementor-element elementor-element-9d50cdd e-transform elementor-widget elementor-widget-heading\" data-id=\"9d50cdd\" data-element_type=\"widget\" data-settings=\"{&quot;_transform_rotateZ_effect&quot;:{&quot;unit&quot;:&quot;px&quot;,&quot;size&quot;:-90,&quot;sizes&quot;:[]},&quot;_transform_rotateZ_effect_tablet&quot;:{&quot;unit&quot;:&quot;deg&quot;,&quot;size&quot;:&quot;&quot;,&quot;sizes&quot;:[]},&quot;_transform_rotateZ_effect_mobile&quot;:{&quot;unit&quot;:&quot;deg&quot;,&quot;size&quot;:&quot;&quot;,&quot;sizes&quot;:[]}}\" data-widget_type=\"heading.default\">\n\t\t\t\t<div class=\"elementor-widget-container\">\n\t\t\t\t\t<h1 class=\"elementor-heading-title elementor-size-default\">formazione  <\/h1>\t\t\t\t<\/div>\n\t\t\t\t<\/div>\n\t\t\t\t\t<\/div>\n\t\t<\/div>\n\t\t\t\t<div class=\"elementor-column elementor-col-50 elementor-inner-column elementor-element elementor-element-9ac34dc\" data-id=\"9ac34dc\" data-element_type=\"column\" data-settings=\"{&quot;background_background&quot;:&quot;classic&quot;}\">\n\t\t\t<div class=\"elementor-widget-wrap elementor-element-populated\">\n\t\t\t\t\t\t<div class=\"elementor-element elementor-element-92157f4 elementor-widget elementor-widget-text-editor\" data-id=\"92157f4\" data-element_type=\"widget\" data-widget_type=\"text-editor.default\">\n\t\t\t\t<div class=\"elementor-widget-container\">\n\t\t\t\t\t<div class=\"bb-theme-elementor-wrap bb-elementor-custom-color\">\t\t\t\t<p>Il\u00a0<span style=\"color: #ffffff;\"><a style=\"color: #ffffff;\" href=\"https:\/\/lost.team\/it\/\"><strong>LOST2<\/strong><\/a>\u00a0<\/span>prevede la progettazione di un sistema formativo congiunto che incorpora unit\u00e0 formative modulari per l\u2019acquisizione delle competenze e delle conoscenze necessarie per il nuovo profilo professionale di \u201cEsperto nella ricerca di persone scomparse e minori\u201d.\u00a0<strong>Esperto nella ricerca di persone e minori scomparsi\u00a0<\/strong>.\u201d<\/p><p>La formazione comprende un modulo di sensibilizzazione sulle persone scomparse, rivolto a insegnanti, ONG, autorit\u00e0 locali, famiglie e giovani a rischio.<\/p><p>Il programma prevede anche una piattaforma online per consentire ai beneficiari e alle parti interessate di incontrarsi e interagire.<\/p>\t\t\t\t<\/div>\t\t\t\t<\/div>\n\t\t\t\t<\/div>\n\t\t\t\t\t<\/div>\n\t\t<\/div>\n\t\t\t\t\t<\/div>\n\t\t<\/section>\n\t\t\t\t<div class=\"elementor-element elementor-element-9f54ea0 elementor-align-center elementor-widget elementor-widget-button\" data-id=\"9f54ea0\" data-element_type=\"widget\" data-widget_type=\"button.default\">\n\t\t\t\t<div class=\"elementor-widget-container\">\n\t\t\t\t\t\t\t\t\t<div class=\"elementor-button-wrapper\">\n\t\t\t\t\t<a class=\"elementor-button elementor-button-link elementor-size-sm\" href=\"#1\">\n\t\t\t\t\t\t<span class=\"elementor-button-content-wrapper\">\n\t\t\t\t\t\t<span class=\"elementor-button-icon\">\n\t\t\t\t<i aria-hidden=\"true\" class=\"fas fa-angle-down\"><\/i>\t\t\t<\/span>\n\t\t\t\t\t\t\t\t\t<span class=\"elementor-button-text\">di pi\u00f9<\/span>\n\t\t\t\t\t<\/span>\n\t\t\t\t\t<\/a>\n\t\t\t\t<\/div>\n\t\t\t\t\t\t\t\t<\/div>\n\t\t\t\t<\/div>\n\t\t\t\t\t<\/div>\n\t\t<\/div>\n\t\t\t\t\t<\/div>\n\t\t<\/section>\n\t\t\t\t<section class=\"elementor-section elementor-top-section elementor-element elementor-element-b2ba4a0 elementor-section-content-middle elementor-section-boxed elementor-section-height-default elementor-section-height-default\" data-id=\"b2ba4a0\" data-element_type=\"section\" id=\"1\" data-settings=\"{&quot;shape_divider_top&quot;:&quot;opacity-fan&quot;}\">\n\t\t\t\t\t<div class=\"elementor-shape elementor-shape-top\" aria-hidden=\"true\" data-negative=\"false\">\n\t\t\t<svg xmlns=\"http:\/\/www.w3.org\/2000\/svg\" viewBox=\"0 0 283.5 19.6\" preserveAspectRatio=\"none\">\n\t<path class=\"elementor-shape-fill\" style=\"opacity:0.33\" d=\"M0 0L0 18.8 141.8 4.1 283.5 18.8 283.5 0z\"\/>\n\t<path class=\"elementor-shape-fill\" style=\"opacity:0.33\" d=\"M0 0L0 12.6 141.8 4 283.5 12.6 283.5 0z\"\/>\n\t<path class=\"elementor-shape-fill\" style=\"opacity:0.33\" d=\"M0 0L0 6.4 141.8 4 283.5 6.4 283.5 0z\"\/>\n\t<path class=\"elementor-shape-fill\" d=\"M0 0L0 1.2 141.8 4 283.5 1.2 283.5 0z\"\/>\n<\/svg>\t\t<\/div>\n\t\t\t\t\t<div class=\"elementor-container elementor-column-gap-default\">\n\t\t\t\t\t<div class=\"elementor-column elementor-col-100 elementor-top-column elementor-element elementor-element-22f4b90\" data-id=\"22f4b90\" data-element_type=\"column\">\n\t\t\t<div class=\"elementor-widget-wrap elementor-element-populated\">\n\t\t\t\t\t\t<div class=\"elementor-element elementor-element-eee9f9c elementor-widget elementor-widget-spacer\" data-id=\"eee9f9c\" data-element_type=\"widget\" data-widget_type=\"spacer.default\">\n\t\t\t\t<div class=\"elementor-widget-container\">\n\t\t\t\t\t\t\t<div class=\"elementor-spacer\">\n\t\t\t<div class=\"elementor-spacer-inner\"><\/div>\n\t\t<\/div>\n\t\t\t\t\t\t<\/div>\n\t\t\t\t<\/div>\n\t\t\t\t<div class=\"elementor-element elementor-element-ead4b96 elementor-widget elementor-widget-text-editor\" data-id=\"ead4b96\" data-element_type=\"widget\" data-widget_type=\"text-editor.default\">\n\t\t\t\t<div class=\"elementor-widget-container\">\n\t\t\t\t\t\t\t\t\t<p>Il\u00a0<strong><a href=\"https:\/\/lost.team\/it\/\" target=\"_blank\" rel=\"noopener\">LOST2<\/a><\/strong><strong>\u00a0<\/strong>\u00e8 un programma che mira ad affrontare il problema delle persone e dei bambini scomparsi in Europa sviluppando un sistema europeo coeso per la ricerca di persone e minori scomparsi. Il programma \u00e8 incentrato sulla creazione di un efficace sistema europeo di ricerca attraverso la definizione di un profilo professionale di base europeo del \u201c<strong>Esperto nella ricerca di persone e minori scomparsi<\/strong>che comprender\u00e0 la progettazione di un sistema di formazione congiunta che incorpori unit\u00e0 formative modulari per l\u2019acquisizione delle competenze e delle conoscenze necessarie per il nuovo profilo professionale.<\/p><p>L\u2019articolazione modulare del percorso formativo \u00e8 prevista sulla base delle Unit\u00e0, che sono aggregate nel Dizionario delle competenze. L\u2019approccio modulare \u00e8 utile per definire il piano di apprendimento completo per l\u2019esercizio della professione, accompagnato dai prerequisiti di accesso. La struttura modulare consente ai beneficiari di selezionare uno o pi\u00f9 moduli per proporre offerte formative in risposta a esigenze specifiche, generalmente di specializzazione\/aggiornamento, per professionisti che gi\u00e0 svolgono attivit\u00e0 simili a quelle previste dal nuovo profilo professionale.<\/p><p>Esiste un modulo \u201czero\u201d non strettamente legato alla figura professionale, che ha come obiettivo la sensibilizzazione al fenomeno delle persone scomparse. Il modulo si rivolge a un pubblico \u201cdiffuso\u201d, che comprende insegnanti, scuole, operatori delle ONG, responsabili degli enti locali, famiglie e soprattutto giovani e minori a rischio di \u201cscomparsa\u201d. I moduli formativi sono accompagnati dal know-how necessario per l\u2019acquisizione dei risultati di apprendimento.<\/p>\t\t\t\t\t\t\t\t<\/div>\n\t\t\t\t<\/div>\n\t\t\t\t<section class=\"elementor-section elementor-inner-section elementor-element elementor-element-86d8e49 elementor-section-content-bottom elementor-section-boxed elementor-section-height-default elementor-section-height-default\" data-id=\"86d8e49\" data-element_type=\"section\">\n\t\t\t\t\t\t<div class=\"elementor-container elementor-column-gap-default\">\n\t\t\t\t\t<div class=\"elementor-column elementor-col-50 elementor-inner-column elementor-element elementor-element-df31810\" data-id=\"df31810\" data-element_type=\"column\">\n\t\t\t<div class=\"elementor-widget-wrap elementor-element-populated\">\n\t\t\t\t\t\t<div class=\"elementor-element elementor-element-f0cf356 elementor-widget__width-initial elementor-widget elementor-widget-text-editor\" data-id=\"f0cf356\" data-element_type=\"widget\" data-widget_type=\"text-editor.default\">\n\t\t\t\t<div class=\"elementor-widget-container\">\n\t\t\t\t\t\t\t\t\t<p>Oltre ai moduli di formazione, il programma prevede una piattaforma OPC (Online Professional Community) che funger\u00e0 da \u201cluogo\u201d online in cui i beneficiari e le parti interessate potranno incontrarsi e interagire. La piattaforma sar\u00e0 pulita e di nicchia e, naturalmente, sar\u00e0 ottimizzata per i motori di ricerca. La piattaforma OPC sar\u00e0 reattiva, si aprir\u00e0 in meno di 2 secondi dai Paesi dell\u2019UE e avr\u00e0 un design minimale in modo da essere reattiva, inclusiva e accessibile. La piattaforma seguir\u00e0 totalmente il protocollo di accessibilit\u00e0 WCAG2.0 e sar\u00e0 rispettosa dell\u2019ambiente, lasciando una piccola Carbon Footprint visitandola.<\/p><p>In sintesi, il programma LOST2 cerca di affrontare il crescente problema delle persone e dei bambini scomparsi in Europa sviluppando un sistema europeo efficace per la ricerca di persone e minori scomparsi. Il programma mira a stabilire un profilo professionale di base europeo di \u201cEsperto nella ricerca di persone e minori scomparsi\u201d e a fornire un sistema di formazione congiunto che incorpori unit\u00e0 formative modulari per l\u2019acquisizione delle competenze e delle conoscenze necessarie per il nuovo profilo professionale. Il programma comprende anche una piattaforma OPC per la comunit\u00e0 professionale online e i servizi educativi, un modulo \u201czero\u201d per aumentare la consapevolezza del fenomeno delle persone scomparse e il feedback e la valutazione dei partecipanti e dei formatori dei piloti. Il programma mira a migliorare la cooperazione tra i professionisti dell\u2019UE e a produrre una versione finale convalidata del programma di formazione e almeno 7 pacchetti multimediali con una relazione di valutazione sull\u2019intero pacchetto formativo.<\/p>\t\t\t\t\t\t\t\t<\/div>\n\t\t\t\t<\/div>\n\t\t\t\t\t<\/div>\n\t\t<\/div>\n\t\t\t\t<div class=\"elementor-column elementor-col-50 elementor-inner-column elementor-element elementor-element-eb90f0f\" data-id=\"eb90f0f\" data-element_type=\"column\">\n\t\t\t<div class=\"elementor-widget-wrap elementor-element-populated\">\n\t\t\t\t\t\t<div class=\"elementor-element elementor-element-b376b59 elementor-widget elementor-widget-image\" data-id=\"b376b59\" data-element_type=\"widget\" data-widget_type=\"image.default\">\n\t\t\t\t<div class=\"elementor-widget-container\">\n\t\t\t\t\t\t\t\t\t\t\t\t\t\t\t<img fetchpriority=\"high\" decoding=\"async\" width=\"640\" height=\"800\" src=\"https:\/\/lost.team\/wp-content\/uploads\/2023\/07\/Lost2-training-2.png\" class=\"attachment-large size-large wp-image-6638\" alt=\"\" srcset=\"https:\/\/lost.team\/wp-content\/uploads\/2023\/07\/Lost2-training-2.png 800w, https:\/\/lost.team\/wp-content\/uploads\/2023\/07\/Lost2-training-2-240x300.png 240w, https:\/\/lost.team\/wp-content\/uploads\/2023\/07\/Lost2-training-2-768x960.png 768w, https:\/\/lost.team\/wp-content\/uploads\/2023\/07\/Lost2-training-2-624x780.png 624w\" sizes=\"(max-width: 640px) 100vw, 640px\" \/>\t\t\t\t\t\t\t\t\t\t\t\t\t\t\t<\/div>\n\t\t\t\t<\/div>\n\t\t\t\t\t<\/div>\n\t\t<\/div>\n\t\t\t\t\t<\/div>\n\t\t<\/section>\n\t\t\t\t<div class=\"elementor-element elementor-element-daf12d5 elementor-widget elementor-widget-spacer\" data-id=\"daf12d5\" data-element_type=\"widget\" data-widget_type=\"spacer.default\">\n\t\t\t\t<div class=\"elementor-widget-container\">\n\t\t\t\t\t\t\t<div class=\"elementor-spacer\">\n\t\t\t<div class=\"elementor-spacer-inner\"><\/div>\n\t\t<\/div>\n\t\t\t\t\t\t<\/div>\n\t\t\t\t<\/div>\n\t\t\t\t<div class=\"elementor-element elementor-element-a4ba794 elementor-align-center elementor-widget elementor-widget-button\" data-id=\"a4ba794\" data-element_type=\"widget\" data-widget_type=\"button.default\">\n\t\t\t\t<div class=\"elementor-widget-container\">\n\t\t\t\t\t\t\t\t\t<div class=\"elementor-button-wrapper\">\n\t\t\t\t\t<a class=\"elementor-button elementor-button-link elementor-size-sm\" href=\"https:\/\/lost.team\/it\/tutti-i-corsi\/\">\n\t\t\t\t\t\t<span class=\"elementor-button-content-wrapper\">\n\t\t\t\t\t\t\t\t\t<span class=\"elementor-button-text\">Vai ai corsi<\/span>\n\t\t\t\t\t<\/span>\n\t\t\t\t\t<\/a>\n\t\t\t\t<\/div>\n\t\t\t\t\t\t\t\t<\/div>\n\t\t\t\t<\/div>\n\t\t\t\t\t<\/div>\n\t\t<\/div>\n\t\t\t\t\t<\/div>\n\t\t<\/section>\n\t\t\t\t<\/div>\n\t\t","protected":false},"excerpt":{"rendered":"<p>formazione Il\u00a0LOST2\u00a0prevede la progettazione di un sistema formativo congiunto che incorpora unit\u00e0 formative modulari per l\u2019acquisizione delle competenze e delle conoscenze necessarie per il nuovo&hellip;<\/p>\n","protected":false},"author":1,"featured_media":0,"parent":0,"menu_order":0,"comment_status":"closed","ping_status":"closed","template":"elementor_header_footer","meta":{"footnotes":""},"class_list":["post-3861","page","type-page","status-publish","hentry"],"_links":{"self":[{"href":"https:\/\/lost.team\/it\/wp-json\/wp\/v2\/pages\/3861","targetHints":{"allow":["GET"]}}],"collection":[{"href":"https:\/\/lost.team\/it\/wp-json\/wp\/v2\/pages"}],"about":[{"href":"https:\/\/lost.team\/it\/wp-json\/wp\/v2\/types\/page"}],"author":[{"embeddable":true,"href":"https:\/\/lost.team\/it\/wp-json\/wp\/v2\/users\/1"}],"replies":[{"embeddable":true,"href":"https:\/\/lost.team\/it\/wp-json\/wp\/v2\/comments?post=3861"}],"version-history":[{"count":14,"href":"https:\/\/lost.team\/it\/wp-json\/wp\/v2\/pages\/3861\/revisions"}],"predecessor-version":[{"id":13993,"href":"https:\/\/lost.team\/it\/wp-json\/wp\/v2\/pages\/3861\/revisions\/13993"}],"wp:attachment":[{"href":"https:\/\/lost.team\/it\/wp-json\/wp\/v2\/media?parent=3861"}],"curies":[{"name":"wp","href":"https:\/\/api.w.org\/{rel}","templated":true}]}}