{"id":3936,"date":"2023-02-21T17:16:15","date_gmt":"2023-02-21T15:16:15","guid":{"rendered":"https:\/\/lost.team\/riconoscimento-professionale\/"},"modified":"2023-08-30T16:40:21","modified_gmt":"2023-08-30T13:40:21","slug":"riconoscimento-professionale","status":"publish","type":"page","link":"https:\/\/lost.team\/it\/riconoscimento-professionale\/","title":{"rendered":"riconoscimento professionale"},"content":{"rendered":"\t\t<div data-elementor-type=\"wp-page\" data-elementor-id=\"3936\" class=\"elementor elementor-3936 elementor-294\" data-elementor-post-type=\"page\">\n\t\t\t\t\t\t<section class=\"elementor-section elementor-top-section elementor-element elementor-element-24eca65 elementor-section-content-bottom elementor-section-height-min-height elementor-section-items-bottom elementor-section-boxed elementor-section-height-default\" data-id=\"24eca65\" data-element_type=\"section\" data-settings=\"{&quot;background_background&quot;:&quot;video&quot;,&quot;background_video_link&quot;:&quot;https:\\\/\\\/lost.team\\\/wp-content\\\/uploads\\\/2023\\\/07\\\/Lost2-Prof-Recognition-1.m4v&quot;,&quot;shape_divider_bottom&quot;:&quot;opacity-fan&quot;}\">\n\t\t\t\t\t\t\t\t<div class=\"elementor-background-video-container elementor-hidden-mobile\">\n\t\t\t\t\t\t\t\t\t\t\t\t\t<video class=\"elementor-background-video-hosted\" autoplay muted playsinline loop><\/video>\n\t\t\t\t\t\t\t\t\t\t\t<\/div>\n\t\t\t\t\t\t\t\t\t<div class=\"elementor-background-overlay\"><\/div>\n\t\t\t\t\t\t<div class=\"elementor-shape elementor-shape-bottom\" aria-hidden=\"true\" data-negative=\"false\">\n\t\t\t<svg xmlns=\"http:\/\/www.w3.org\/2000\/svg\" viewBox=\"0 0 283.5 19.6\" preserveAspectRatio=\"none\">\n\t<path class=\"elementor-shape-fill\" style=\"opacity:0.33\" d=\"M0 0L0 18.8 141.8 4.1 283.5 18.8 283.5 0z\"\/>\n\t<path class=\"elementor-shape-fill\" style=\"opacity:0.33\" d=\"M0 0L0 12.6 141.8 4 283.5 12.6 283.5 0z\"\/>\n\t<path class=\"elementor-shape-fill\" style=\"opacity:0.33\" d=\"M0 0L0 6.4 141.8 4 283.5 6.4 283.5 0z\"\/>\n\t<path class=\"elementor-shape-fill\" d=\"M0 0L0 1.2 141.8 4 283.5 1.2 283.5 0z\"\/>\n<\/svg>\t\t<\/div>\n\t\t\t\t\t<div class=\"elementor-container elementor-column-gap-default\">\n\t\t\t\t\t<div class=\"elementor-column elementor-col-100 elementor-top-column elementor-element elementor-element-678c580b\" data-id=\"678c580b\" data-element_type=\"column\">\n\t\t\t<div class=\"elementor-widget-wrap elementor-element-populated\">\n\t\t\t\t\t\t<section class=\"elementor-section elementor-inner-section elementor-element elementor-element-2d0b1b2b elementor-section-content-middle elementor-section-boxed elementor-section-height-default elementor-section-height-default\" data-id=\"2d0b1b2b\" data-element_type=\"section\">\n\t\t\t\t\t\t<div class=\"elementor-container elementor-column-gap-default\">\n\t\t\t\t\t<div class=\"elementor-column elementor-col-50 elementor-inner-column elementor-element elementor-element-14e9112\" data-id=\"14e9112\" data-element_type=\"column\">\n\t\t\t<div class=\"elementor-widget-wrap elementor-element-populated\">\n\t\t\t\t\t\t<div class=\"elementor-element elementor-element-72167217 e-transform elementor-widget elementor-widget-heading\" data-id=\"72167217\" data-element_type=\"widget\" data-settings=\"{&quot;_transform_rotateZ_effect&quot;:{&quot;unit&quot;:&quot;px&quot;,&quot;size&quot;:-90,&quot;sizes&quot;:[]},&quot;_transform_rotateZ_effect_tablet&quot;:{&quot;unit&quot;:&quot;deg&quot;,&quot;size&quot;:&quot;&quot;,&quot;sizes&quot;:[]},&quot;_transform_rotateZ_effect_mobile&quot;:{&quot;unit&quot;:&quot;deg&quot;,&quot;size&quot;:&quot;&quot;,&quot;sizes&quot;:[]}}\" data-widget_type=\"heading.default\">\n\t\t\t\t<div class=\"elementor-widget-container\">\n\t\t\t\t\t<h1 class=\"elementor-heading-title elementor-size-default\">riconoscimento professionale<\/h1>\t\t\t\t<\/div>\n\t\t\t\t<\/div>\n\t\t\t\t\t<\/div>\n\t\t<\/div>\n\t\t\t\t<div class=\"elementor-column elementor-col-50 elementor-inner-column elementor-element elementor-element-77444a8d\" data-id=\"77444a8d\" data-element_type=\"column\" data-settings=\"{&quot;background_background&quot;:&quot;classic&quot;}\">\n\t\t\t<div class=\"elementor-widget-wrap elementor-element-populated\">\n\t\t\t\t\t\t<div class=\"elementor-element elementor-element-2d68c3e5 elementor-widget elementor-widget-text-editor\" data-id=\"2d68c3e5\" data-element_type=\"widget\" data-widget_type=\"text-editor.default\">\n\t\t\t\t<div class=\"elementor-widget-container\">\n\t\t\t\t\t\t\t\t\t<p>Il progetto LOST2 fornisce un dizionario aggiornato delle competenze che identifica le abilit\u00e0 e le conoscenze essenziali necessarie per le migliori pratiche nelle indagini e nella gestione dei rapporti con le famiglie dei minori scomparsi.<\/p>\n<p>Il progetto offre una documentazione preparatoria per la qualificazione, che comprende le definizioni dei contesti sociali e legali, l&#8217;analisi delle migliori pratiche e un Dizionario delle competenze basato su un modello di competenze allineato al Quadro europeo delle qualifiche.<\/p>\n\t\t\t\t\t\t\t\t<\/div>\n\t\t\t\t<\/div>\n\t\t\t\t\t<\/div>\n\t\t<\/div>\n\t\t\t\t\t<\/div>\n\t\t<\/section>\n\t\t\t\t<div class=\"elementor-element elementor-element-dfcfb5f elementor-align-center elementor-widget elementor-widget-button\" data-id=\"dfcfb5f\" data-element_type=\"widget\" data-widget_type=\"button.default\">\n\t\t\t\t<div class=\"elementor-widget-container\">\n\t\t\t\t\t\t\t\t\t<div class=\"elementor-button-wrapper\">\n\t\t\t\t\t<a class=\"elementor-button elementor-button-link elementor-size-sm\" href=\"#1\">\n\t\t\t\t\t\t<span class=\"elementor-button-content-wrapper\">\n\t\t\t\t\t\t<span class=\"elementor-button-icon\">\n\t\t\t\t<i aria-hidden=\"true\" class=\"fas fa-angle-down\"><\/i>\t\t\t<\/span>\n\t\t\t\t\t\t\t\t\t<span class=\"elementor-button-text\">di pi\u00f9<\/span>\n\t\t\t\t\t<\/span>\n\t\t\t\t\t<\/a>\n\t\t\t\t<\/div>\n\t\t\t\t\t\t\t\t<\/div>\n\t\t\t\t<\/div>\n\t\t\t\t\t<\/div>\n\t\t<\/div>\n\t\t\t\t\t<\/div>\n\t\t<\/section>\n\t\t\t\t<section class=\"elementor-section elementor-top-section elementor-element elementor-element-0f34d29 elementor-section-boxed elementor-section-height-default elementor-section-height-default\" data-id=\"0f34d29\" data-element_type=\"section\" id=\"1\" data-settings=\"{&quot;shape_divider_top&quot;:&quot;opacity-fan&quot;}\">\n\t\t\t\t\t<div class=\"elementor-shape elementor-shape-top\" aria-hidden=\"true\" data-negative=\"false\">\n\t\t\t<svg xmlns=\"http:\/\/www.w3.org\/2000\/svg\" viewBox=\"0 0 283.5 19.6\" preserveAspectRatio=\"none\">\n\t<path class=\"elementor-shape-fill\" style=\"opacity:0.33\" d=\"M0 0L0 18.8 141.8 4.1 283.5 18.8 283.5 0z\"\/>\n\t<path class=\"elementor-shape-fill\" style=\"opacity:0.33\" d=\"M0 0L0 12.6 141.8 4 283.5 12.6 283.5 0z\"\/>\n\t<path class=\"elementor-shape-fill\" style=\"opacity:0.33\" d=\"M0 0L0 6.4 141.8 4 283.5 6.4 283.5 0z\"\/>\n\t<path class=\"elementor-shape-fill\" d=\"M0 0L0 1.2 141.8 4 283.5 1.2 283.5 0z\"\/>\n<\/svg>\t\t<\/div>\n\t\t\t\t\t<div class=\"elementor-container elementor-column-gap-default\">\n\t\t\t\t\t<div class=\"elementor-column elementor-col-100 elementor-top-column elementor-element elementor-element-689800c\" data-id=\"689800c\" data-element_type=\"column\">\n\t\t\t<div class=\"elementor-widget-wrap elementor-element-populated\">\n\t\t\t\t\t\t<div class=\"elementor-element elementor-element-cb08453 elementor-widget elementor-widget-spacer\" data-id=\"cb08453\" data-element_type=\"widget\" data-widget_type=\"spacer.default\">\n\t\t\t\t<div class=\"elementor-widget-container\">\n\t\t\t\t\t\t\t<div class=\"elementor-spacer\">\n\t\t\t<div class=\"elementor-spacer-inner\"><\/div>\n\t\t<\/div>\n\t\t\t\t\t\t<\/div>\n\t\t\t\t<\/div>\n\t\t\t\t<div class=\"elementor-element elementor-element-7cea765f elementor-widget elementor-widget-text-editor\" data-id=\"7cea765f\" data-element_type=\"widget\" data-widget_type=\"text-editor.default\">\n\t\t\t\t<div class=\"elementor-widget-container\">\n\t\t\t\t\t\t\t\t\t<p>Il problema dei bambini rifugiati non accompagnati che sono scomparsi dopo essere arrivati in Europa \u00e8 una preoccupazione crescente in diversi Paesi europei, tra cui\u00a0<strong>Italia, Grecia, Portogallo, Spagna, Belgio e Norvegia<\/strong>. Per affrontare questo tema, conduciamo un\u2019indagine sui diversi contesti sociali e giuridici di questi Paesi, compreso il modo in cui le istituzioni dell\u2019UE, come la Commissione europea e il Parlamento, gestiscono il fenomeno, in particolare la questione dei bambini scomparsi.<\/p><p>L\u2019indagine mira a identificare i fattori che contribuiscono alla scomparsa dei bambini rifugiati non accompagnati e le difficolt\u00e0 nel localizzarli. I risultati dell\u2019indagine contribuiranno alla stesura di un\u00a0<strong>Dizionario delle competenze<\/strong>\u00a0aggiornato, che identificher\u00e0 le abilit\u00e0, le conoscenze e i comportamenti essenziali necessari per le migliori pratiche di indagine e gestione dei rapporti con le famiglie dei minori scomparsi.<\/p><p>Il<strong>\u00a0Dizionario delle competenze<\/strong>\u00a0\u00e8 una componente fondamentale del progetto, in quanto\u00a0<strong>contribuir\u00e0 a stabilire una qualifica per i professionisti e gli esperti coinvolti nella ricerca di persone e bambini scomparsi<\/strong>. La qualifica sar\u00e0\u00a0<strong>riconosciuta in Italia, Grecia, Portogallo, Spagna e Norvegia<\/strong>\u00a0e sar\u00e0 composta da tre sezioni:<\/p><ul><li>definizione dei contesti sociali e legali e delle caratteristiche del fenomeno delle persone scomparse nei Paesi dell\u2019UE e a livello europeo;<\/li><li>analisi delle migliori pratiche in materia di tecniche\/procedure e misure investigative fornite da istituzioni locali e nazionali e associazioni di ONG;<\/li><li>un Dizionario delle competenze che identifica le competenze specifiche di professionisti ed esperti nella ricerca di persone e bambini scomparsi.<\/li><\/ul>\t\t\t\t\t\t\t\t<\/div>\n\t\t\t\t<\/div>\n\t\t\t\t<section class=\"elementor-section elementor-inner-section elementor-element elementor-element-d946537 elementor-section-content-bottom elementor-section-boxed elementor-section-height-default elementor-section-height-default\" data-id=\"d946537\" data-element_type=\"section\">\n\t\t\t\t\t\t<div class=\"elementor-container elementor-column-gap-default\">\n\t\t\t\t\t<div class=\"elementor-column elementor-col-50 elementor-inner-column elementor-element elementor-element-ab7e480\" data-id=\"ab7e480\" data-element_type=\"column\">\n\t\t\t<div class=\"elementor-widget-wrap elementor-element-populated\">\n\t\t\t\t\t\t<div class=\"elementor-element elementor-element-214588d6 elementor-widget elementor-widget-text-editor\" data-id=\"214588d6\" data-element_type=\"widget\" data-widget_type=\"text-editor.default\">\n\t\t\t\t<div class=\"elementor-widget-container\">\n\t\t\t\t\t\t\t\t\t<p>La metodologia utilizzata per il Dizionario delle competenze si basa su un modello di competenze allineato al Quadro europeo delle qualifiche (EQF) e risponde alla Classificazione europea standard delle professioni (ESCO). Il modello contribuisce a garantire che\u00a0<strong>le competenze individuate siano riconosciute e trasferibili in diversi Paesi<\/strong>\u00a0e a\u00a0<strong>sostenere la mobilit\u00e0 di professionisti ed esperti<\/strong>.<\/p><p><a href=\"https:\/\/lost.team\/it\/\" target=\"_blank\" rel=\"noopener\"><strong>LOST2<\/strong><\/a>\u00a0contribuisce anche allo sviluppo delle<strong>\u00a0migliori pratiche nelle tecniche e nelle procedure di indagine<\/strong>, nonch\u00e9 delle\u00a0<strong>misure fornite dalle istituzioni locali e nazionali e dalle associazioni di ONG<\/strong>. Queste migliori pratiche contribuiranno a migliorare l\u2019efficacia e l\u2019efficienza degli sforzi per localizzare i bambini rifugiati non accompagnati scomparsi.<\/p><p>Il\u00a0<strong>Dizionario delle competenze dovrebbe svolgere un ruolo cruciale nella definizione di una qualifica per i professionisti e gli esperti coinvolti nella ricerca di persone e bambini scomparsi<\/strong>. La qualifica contribuir\u00e0 a garantire che i professionisti e gli esperti abbiano le competenze, le conoscenze e i comportamenti necessari per indagare e gestire efficacemente i rapporti con le famiglie dei minori scomparsi. Questo migliorer\u00e0 la qualit\u00e0 degli sforzi per localizzare i bambini rifugiati non accompagnati scomparsi e porter\u00e0 a risultati migliori per i bambini e le loro famiglie.<\/p>\t\t\t\t\t\t\t\t<\/div>\n\t\t\t\t<\/div>\n\t\t\t\t\t<\/div>\n\t\t<\/div>\n\t\t\t\t<div class=\"elementor-column elementor-col-50 elementor-inner-column elementor-element elementor-element-9632918\" data-id=\"9632918\" data-element_type=\"column\">\n\t\t\t<div class=\"elementor-widget-wrap elementor-element-populated\">\n\t\t\t\t\t\t<div class=\"elementor-element elementor-element-1171dd4 elementor-widget elementor-widget-image\" data-id=\"1171dd4\" data-element_type=\"widget\" data-widget_type=\"image.default\">\n\t\t\t\t<div class=\"elementor-widget-container\">\n\t\t\t\t\t\t\t\t\t\t\t\t\t\t\t<img fetchpriority=\"high\" decoding=\"async\" width=\"1000\" height=\"666\" src=\"https:\/\/lost.team\/wp-content\/uploads\/2023\/07\/Lost2-prof-recogn-e1689596963997.png\" class=\"attachment-full size-full wp-image-6603\" alt=\"\" \/>\t\t\t\t\t\t\t\t\t\t\t\t\t\t\t<\/div>\n\t\t\t\t<\/div>\n\t\t\t\t\t<\/div>\n\t\t<\/div>\n\t\t\t\t\t<\/div>\n\t\t<\/section>\n\t\t\t\t<div class=\"elementor-element elementor-element-f3e02a6 elementor-widget elementor-widget-tp-countdown\" data-id=\"f3e02a6\" data-element_type=\"widget\" data-widget_type=\"tp-countdown.default\">\n\t\t\t\t<div class=\"elementor-widget-container\">\n\t\t\t\t\t<div class=\"tp-countdown tp-widget-f3e02a6 countdown-style-1\" data-basic=\"{&quot;widgetid&quot;:&quot;f3e02a6&quot;,&quot;type&quot;:&quot;normal&quot;,&quot;style&quot;:&quot;style-1&quot;,&quot;expiry&quot;:&quot;none&quot;,&quot;days&quot;:&quot;Giorni&quot;,&quot;hours&quot;:&quot;Ore&quot;,&quot;minutes&quot;:&quot;Verbale&quot;,&quot;seconds&quot;:&quot;Secondi&quot;,&quot;daysenable&quot;:true,&quot;hoursenable&quot;:true,&quot;minutesenable&quot;:true,&quot;secondsenable&quot;:true,&quot;offset&quot;:3,&quot;normalexpiry&quot;:false,&quot;timer&quot;:&quot;03\\\/01\\\/2024 14:27:00&quot;}\"  ><ul class=\"pt_plus_countdown count_down69ebd63fe993f count-inline-style \" ><li class=\"count_1 \"><span class=\"days\">00<\/span><p class=\"days_ref label-ref\">Giorni<\/p><\/li><li class=\"count_2 \"><span class=\"hours\">00<\/span><p class=\"hours_ref label-ref\">Ore<\/p><\/li><li class=\"count_3 \"><span class=\"minutes\">00<\/span><p class=\"minutes_ref label-ref\">Verbale<\/p><\/li><li class=\"count_4 \"><span class=\"seconds last\">00<\/span><p class=\"seconds_ref label-ref\">Secondi<\/p><\/li><\/ul><\/div>\t\t\t\t<\/div>\n\t\t\t\t<\/div>\n\t\t\t\t\t<\/div>\n\t\t<\/div>\n\t\t\t\t\t<\/div>\n\t\t<\/section>\n\t\t\t\t<\/div>\n\t\t","protected":false},"excerpt":{"rendered":"<p>riconoscimento professionale Il progetto LOST2 fornisce un dizionario aggiornato delle competenze che identifica le abilit\u00e0 e le conoscenze essenziali necessarie per le migliori pratiche nelle&hellip;<\/p>\n","protected":false},"author":1,"featured_media":0,"parent":0,"menu_order":0,"comment_status":"closed","ping_status":"closed","template":"elementor_header_footer","meta":{"footnotes":""},"class_list":["post-3936","page","type-page","status-publish","hentry"],"_links":{"self":[{"href":"https:\/\/lost.team\/it\/wp-json\/wp\/v2\/pages\/3936","targetHints":{"allow":["GET"]}}],"collection":[{"href":"https:\/\/lost.team\/it\/wp-json\/wp\/v2\/pages"}],"about":[{"href":"https:\/\/lost.team\/it\/wp-json\/wp\/v2\/types\/page"}],"author":[{"embeddable":true,"href":"https:\/\/lost.team\/it\/wp-json\/wp\/v2\/users\/1"}],"replies":[{"embeddable":true,"href":"https:\/\/lost.team\/it\/wp-json\/wp\/v2\/comments?post=3936"}],"version-history":[{"count":5,"href":"https:\/\/lost.team\/it\/wp-json\/wp\/v2\/pages\/3936\/revisions"}],"predecessor-version":[{"id":6838,"href":"https:\/\/lost.team\/it\/wp-json\/wp\/v2\/pages\/3936\/revisions\/6838"}],"wp:attachment":[{"href":"https:\/\/lost.team\/it\/wp-json\/wp\/v2\/media?parent=3936"}],"curies":[{"name":"wp","href":"https:\/\/api.w.org\/{rel}","templated":true}]}}