{"id":12990,"date":"2025-03-06T13:18:51","date_gmt":"2025-03-06T11:18:51","guid":{"rendered":"https:\/\/lost.team\/alle-kurs\/"},"modified":"2025-04-28T16:25:09","modified_gmt":"2025-04-28T13:25:09","slug":"alle-kurs","status":"publish","type":"page","link":"https:\/\/lost.team\/no\/alle-kurs\/","title":{"rendered":"Alle kurs"},"content":{"rendered":"\t\t<div data-elementor-type=\"wp-page\" data-elementor-id=\"12990\" class=\"elementor elementor-12990 elementor-10977\" data-elementor-post-type=\"page\">\n\t\t\t\t\t\t<section class=\"elementor-section elementor-top-section elementor-element elementor-element-36a0571 elementor-section-height-min-height elementor-section-content-middle elementor-section-boxed elementor-section-height-default elementor-section-items-middle\" data-id=\"36a0571\" data-element_type=\"section\" data-settings=\"{&quot;background_background&quot;:&quot;video&quot;,&quot;background_video_link&quot;:&quot;https:\\\/\\\/lost.team\\\/wp-content\\\/uploads\\\/2023\\\/07\\\/Lost2-Training-1.m4v&quot;,&quot;shape_divider_bottom&quot;:&quot;opacity-fan&quot;,&quot;background_play_on_mobile&quot;:&quot;yes&quot;}\">\n\t\t\t\t\t\t\t\t<div class=\"elementor-background-video-container\">\n\t\t\t\t\t\t\t\t\t\t\t\t\t<video class=\"elementor-background-video-hosted\" autoplay muted playsinline loop><\/video>\n\t\t\t\t\t\t\t\t\t\t\t<\/div>\n\t\t\t\t\t\t\t\t\t<div class=\"elementor-background-overlay\"><\/div>\n\t\t\t\t\t\t<div class=\"elementor-shape elementor-shape-bottom\" aria-hidden=\"true\" data-negative=\"false\">\n\t\t\t<svg xmlns=\"http:\/\/www.w3.org\/2000\/svg\" viewBox=\"0 0 283.5 19.6\" preserveAspectRatio=\"none\">\n\t<path class=\"elementor-shape-fill\" style=\"opacity:0.33\" d=\"M0 0L0 18.8 141.8 4.1 283.5 18.8 283.5 0z\"><\/path>\n\t<path class=\"elementor-shape-fill\" style=\"opacity:0.33\" d=\"M0 0L0 12.6 141.8 4 283.5 12.6 283.5 0z\"><\/path>\n\t<path class=\"elementor-shape-fill\" style=\"opacity:0.33\" d=\"M0 0L0 6.4 141.8 4 283.5 6.4 283.5 0z\"><\/path>\n\t<path class=\"elementor-shape-fill\" d=\"M0 0L0 1.2 141.8 4 283.5 1.2 283.5 0z\"><\/path>\n<\/svg>\t\t<\/div>\n\t\t\t\t\t<div class=\"elementor-container elementor-column-gap-default\">\n\t\t\t\t\t<div class=\"elementor-column elementor-col-100 elementor-top-column elementor-element elementor-element-e2345b4\" data-id=\"e2345b4\" data-element_type=\"column\">\n\t\t\t<div class=\"elementor-widget-wrap elementor-element-populated\">\n\t\t\t\t\t\t<section class=\"elementor-section elementor-inner-section elementor-element elementor-element-536d850 elementor-section-content-middle elementor-section-boxed elementor-section-height-default elementor-section-height-default\" data-id=\"536d850\" data-element_type=\"section\">\n\t\t\t\t\t\t<div class=\"elementor-container elementor-column-gap-default\">\n\t\t\t\t\t<div class=\"elementor-column elementor-col-100 elementor-inner-column elementor-element elementor-element-933aa04\" data-id=\"933aa04\" data-element_type=\"column\">\n\t\t\t<div class=\"elementor-widget-wrap elementor-element-populated\">\n\t\t\t\t\t\t<div class=\"elementor-element elementor-element-227b05c elementor-widget elementor-widget-heading\" data-id=\"227b05c\" data-element_type=\"widget\" data-widget_type=\"heading.default\">\n\t\t\t\t<div class=\"elementor-widget-container\">\n\t\t\t\t\t<h2 class=\"elementor-heading-title elementor-size-default\">Ekspert i forskning p\u00e5 savnede personer og barn<\/h2>\t\t\t\t<\/div>\n\t\t\t\t<\/div>\n\t\t\t\t\t<\/div>\n\t\t<\/div>\n\t\t\t\t\t<\/div>\n\t\t<\/section>\n\t\t\t\t\t<\/div>\n\t\t<\/div>\n\t\t\t\t\t<\/div>\n\t\t<\/section>\n\t\t\t\t<section class=\"elementor-section elementor-top-section elementor-element elementor-element-f612635 elementor-section-boxed elementor-section-height-default elementor-section-height-default\" data-id=\"f612635\" data-element_type=\"section\">\n\t\t\t\t\t\t<div class=\"elementor-container elementor-column-gap-default\">\n\t\t\t\t\t<div class=\"elementor-column elementor-col-100 elementor-top-column elementor-element elementor-element-74f6fdf\" data-id=\"74f6fdf\" data-element_type=\"column\">\n\t\t\t<div class=\"elementor-widget-wrap elementor-element-populated\">\n\t\t\t\t\t\t<div class=\"elementor-element elementor-element-e59062c elementor-widget elementor-widget-spacer\" data-id=\"e59062c\" data-element_type=\"widget\" data-widget_type=\"spacer.default\">\n\t\t\t\t<div class=\"elementor-widget-container\">\n\t\t\t\t\t\t\t<div class=\"elementor-spacer\">\n\t\t\t<div class=\"elementor-spacer-inner\"><\/div>\n\t\t<\/div>\n\t\t\t\t\t\t<\/div>\n\t\t\t\t<\/div>\n\t\t\t\t<div class=\"elementor-element elementor-element-c329a2a elementor-widget elementor-widget-text-editor\" data-id=\"c329a2a\" data-element_type=\"widget\" data-widget_type=\"text-editor.default\">\n\t\t\t\t<div class=\"elementor-widget-container\">\n\t\t\t\t\t\t\t\t\t<h4>Introduksjon<\/h4>\n<p>I mangel av et tydelig og felles forskningssystem spiller &laquo;eksperten i etterforskning av savnede personer&raquo; en grunnleggende rolle i \u00e5 koordinere og st\u00f8tte familiene, ogs\u00e5 i forhold til det nasjonale regelverkets referansesystem, politiets prosedyrer og frivillige organisasjoner som tilbyr st\u00f8ttetjenester til familier. Kurset tar sikte p\u00e5 \u00e5 utdanne alle som er interessert i \u00e5 forbedre sine ferdigheter og kunnskaper for \u00e5 skape en profesjonell figur integrert p\u00e5 europeisk niv\u00e5 og i stand til \u00e5 bruke alle verkt\u00f8yene som er n\u00f8dvendige for \u00e5 st\u00f8tte familier og de krefter som er involvert i forskning. <\/p>\n\t\t\t\t\t\t\t\t<\/div>\n\t\t\t\t<\/div>\n\t\t\t\t<div class=\"elementor-element elementor-element-4ab7aed elementor-align-center elementor-widget elementor-widget-button\" data-id=\"4ab7aed\" data-element_type=\"widget\" data-widget_type=\"button.default\">\n\t\t\t\t<div class=\"elementor-widget-container\">\n\t\t\t\t\t\t\t\t\t<div class=\"elementor-button-wrapper\">\n\t\t\t\t\t<a class=\"elementor-button elementor-button-link elementor-size-sm\" href=\"https:\/\/lost.team\/wp-content\/uploads\/2025\/04\/Lost2_NO_Training_Platform_User_Guide.pdf\" target=\"_blank\">\n\t\t\t\t\t\t<span class=\"elementor-button-content-wrapper\">\n\t\t\t\t\t\t\t\t\t<span class=\"elementor-button-text\">Brukerveiledning<\/span>\n\t\t\t\t\t<\/span>\n\t\t\t\t\t<\/a>\n\t\t\t\t<\/div>\n\t\t\t\t\t\t\t\t<\/div>\n\t\t\t\t<\/div>\n\t\t\t\t<div class=\"elementor-element elementor-element-73799df elementor-widget elementor-widget-ld-courses\" data-id=\"73799df\" data-element_type=\"widget\" data-widget_type=\"ld-courses.default\">\n\t\t\t\t<div class=\"elementor-widget-container\">\n\t\t\t\t\t<div id=\"learndash-content\" class=\"learndash-course-list learndash-course-list--elementor learndash-course-list--classic noTitle noSearch noCourseNavigation noPagination learndash-course-list--featured noMeta\">\n\t<form data-current_page_url=\"https:\/\/lost.team\/no\/alle-kurs\/\" id=\"bb-courses-directory-form\" class=\"bb-elementor-widget bb-courses-directory\" method=\"get\" action=\"\">\n\n\n\t\t\t\t\t<input type=\"hidden\" name=\"current_page\" value=\"1\"\/>\n\t\t\t<div class=\"flex align-items-center bb-courses-header\">\n\t\t\t\t\t\t\t\t<\/div>\n\t\t\n\t\t<div class=\"ld-secondary-header\">\n\t\t\t<div class=\"bb-secondary-list-tabs flex align-items-center\" id=\"subnav\" aria-label=\"Members directory secondary navigation\" role=\"navigation\">\n\n\t\t\t\t<input type=\"hidden\" id=\"course-order\" name=\"order\" value=\"desc\"\/>\n\t\t\t\t<input type=\"hidden\" id=\"post-per-page\" name=\"posts_per_page\" value=\"10\"\/>\n\t\t\t\t<input type=\"hidden\" id=\"current-page\" name=\"current_page\" value=\"1\"\/>\n\n\t\t\t\t<div class=\"sfwd-courses-filters flex push-right\">\n\t\t\t\t\t<div class=\"select-wrap hide\">\n\t\t\t\t\t\t<select id=\"sfwd_prs-order-by\" name=\"orderby\">\n\t\t\t\t\t\t\t<option value='alphabetical'  selected='selected'>Alfabetisk<\/option><option value='recent'>Nyopprettet<\/option>\t\t\t\t\t\t<\/select>\n\t\t\t\t\t<\/div>\n\n\t\t\t\t\t\t\t\t\t\t\t\t<div class=\"select-wrap hide\">\n\t\t\t\t\t\t\t\t\t\t\t\t\t\t\t<\/div>\n\t\t\t\t\t\t\t\n\t\t\t\t\t<div class=\"select-wrap hide\">\n\t\t\t\t\t\t<select id=\"sfwd_instructors-order-by\" name=\"filter-instructors\">\n\t\t\t\t\t\t\t<option value='all'>All Instructors<\/option><option value='3'>Tasos<\/option><option value='2'>george<\/option>\t\t\t\t\t\t<\/select>\n\t\t\t\t\t<\/div>\n\t\t\t\t<\/div>\n\n\t\t\t\t<div class=\"grid-filters hide\" data-view=\"ld-course\">\n\t\t\t\t\t<a href=\"#\" class=\"layout-view layout-view-course layout-grid-view bp-tooltip active\" data-view=\"grid\" data-bp-tooltip-pos=\"up\" data-bp-tooltip=\"Grid View\">\n\t\t\t\t\t\t<i class=\"dashicons dashicons-screenoptions\" aria-hidden=\"true\"><\/i>\n\t\t\t\t\t<\/a>\n\n\t\t\t\t\t<a href=\"#\" class=\"layout-view layout-view-course layout-list-view bp-tooltip \" data-view=\"list\" data-bp-tooltip-pos=\"up\" data-bp-tooltip=\"List View\">\n\t\t\t\t\t\t<i class=\"dashicons dashicons-menu\" aria-hidden=\"true\"><\/i>\n\t\t\t\t\t<\/a>\n\t\t\t\t<\/div>\n\t\t\t<\/div>\n\t\t<\/div>\n\n\t\t<div class=\"grid-view bb-grid grid-box-\">\n\n\t\t\t<div id=\"course-dir-list\" class=\"course-dir-list bs-dir-list columns-default course-dir-list--media course-dir-list--status\">\n\t\t\t\t\t\t\t\t\t<ul class=\"bb-card-list bb-course-items list-view bb-list hide \" aria-live=\"assertive\" aria-relevant=\"all\">\n\t\t\t\t\t\t\n<li class=\"bb-course-item-wrap\">\n\n\t<div class=\"bb-cover-list-item \">\n\t\t<div class=\"bb-course-cover\">\n\t\t\t<a title=\"Kurs 0. Forebygging og begrensning av bortf\u00f8ring\" href=\"https:\/\/lost.team\/no\/courses\/kurs-0-forebygging-og-begrensning-av-bortforing\/\" class=\"bb-cover-wrap\">\n\t\t\t\t<div class=\"ld-status ld-status-incomplete ld-third-background\">Gratis<\/div>\n\t\t\t\t<img decoding=\"async\" width=\"300\" height=\"158\" src=\"https:\/\/lost.team\/wp-content\/uploads\/2025\/02\/featured-00-300x158.jpg\" class=\"attachment-medium size-medium wp-post-image\" alt=\"\" srcset=\"https:\/\/lost.team\/wp-content\/uploads\/2025\/02\/featured-00-300x158.jpg 300w, https:\/\/lost.team\/wp-content\/uploads\/2025\/02\/featured-00-1024x538.jpg 1024w, https:\/\/lost.team\/wp-content\/uploads\/2025\/02\/featured-00-768x403.jpg 768w, https:\/\/lost.team\/wp-content\/uploads\/2025\/02\/featured-00-624x328.jpg 624w, https:\/\/lost.team\/wp-content\/uploads\/2025\/02\/featured-00.jpg 1200w\" sizes=\"(max-width: 300px) 100vw, 300px\" \/>\t\t\t<\/a>\n\t\t<\/div>\n\n\t\t<div class=\"bb-card-course-details bb-card-course-details--noAccess\">\n\t\t\t<div class=\"course-lesson-count\">2 Moduler<\/div>\t\t\t<h2 class=\"bb-course-title \">\n\t\t\t\t<a title=\"Kurs 0. Forebygging og begrensning av bortf\u00f8ring\" href=\"https:\/\/lost.team\/no\/courses\/kurs-0-forebygging-og-begrensning-av-bortforing\/\">Kurs 0. Forebygging og begrensning av bortf\u00f8ring<\/a>\n\t\t\t<\/h2>\n\n\t\t\t\n\t\t\t\n\t\t\t<div class=\"bb-course-excerpt\">\n\t\t\t\tIntroduksjon Modul 0 er for alle som er interessert i \u00e5 f\u00e5 grunnleggende kunnskap om hvordan man kan forebygge og redusere bortf\u00f8ring. Modulen er delt&hellip;\t\t\t<\/div>\n\n\t\t\t\t\t<\/div>\n\t<\/div>\n<\/li>\n\n<li class=\"bb-course-item-wrap\">\n\n\t<div class=\"bb-cover-list-item \">\n\t\t<div class=\"bb-course-cover\">\n\t\t\t<a title=\"Kurs 1. Assistanse og forebygging\" href=\"https:\/\/lost.team\/no\/courses\/kurs-1-assistanse-og-forebygging\/\" class=\"bb-cover-wrap\">\n\t\t\t\t<div class=\"ld-status ld-status-incomplete ld-third-background\">Gratis<\/div>\n\t\t\t\t<img decoding=\"async\" width=\"300\" height=\"158\" src=\"https:\/\/lost.team\/wp-content\/uploads\/2025\/02\/featured-01-300x158.jpg\" class=\"attachment-medium size-medium wp-post-image\" alt=\"\" srcset=\"https:\/\/lost.team\/wp-content\/uploads\/2025\/02\/featured-01-300x158.jpg 300w, https:\/\/lost.team\/wp-content\/uploads\/2025\/02\/featured-01-1024x538.jpg 1024w, https:\/\/lost.team\/wp-content\/uploads\/2025\/02\/featured-01-768x403.jpg 768w, https:\/\/lost.team\/wp-content\/uploads\/2025\/02\/featured-01-624x328.jpg 624w, https:\/\/lost.team\/wp-content\/uploads\/2025\/02\/featured-01.jpg 1200w\" sizes=\"(max-width: 300px) 100vw, 300px\" \/>\t\t\t<\/a>\n\t\t<\/div>\n\n\t\t<div class=\"bb-card-course-details bb-card-course-details--noAccess\">\n\t\t\t<div class=\"course-lesson-count\">3 Moduler<\/div>\t\t\t<h2 class=\"bb-course-title \">\n\t\t\t\t<a title=\"Kurs 1. Assistanse og forebygging\" href=\"https:\/\/lost.team\/no\/courses\/kurs-1-assistanse-og-forebygging\/\">Kurs 1. Assistanse og forebygging<\/a>\n\t\t\t<\/h2>\n\n\t\t\t\n\t\t\t\n\t\t\t<div class=\"bb-course-excerpt\">\n\t\t\t\tIntroduksjon Kurset tar for seg sentrale sp\u00f8rsm\u00e5l knyttet til institusjonelle kommunikasjonsteknikker og h\u00e5ndtering av forholdet til media og de involverte familiene. De ulike \u00e5rsakene til&hellip;\t\t\t<\/div>\n\n\t\t\t\t\t<\/div>\n\t<\/div>\n<\/li>\n\n<li class=\"bb-course-item-wrap\">\n\n\t<div class=\"bb-cover-list-item \">\n\t\t<div class=\"bb-course-cover\">\n\t\t\t<a title=\"Kurs 2. St\u00f8tte til familien\" href=\"https:\/\/lost.team\/no\/courses\/kurs-2-stotte-til-familien\/\" class=\"bb-cover-wrap\">\n\t\t\t\t<div class=\"ld-status ld-status-incomplete ld-third-background\">Gratis<\/div>\n\t\t\t\t<img decoding=\"async\" width=\"300\" height=\"158\" src=\"https:\/\/lost.team\/wp-content\/uploads\/2025\/02\/featured-02-300x158.jpg\" class=\"attachment-medium size-medium wp-post-image\" alt=\"\" srcset=\"https:\/\/lost.team\/wp-content\/uploads\/2025\/02\/featured-02-300x158.jpg 300w, https:\/\/lost.team\/wp-content\/uploads\/2025\/02\/featured-02-1024x538.jpg 1024w, https:\/\/lost.team\/wp-content\/uploads\/2025\/02\/featured-02-768x403.jpg 768w, https:\/\/lost.team\/wp-content\/uploads\/2025\/02\/featured-02-624x328.jpg 624w, https:\/\/lost.team\/wp-content\/uploads\/2025\/02\/featured-02.jpg 1200w\" sizes=\"(max-width: 300px) 100vw, 300px\" \/>\t\t\t<\/a>\n\t\t<\/div>\n\n\t\t<div class=\"bb-card-course-details bb-card-course-details--noAccess\">\n\t\t\t<div class=\"course-lesson-count\">3 Moduler<\/div>\t\t\t<h2 class=\"bb-course-title \">\n\t\t\t\t<a title=\"Kurs 2. St\u00f8tte til familien\" href=\"https:\/\/lost.team\/no\/courses\/kurs-2-stotte-til-familien\/\">Kurs 2. St\u00f8tte til familien<\/a>\n\t\t\t<\/h2>\n\n\t\t\t\n\t\t\t\n\t\t\t<div class=\"bb-course-excerpt\">\n\t\t\t\tIntroduksjon Velkommen til kurset Ekspert i etterforskning av savnede personer og mindre\u00e5rige i forbindelse med det europeiske prosjektet LOST2. Vi er i gang med et&hellip;\t\t\t<\/div>\n\n\t\t\t\t\t<\/div>\n\t<\/div>\n<\/li>\n\n<li class=\"bb-course-item-wrap\">\n\n\t<div class=\"bb-cover-list-item \">\n\t\t<div class=\"bb-course-cover\">\n\t\t\t<a title=\"Kurs 3 Forskning og implementering\" href=\"https:\/\/lost.team\/no\/courses\/kurs-3-forskning-og-implementering\/\" class=\"bb-cover-wrap\">\n\t\t\t\t<div class=\"ld-status ld-status-incomplete ld-third-background\">Gratis<\/div>\n\t\t\t\t<img loading=\"lazy\" decoding=\"async\" width=\"300\" height=\"165\" src=\"https:\/\/lost.team\/wp-content\/uploads\/2024\/09\/course3_img_featured-300x165.png\" class=\"attachment-medium size-medium wp-post-image\" alt=\"\" srcset=\"https:\/\/lost.team\/wp-content\/uploads\/2024\/09\/course3_img_featured-300x165.png 300w, https:\/\/lost.team\/wp-content\/uploads\/2024\/09\/course3_img_featured-768x422.png 768w, https:\/\/lost.team\/wp-content\/uploads\/2024\/09\/course3_img_featured-624x343.png 624w, https:\/\/lost.team\/wp-content\/uploads\/2024\/09\/course3_img_featured.png 791w\" sizes=\"(max-width: 300px) 100vw, 300px\" \/>\t\t\t<\/a>\n\t\t<\/div>\n\n\t\t<div class=\"bb-card-course-details bb-card-course-details--noAccess\">\n\t\t\t<div class=\"course-lesson-count\">3 Moduler<\/div>\t\t\t<h2 class=\"bb-course-title \">\n\t\t\t\t<a title=\"Kurs 3 Forskning og implementering\" href=\"https:\/\/lost.team\/no\/courses\/kurs-3-forskning-og-implementering\/\">Kurs 3 Forskning og implementering<\/a>\n\t\t\t<\/h2>\n\n\t\t\t\n\t\t\t\n\t\t\t<div class=\"bb-course-excerpt\">\n\t\t\t\tIntroduksjon Som grunnlag for de videre handlingene inneb\u00e6rer research-delen grundige unders\u00f8kelser og analyser av den informasjonen som er tilgjengelig i dag. Dette trinnet er avgj\u00f8rende&hellip;\t\t\t<\/div>\n\n\t\t\t\t\t<\/div>\n\t<\/div>\n<\/li>\n\n<li class=\"bb-course-item-wrap\">\n\n\t<div class=\"bb-cover-list-item \">\n\t\t<div class=\"bb-course-cover\">\n\t\t\t<a title=\"Kurs 4. Datainnsamling og analyse\" href=\"https:\/\/lost.team\/no\/courses\/kurs-4-datainnsamling-og-analyse\/\" class=\"bb-cover-wrap\">\n\t\t\t\t<div class=\"ld-status ld-status-incomplete ld-third-background\">Gratis<\/div>\n\t\t\t\t<img loading=\"lazy\" decoding=\"async\" width=\"300\" height=\"158\" src=\"https:\/\/lost.team\/wp-content\/uploads\/2025\/02\/featured-04-300x158.jpg\" class=\"attachment-medium size-medium wp-post-image\" alt=\"\" srcset=\"https:\/\/lost.team\/wp-content\/uploads\/2025\/02\/featured-04-300x158.jpg 300w, https:\/\/lost.team\/wp-content\/uploads\/2025\/02\/featured-04-1024x538.jpg 1024w, https:\/\/lost.team\/wp-content\/uploads\/2025\/02\/featured-04-768x403.jpg 768w, https:\/\/lost.team\/wp-content\/uploads\/2025\/02\/featured-04-624x328.jpg 624w, https:\/\/lost.team\/wp-content\/uploads\/2025\/02\/featured-04.jpg 1200w\" sizes=\"(max-width: 300px) 100vw, 300px\" \/>\t\t\t<\/a>\n\t\t<\/div>\n\n\t\t<div class=\"bb-card-course-details bb-card-course-details--noAccess\">\n\t\t\t<div class=\"course-lesson-count\">3 Moduler<\/div>\t\t\t<h2 class=\"bb-course-title \">\n\t\t\t\t<a title=\"Kurs 4. Datainnsamling og analyse\" href=\"https:\/\/lost.team\/no\/courses\/kurs-4-datainnsamling-og-analyse\/\">Kurs 4. Datainnsamling og analyse<\/a>\n\t\t\t<\/h2>\n\n\t\t\t\n\t\t\t\n\t\t\t<div class=\"bb-course-excerpt\">\n\t\t\t\tIntroduksjon Savnede personer er en unik og kompleks sak som krever en metodisk og empatisk tiln\u00e6rming. Dette kurset, &laquo;Datainnsamling og risikovurdering&raquo;, er utviklet for \u00e5&hellip;\t\t\t<\/div>\n\n\t\t\t\t\t<\/div>\n\t<\/div>\n<\/li>\n\n<li class=\"bb-course-item-wrap\">\n\n\t<div class=\"bb-cover-list-item \">\n\t\t<div class=\"bb-course-cover\">\n\t\t\t<a title=\"Kurs 5. Sluttf\u00f8ring av unders\u00f8kelsen\" href=\"https:\/\/lost.team\/no\/courses\/kurs-5-sluttforing-av-undersokelsen\/\" class=\"bb-cover-wrap\">\n\t\t\t\t<div class=\"ld-status ld-status-incomplete ld-third-background\">Gratis<\/div>\n\t\t\t\t<img loading=\"lazy\" decoding=\"async\" width=\"300\" height=\"158\" src=\"https:\/\/lost.team\/wp-content\/uploads\/2025\/02\/featured-05-300x158.jpg\" class=\"attachment-medium size-medium wp-post-image\" alt=\"\" srcset=\"https:\/\/lost.team\/wp-content\/uploads\/2025\/02\/featured-05-300x158.jpg 300w, https:\/\/lost.team\/wp-content\/uploads\/2025\/02\/featured-05-1024x538.jpg 1024w, https:\/\/lost.team\/wp-content\/uploads\/2025\/02\/featured-05-768x403.jpg 768w, https:\/\/lost.team\/wp-content\/uploads\/2025\/02\/featured-05-624x328.jpg 624w, https:\/\/lost.team\/wp-content\/uploads\/2025\/02\/featured-05.jpg 1200w\" sizes=\"(max-width: 300px) 100vw, 300px\" \/>\t\t\t<\/a>\n\t\t<\/div>\n\n\t\t<div class=\"bb-card-course-details bb-card-course-details--noAccess\">\n\t\t\t<div class=\"course-lesson-count\">1 Modul<\/div>\t\t\t<h2 class=\"bb-course-title \">\n\t\t\t\t<a title=\"Kurs 5. Sluttf\u00f8ring av unders\u00f8kelsen\" href=\"https:\/\/lost.team\/no\/courses\/kurs-5-sluttforing-av-undersokelsen\/\">Kurs 5. Sluttf\u00f8ring av unders\u00f8kelsen<\/a>\n\t\t\t<\/h2>\n\n\t\t\t\n\t\t\t\n\t\t\t<div class=\"bb-course-excerpt\">\n\t\t\t\tIntroduksjon I etterforskningsfasen er det strategisk \u00e5 gi praktisk hjelp til familien til den savnede personen for \u00e5 forst\u00e5 motivasjonen og samle inn n\u00f8kkelelementer for&hellip;\t\t\t<\/div>\n\n\t\t\t\t\t<\/div>\n\t<\/div>\n<\/li>\n\n<li class=\"bb-course-item-wrap\">\n\n\t<div class=\"bb-cover-list-item \">\n\t\t<div class=\"bb-course-cover\">\n\t\t\t<a title=\"Kurs 6. Identifisering av et ikke navngitt lik\" href=\"https:\/\/lost.team\/no\/courses\/kurs-6-identifisering-av-et-ikke-navngitt-lik\/\" class=\"bb-cover-wrap\">\n\t\t\t\t<div class=\"ld-status ld-status-incomplete ld-third-background\">Gratis<\/div>\n\t\t\t\t<img loading=\"lazy\" decoding=\"async\" width=\"300\" height=\"158\" src=\"https:\/\/lost.team\/wp-content\/uploads\/2025\/02\/featured-06-300x158.jpg\" class=\"attachment-medium size-medium wp-post-image\" alt=\"\" srcset=\"https:\/\/lost.team\/wp-content\/uploads\/2025\/02\/featured-06-300x158.jpg 300w, https:\/\/lost.team\/wp-content\/uploads\/2025\/02\/featured-06-1024x538.jpg 1024w, https:\/\/lost.team\/wp-content\/uploads\/2025\/02\/featured-06-768x403.jpg 768w, https:\/\/lost.team\/wp-content\/uploads\/2025\/02\/featured-06-624x328.jpg 624w, https:\/\/lost.team\/wp-content\/uploads\/2025\/02\/featured-06.jpg 1200w\" sizes=\"(max-width: 300px) 100vw, 300px\" \/>\t\t\t<\/a>\n\t\t<\/div>\n\n\t\t<div class=\"bb-card-course-details bb-card-course-details--noAccess\">\n\t\t\t<div class=\"course-lesson-count\">1 Modul<\/div>\t\t\t<h2 class=\"bb-course-title \">\n\t\t\t\t<a title=\"Kurs 6. Identifisering av et ikke navngitt lik\" href=\"https:\/\/lost.team\/no\/courses\/kurs-6-identifisering-av-et-ikke-navngitt-lik\/\">Kurs 6. Identifisering av et ikke navngitt lik<\/a>\n\t\t\t<\/h2>\n\n\t\t\t\n\t\t\t\n\t\t\t<div class=\"bb-course-excerpt\">\n\t\t\t\t<\/div><\/div><\/div><\/li><\/ul><\/div><\/div><\/form><\/div><\/div><\/div><\/div><\/div><\/div><\/section><\/div> <a href=\"https:\/\/lost.team\/no\/courses\/kurs-6-identifisering-av-et-ikke-navngitt-lik\/#more-11429\" class=\"more-link elementor-more-link\"><span aria-label=\"Fortsett \u00e5 lese Kurs 6. Identifisering av et ikke navngitt lik\">(mer&hellip;)<\/span><\/a>","protected":false},"excerpt":{"rendered":"<p>Ekspert i forskning p\u00e5 savnede personer og barn Introduksjon I mangel av et tydelig og felles forskningssystem spiller &laquo;eksperten i etterforskning av savnede personer&raquo; en&hellip;<\/p>\n","protected":false},"author":2,"featured_media":0,"parent":0,"menu_order":0,"comment_status":"closed","ping_status":"closed","template":"elementor_header_footer","meta":{"footnotes":""},"class_list":["post-12990","page","type-page","status-publish","hentry"],"_links":{"self":[{"href":"https:\/\/lost.team\/no\/wp-json\/wp\/v2\/pages\/12990","targetHints":{"allow":["GET"]}}],"collection":[{"href":"https:\/\/lost.team\/no\/wp-json\/wp\/v2\/pages"}],"about":[{"href":"https:\/\/lost.team\/no\/wp-json\/wp\/v2\/types\/page"}],"author":[{"embeddable":true,"href":"https:\/\/lost.team\/no\/wp-json\/wp\/v2\/users\/2"}],"replies":[{"embeddable":true,"href":"https:\/\/lost.team\/no\/wp-json\/wp\/v2\/comments?post=12990"}],"version-history":[{"count":11,"href":"https:\/\/lost.team\/no\/wp-json\/wp\/v2\/pages\/12990\/revisions"}],"predecessor-version":[{"id":14223,"href":"https:\/\/lost.team\/no\/wp-json\/wp\/v2\/pages\/12990\/revisions\/14223"}],"wp:attachment":[{"href":"https:\/\/lost.team\/no\/wp-json\/wp\/v2\/media?parent=12990"}],"curies":[{"name":"wp","href":"https:\/\/api.w.org\/{rel}","templated":true}]}}