{"id":5274,"date":"2023-02-21T17:16:15","date_gmt":"2023-02-21T15:16:15","guid":{"rendered":"https:\/\/lost.team\/faglig-anerkjennelse\/"},"modified":"2023-07-17T15:29:30","modified_gmt":"2023-07-17T12:29:30","slug":"faglig-anerkjennelse","status":"publish","type":"page","link":"https:\/\/lost.team\/no\/faglig-anerkjennelse\/","title":{"rendered":"faglig anerkjennelse"},"content":{"rendered":"\t\t<div data-elementor-type=\"wp-page\" data-elementor-id=\"5274\" class=\"elementor elementor-5274 elementor-294\" data-elementor-post-type=\"page\">\n\t\t\t\t\t\t<section class=\"elementor-section elementor-top-section elementor-element elementor-element-24eca65 elementor-section-content-bottom elementor-section-height-min-height elementor-section-items-bottom elementor-section-boxed elementor-section-height-default\" data-id=\"24eca65\" data-element_type=\"section\" data-settings=\"{&quot;background_background&quot;:&quot;video&quot;,&quot;background_video_link&quot;:&quot;https:\\\/\\\/lost.team\\\/wp-content\\\/uploads\\\/2023\\\/07\\\/Lost2-Prof-Recognition-1.m4v&quot;,&quot;shape_divider_bottom&quot;:&quot;opacity-fan&quot;}\">\n\t\t\t\t\t\t\t\t<div class=\"elementor-background-video-container elementor-hidden-mobile\">\n\t\t\t\t\t\t\t\t\t\t\t\t\t<video class=\"elementor-background-video-hosted\" autoplay muted playsinline loop><\/video>\n\t\t\t\t\t\t\t\t\t\t\t<\/div>\n\t\t\t\t\t\t\t\t\t<div class=\"elementor-background-overlay\"><\/div>\n\t\t\t\t\t\t<div class=\"elementor-shape elementor-shape-bottom\" aria-hidden=\"true\" data-negative=\"false\">\n\t\t\t<svg xmlns=\"http:\/\/www.w3.org\/2000\/svg\" viewBox=\"0 0 283.5 19.6\" preserveAspectRatio=\"none\">\n\t<path class=\"elementor-shape-fill\" style=\"opacity:0.33\" d=\"M0 0L0 18.8 141.8 4.1 283.5 18.8 283.5 0z\"\/>\n\t<path class=\"elementor-shape-fill\" style=\"opacity:0.33\" d=\"M0 0L0 12.6 141.8 4 283.5 12.6 283.5 0z\"\/>\n\t<path class=\"elementor-shape-fill\" style=\"opacity:0.33\" d=\"M0 0L0 6.4 141.8 4 283.5 6.4 283.5 0z\"\/>\n\t<path class=\"elementor-shape-fill\" d=\"M0 0L0 1.2 141.8 4 283.5 1.2 283.5 0z\"\/>\n<\/svg>\t\t<\/div>\n\t\t\t\t\t<div class=\"elementor-container elementor-column-gap-default\">\n\t\t\t\t\t<div class=\"elementor-column elementor-col-100 elementor-top-column elementor-element elementor-element-678c580b\" data-id=\"678c580b\" data-element_type=\"column\">\n\t\t\t<div class=\"elementor-widget-wrap elementor-element-populated\">\n\t\t\t\t\t\t<section class=\"elementor-section elementor-inner-section elementor-element elementor-element-2d0b1b2b elementor-section-content-middle elementor-section-boxed elementor-section-height-default elementor-section-height-default\" data-id=\"2d0b1b2b\" data-element_type=\"section\">\n\t\t\t\t\t\t<div class=\"elementor-container elementor-column-gap-default\">\n\t\t\t\t\t<div class=\"elementor-column elementor-col-50 elementor-inner-column elementor-element elementor-element-14e9112\" data-id=\"14e9112\" data-element_type=\"column\">\n\t\t\t<div class=\"elementor-widget-wrap elementor-element-populated\">\n\t\t\t\t\t\t<div class=\"elementor-element elementor-element-72167217 e-transform elementor-widget elementor-widget-heading\" data-id=\"72167217\" data-element_type=\"widget\" data-settings=\"{&quot;_transform_rotateZ_effect&quot;:{&quot;unit&quot;:&quot;px&quot;,&quot;size&quot;:-90,&quot;sizes&quot;:[]},&quot;_transform_rotateZ_effect_tablet&quot;:{&quot;unit&quot;:&quot;deg&quot;,&quot;size&quot;:&quot;&quot;,&quot;sizes&quot;:[]},&quot;_transform_rotateZ_effect_mobile&quot;:{&quot;unit&quot;:&quot;deg&quot;,&quot;size&quot;:&quot;&quot;,&quot;sizes&quot;:[]}}\" data-widget_type=\"heading.default\">\n\t\t\t\t<div class=\"elementor-widget-container\">\n\t\t\t\t\t<h1 class=\"elementor-heading-title elementor-size-default\">faglig anerkjennelse<\/h1>\t\t\t\t<\/div>\n\t\t\t\t<\/div>\n\t\t\t\t\t<\/div>\n\t\t<\/div>\n\t\t\t\t<div class=\"elementor-column elementor-col-50 elementor-inner-column elementor-element elementor-element-77444a8d\" data-id=\"77444a8d\" data-element_type=\"column\" data-settings=\"{&quot;background_background&quot;:&quot;classic&quot;}\">\n\t\t\t<div class=\"elementor-widget-wrap elementor-element-populated\">\n\t\t\t\t\t\t<div class=\"elementor-element elementor-element-2d68c3e5 elementor-widget elementor-widget-text-editor\" data-id=\"2d68c3e5\" data-element_type=\"widget\" data-widget_type=\"text-editor.default\">\n\t\t\t\t<div class=\"elementor-widget-container\">\n\t\t\t\t\t\t\t\t\t<p>LOST2-prosjektet gir en oppdatert ordbok over kompetanse som identifiserer de grunnleggende ferdighetene og kunnskapene som er n\u00f8dvendige for beste praksis i etterforskning og h\u00e5ndtering av forhold til familier til savnede mindre\u00e5rige.<\/p>\n<p>Prosjektet tilbyr en forberedende dokumentasjon for kvalifisering, inkludert definisjoner av sosiale og juridiske kontekster, analyse av beste praksis, og en ordbok over kompetanse basert p\u00e5 en kompetansemodell tilpasset European Qualification Framework.<\/p>\n\t\t\t\t\t\t\t\t<\/div>\n\t\t\t\t<\/div>\n\t\t\t\t\t<\/div>\n\t\t<\/div>\n\t\t\t\t\t<\/div>\n\t\t<\/section>\n\t\t\t\t<div class=\"elementor-element elementor-element-dfcfb5f elementor-align-center elementor-widget elementor-widget-button\" data-id=\"dfcfb5f\" data-element_type=\"widget\" data-widget_type=\"button.default\">\n\t\t\t\t<div class=\"elementor-widget-container\">\n\t\t\t\t\t\t\t\t\t<div class=\"elementor-button-wrapper\">\n\t\t\t\t\t<a class=\"elementor-button elementor-button-link elementor-size-sm\" href=\"#1\">\n\t\t\t\t\t\t<span class=\"elementor-button-content-wrapper\">\n\t\t\t\t\t\t<span class=\"elementor-button-icon\">\n\t\t\t\t<i aria-hidden=\"true\" class=\"fas fa-angle-down\"><\/i>\t\t\t<\/span>\n\t\t\t\t\t\t\t\t\t<span class=\"elementor-button-text\">mer<\/span>\n\t\t\t\t\t<\/span>\n\t\t\t\t\t<\/a>\n\t\t\t\t<\/div>\n\t\t\t\t\t\t\t\t<\/div>\n\t\t\t\t<\/div>\n\t\t\t\t\t<\/div>\n\t\t<\/div>\n\t\t\t\t\t<\/div>\n\t\t<\/section>\n\t\t\t\t<section class=\"elementor-section elementor-top-section elementor-element elementor-element-0f34d29 elementor-section-boxed elementor-section-height-default elementor-section-height-default\" data-id=\"0f34d29\" data-element_type=\"section\" id=\"1\" data-settings=\"{&quot;shape_divider_top&quot;:&quot;opacity-fan&quot;}\">\n\t\t\t\t\t<div class=\"elementor-shape elementor-shape-top\" aria-hidden=\"true\" data-negative=\"false\">\n\t\t\t<svg xmlns=\"http:\/\/www.w3.org\/2000\/svg\" viewBox=\"0 0 283.5 19.6\" preserveAspectRatio=\"none\">\n\t<path class=\"elementor-shape-fill\" style=\"opacity:0.33\" d=\"M0 0L0 18.8 141.8 4.1 283.5 18.8 283.5 0z\"\/>\n\t<path class=\"elementor-shape-fill\" style=\"opacity:0.33\" d=\"M0 0L0 12.6 141.8 4 283.5 12.6 283.5 0z\"\/>\n\t<path class=\"elementor-shape-fill\" style=\"opacity:0.33\" d=\"M0 0L0 6.4 141.8 4 283.5 6.4 283.5 0z\"\/>\n\t<path class=\"elementor-shape-fill\" d=\"M0 0L0 1.2 141.8 4 283.5 1.2 283.5 0z\"\/>\n<\/svg>\t\t<\/div>\n\t\t\t\t\t<div class=\"elementor-container elementor-column-gap-default\">\n\t\t\t\t\t<div class=\"elementor-column elementor-col-100 elementor-top-column elementor-element elementor-element-689800c\" data-id=\"689800c\" data-element_type=\"column\">\n\t\t\t<div class=\"elementor-widget-wrap elementor-element-populated\">\n\t\t\t\t\t\t<div class=\"elementor-element elementor-element-cb08453 elementor-widget elementor-widget-spacer\" data-id=\"cb08453\" data-element_type=\"widget\" data-widget_type=\"spacer.default\">\n\t\t\t\t<div class=\"elementor-widget-container\">\n\t\t\t\t\t\t\t<div class=\"elementor-spacer\">\n\t\t\t<div class=\"elementor-spacer-inner\"><\/div>\n\t\t<\/div>\n\t\t\t\t\t\t<\/div>\n\t\t\t\t<\/div>\n\t\t\t\t<div class=\"elementor-element elementor-element-7cea765f elementor-widget elementor-widget-text-editor\" data-id=\"7cea765f\" data-element_type=\"widget\" data-widget_type=\"text-editor.default\">\n\t\t\t\t<div class=\"elementor-widget-container\">\n\t\t\t\t\t\t\t\t\t<p>Enslige barneflyktninger som forsvinner etter ankomst til Europa er en \u00f8kende bekymring i flere europeiske land. Vi tar sikte p\u00e5 \u00e5 l\u00f8se dette problemet ved \u00e5 gjennomf\u00f8re en unders\u00f8kelse av ulike sosiale og juridiske kontekster i disse landene, inkludert EU-institusjonenes rolle i \u00e5 h\u00e5ndtere dette fenomenet.<\/p>\n<p>Unders\u00f8kelsen identifiserer faktorer som bidrar til at enslige barneflyktninger forsvinner og utfordringene med \u00e5 lokalisere dem. Resultatene vil bli brukt til \u00e5 oppdatere <strong>kompetanseordboken<\/strong> som identifiserer essensielle ferdigheter, kunnskaper og atferd som trengs for \u00e5 unders\u00f8ke og h\u00e5ndtere forhold til familier til savnede mindre\u00e5rige.<\/p>\n<p><strong>Kompetanseordboken<\/strong> spiller en viktig rolle i LOST2-prosjektet. Den etablerer en kvalifikasjon for fagfolk og eksperter som er involvert i forskning p\u00e5 savnede mennesker og barn, anerkjent i flere europeiske land. Den best\u00e5r av tre seksjoner, inkludert en definisjon av sosiale og juridiske kontekster, en analyse av beste praksis innen etterforskningsteknikker og en kompetanseordbok som identifiserer spesifikke kompetanser.<\/p>\n\t\t\t\t\t\t\t\t<\/div>\n\t\t\t\t<\/div>\n\t\t\t\t<section class=\"elementor-section elementor-inner-section elementor-element elementor-element-d946537 elementor-section-content-bottom elementor-section-boxed elementor-section-height-default elementor-section-height-default\" data-id=\"d946537\" data-element_type=\"section\">\n\t\t\t\t\t\t<div class=\"elementor-container elementor-column-gap-default\">\n\t\t\t\t\t<div class=\"elementor-column elementor-col-50 elementor-inner-column elementor-element elementor-element-ab7e480\" data-id=\"ab7e480\" data-element_type=\"column\">\n\t\t\t<div class=\"elementor-widget-wrap elementor-element-populated\">\n\t\t\t\t\t\t<div class=\"elementor-element elementor-element-214588d6 elementor-widget elementor-widget-text-editor\" data-id=\"214588d6\" data-element_type=\"widget\" data-widget_type=\"text-editor.default\">\n\t\t\t\t<div class=\"elementor-widget-container\">\n\t\t\t\t\t\t\t\t\t<p>Metodikken som brukes for Dictionary of Competences er i tr\u00e5d med European Qualification Framework (EQF) og svarer til European Standard Classification of Occupation (ESCO). Modellen sikrer at <strong>den identifiserte kompetansen blir anerkjent og overf\u00f8rbar p\u00e5 tvers av ulike land<\/strong> og <strong>st\u00f8tter mobiliteten til fagfolk og eksperter<\/strong> .<\/p>\n<p><a href=\"https:\/\/lost.team\/no\/\" target=\"_blank\" rel=\"noopener\"><strong><span style=\"text-decoration: underline;\">LOST2<\/span><\/strong><\/a> bidrar til utvikling av <strong>beste praksis innen etterforskningsteknikker og prosedyrer<\/strong> , samt <strong>tiltak levert av lokale og nasjonale institusjoner og NGO-foreninger<\/strong> .<\/p>\n<p><strong>Kompetanseordboken spiller en avgj\u00f8rende rolle i \u00e5 etablere en kvalifikasjon for fagpersoner og eksperter som er involvert i forskning p\u00e5 savnede mennesker og barn.<\/strong> Det sikrer at de har de n\u00f8dvendige ferdighetene, kunnskapene og atferden for \u00e5 effektivt unders\u00f8ke og administrere forhold til familier til savnede mindre\u00e5rige. Dette vil gi bedre resultater for barna og deres familier.<\/p>\n\t\t\t\t\t\t\t\t<\/div>\n\t\t\t\t<\/div>\n\t\t\t\t\t<\/div>\n\t\t<\/div>\n\t\t\t\t<div class=\"elementor-column elementor-col-50 elementor-inner-column elementor-element elementor-element-9632918\" data-id=\"9632918\" data-element_type=\"column\">\n\t\t\t<div class=\"elementor-widget-wrap elementor-element-populated\">\n\t\t\t\t\t\t<div class=\"elementor-element elementor-element-1171dd4 elementor-widget elementor-widget-image\" data-id=\"1171dd4\" data-element_type=\"widget\" data-widget_type=\"image.default\">\n\t\t\t\t<div class=\"elementor-widget-container\">\n\t\t\t\t\t\t\t\t\t\t\t\t\t\t\t<img fetchpriority=\"high\" decoding=\"async\" width=\"1000\" height=\"666\" src=\"https:\/\/lost.team\/wp-content\/uploads\/2023\/07\/Lost2-prof-recogn-e1689596963997.png\" class=\"attachment-full size-full wp-image-6604\" alt=\"\" \/>\t\t\t\t\t\t\t\t\t\t\t\t\t\t\t<\/div>\n\t\t\t\t<\/div>\n\t\t\t\t\t<\/div>\n\t\t<\/div>\n\t\t\t\t\t<\/div>\n\t\t<\/section>\n\t\t\t\t<div class=\"elementor-element elementor-element-f3e02a6 elementor-widget elementor-widget-tp-countdown\" data-id=\"f3e02a6\" data-element_type=\"widget\" data-widget_type=\"tp-countdown.default\">\n\t\t\t\t<div class=\"elementor-widget-container\">\n\t\t\t\t\t<div class=\"tp-countdown tp-widget-f3e02a6 countdown-style-1\" data-basic=\"{&quot;widgetid&quot;:&quot;f3e02a6&quot;,&quot;type&quot;:&quot;normal&quot;,&quot;style&quot;:&quot;style-1&quot;,&quot;expiry&quot;:&quot;none&quot;,&quot;days&quot;:&quot;Dager&quot;,&quot;hours&quot;:&quot;Timer&quot;,&quot;minutes&quot;:&quot;Minutter&quot;,&quot;seconds&quot;:&quot;Sekunder&quot;,&quot;daysenable&quot;:true,&quot;hoursenable&quot;:true,&quot;minutesenable&quot;:true,&quot;secondsenable&quot;:true,&quot;offset&quot;:3,&quot;normalexpiry&quot;:false,&quot;timer&quot;:&quot;03\\\/01\\\/2024 14:27:00&quot;}\"  ><ul class=\"pt_plus_countdown count_down69ebc194c6fbd count-inline-style \" ><li class=\"count_1 \"><span class=\"days\">00<\/span><p class=\"days_ref label-ref\">Dager<\/p><\/li><li class=\"count_2 \"><span class=\"hours\">00<\/span><p class=\"hours_ref label-ref\">Timer<\/p><\/li><li class=\"count_3 \"><span class=\"minutes\">00<\/span><p class=\"minutes_ref label-ref\">Minutter<\/p><\/li><li class=\"count_4 \"><span class=\"seconds last\">00<\/span><p class=\"seconds_ref label-ref\">Sekunder<\/p><\/li><\/ul><\/div>\t\t\t\t<\/div>\n\t\t\t\t<\/div>\n\t\t\t\t\t<\/div>\n\t\t<\/div>\n\t\t\t\t\t<\/div>\n\t\t<\/section>\n\t\t\t\t<\/div>\n\t\t","protected":false},"excerpt":{"rendered":"<p>faglig anerkjennelse LOST2-prosjektet gir en oppdatert ordbok over kompetanse som identifiserer de grunnleggende ferdighetene og kunnskapene som er n\u00f8dvendige for beste praksis i etterforskning og&hellip;<\/p>\n","protected":false},"author":1,"featured_media":0,"parent":0,"menu_order":0,"comment_status":"closed","ping_status":"closed","template":"elementor_header_footer","meta":{"footnotes":""},"class_list":["post-5274","page","type-page","status-publish","hentry"],"_links":{"self":[{"href":"https:\/\/lost.team\/no\/wp-json\/wp\/v2\/pages\/5274","targetHints":{"allow":["GET"]}}],"collection":[{"href":"https:\/\/lost.team\/no\/wp-json\/wp\/v2\/pages"}],"about":[{"href":"https:\/\/lost.team\/no\/wp-json\/wp\/v2\/types\/page"}],"author":[{"embeddable":true,"href":"https:\/\/lost.team\/no\/wp-json\/wp\/v2\/users\/1"}],"replies":[{"embeddable":true,"href":"https:\/\/lost.team\/no\/wp-json\/wp\/v2\/comments?post=5274"}],"version-history":[{"count":0,"href":"https:\/\/lost.team\/no\/wp-json\/wp\/v2\/pages\/5274\/revisions"}],"wp:attachment":[{"href":"https:\/\/lost.team\/no\/wp-json\/wp\/v2\/media?parent=5274"}],"curies":[{"name":"wp","href":"https:\/\/api.w.org\/{rel}","templated":true}]}}