{"id":5277,"date":"2023-02-21T13:58:57","date_gmt":"2023-02-21T11:58:57","guid":{"rendered":"https:\/\/lost.team\/opplaering\/"},"modified":"2025-04-04T10:25:20","modified_gmt":"2025-04-04T07:25:20","slug":"opplaering","status":"publish","type":"page","link":"https:\/\/lost.team\/no\/opplaering\/","title":{"rendered":"Oppl\u00e6ring"},"content":{"rendered":"\t\t<div data-elementor-type=\"wp-page\" data-elementor-id=\"5277\" class=\"elementor elementor-5277 elementor-245\" data-elementor-post-type=\"page\">\n\t\t\t\t\t\t<section class=\"elementor-section elementor-top-section elementor-element elementor-element-764605d elementor-section-height-min-height elementor-section-items-bottom elementor-section-content-bottom elementor-section-boxed elementor-section-height-default\" data-id=\"764605d\" data-element_type=\"section\" data-settings=\"{&quot;background_background&quot;:&quot;video&quot;,&quot;background_video_link&quot;:&quot;https:\\\/\\\/lost.team\\\/wp-content\\\/uploads\\\/2023\\\/07\\\/Lost2-Training-1.m4v&quot;,&quot;shape_divider_bottom&quot;:&quot;opacity-fan&quot;}\">\n\t\t\t\t\t\t\t\t<div class=\"elementor-background-video-container elementor-hidden-mobile\">\n\t\t\t\t\t\t\t\t\t\t\t\t\t<video class=\"elementor-background-video-hosted\" autoplay muted playsinline loop><\/video>\n\t\t\t\t\t\t\t\t\t\t\t<\/div>\n\t\t\t\t\t\t\t\t\t<div class=\"elementor-background-overlay\"><\/div>\n\t\t\t\t\t\t<div class=\"elementor-shape elementor-shape-bottom\" aria-hidden=\"true\" data-negative=\"false\">\n\t\t\t<svg xmlns=\"http:\/\/www.w3.org\/2000\/svg\" viewBox=\"0 0 283.5 19.6\" preserveAspectRatio=\"none\">\n\t<path class=\"elementor-shape-fill\" style=\"opacity:0.33\" d=\"M0 0L0 18.8 141.8 4.1 283.5 18.8 283.5 0z\"\/>\n\t<path class=\"elementor-shape-fill\" style=\"opacity:0.33\" d=\"M0 0L0 12.6 141.8 4 283.5 12.6 283.5 0z\"\/>\n\t<path class=\"elementor-shape-fill\" style=\"opacity:0.33\" d=\"M0 0L0 6.4 141.8 4 283.5 6.4 283.5 0z\"\/>\n\t<path class=\"elementor-shape-fill\" d=\"M0 0L0 1.2 141.8 4 283.5 1.2 283.5 0z\"\/>\n<\/svg>\t\t<\/div>\n\t\t\t\t\t<div class=\"elementor-container elementor-column-gap-default\">\n\t\t\t\t\t<div class=\"elementor-column elementor-col-100 elementor-top-column elementor-element elementor-element-e9a4c7b\" data-id=\"e9a4c7b\" data-element_type=\"column\">\n\t\t\t<div class=\"elementor-widget-wrap elementor-element-populated\">\n\t\t\t\t\t\t<section class=\"elementor-section elementor-inner-section elementor-element elementor-element-e993e0b elementor-section-content-middle elementor-section-boxed elementor-section-height-default elementor-section-height-default\" data-id=\"e993e0b\" data-element_type=\"section\">\n\t\t\t\t\t\t<div class=\"elementor-container elementor-column-gap-default\">\n\t\t\t\t\t<div class=\"elementor-column elementor-col-50 elementor-inner-column elementor-element elementor-element-f6f23fe\" data-id=\"f6f23fe\" data-element_type=\"column\">\n\t\t\t<div class=\"elementor-widget-wrap elementor-element-populated\">\n\t\t\t\t\t\t<div class=\"elementor-element elementor-element-9d50cdd e-transform elementor-widget elementor-widget-heading\" data-id=\"9d50cdd\" data-element_type=\"widget\" data-settings=\"{&quot;_transform_rotateZ_effect&quot;:{&quot;unit&quot;:&quot;px&quot;,&quot;size&quot;:-90,&quot;sizes&quot;:[]},&quot;_transform_rotateZ_effect_tablet&quot;:{&quot;unit&quot;:&quot;deg&quot;,&quot;size&quot;:&quot;&quot;,&quot;sizes&quot;:[]},&quot;_transform_rotateZ_effect_mobile&quot;:{&quot;unit&quot;:&quot;deg&quot;,&quot;size&quot;:&quot;&quot;,&quot;sizes&quot;:[]}}\" data-widget_type=\"heading.default\">\n\t\t\t\t<div class=\"elementor-widget-container\">\n\t\t\t\t\t<h1 class=\"elementor-heading-title elementor-size-default\">oppl\u00e6ring <\/h1>\t\t\t\t<\/div>\n\t\t\t\t<\/div>\n\t\t\t\t\t<\/div>\n\t\t<\/div>\n\t\t\t\t<div class=\"elementor-column elementor-col-50 elementor-inner-column elementor-element elementor-element-9ac34dc\" data-id=\"9ac34dc\" data-element_type=\"column\" data-settings=\"{&quot;background_background&quot;:&quot;classic&quot;}\">\n\t\t\t<div class=\"elementor-widget-wrap elementor-element-populated\">\n\t\t\t\t\t\t<div class=\"elementor-element elementor-element-92157f4 elementor-widget elementor-widget-text-editor\" data-id=\"92157f4\" data-element_type=\"widget\" data-widget_type=\"text-editor.default\">\n\t\t\t\t<div class=\"elementor-widget-container\">\n\t\t\t\t\t<div class=\"bb-theme-elementor-wrap bb-elementor-custom-color\">\t\t\t\t<p><span style=\"color: #ffffff;\"><a style=\"color: #ffffff;\" href=\"https:\/\/lost.team\/no\/\"><strong>LOST2-<\/strong><\/a>\u00a0<\/span>programmet inkluderer felles oppl\u00e6ringssystemdesign som inkluderer modul\u00e6re treningsenheter for tilegnelse av ferdigheter og kunnskaper som kreves for den nye profesjonelle profilen til \u201d\u00a0<strong>Ekspert i forskning p\u00e5 savnede mennesker og mindre\u00e5rige<\/strong>\u00a0.\u201d<\/p><p>Oppl\u00e6ringen inkluderer en modul for bevisstgj\u00f8ring av savnede personer, rettet mot l\u00e6rere, frivillige organisasjoner, lokale myndigheter, familier og unge i risikogruppen.<\/p><p>Programmet inkluderer ogs\u00e5 en nettplattform for mottakere og interessenter \u00e5 m\u00f8te og samhandle.<\/p>\t\t\t\t<\/div>\t\t\t\t<\/div>\n\t\t\t\t<\/div>\n\t\t\t\t\t<\/div>\n\t\t<\/div>\n\t\t\t\t\t<\/div>\n\t\t<\/section>\n\t\t\t\t<div class=\"elementor-element elementor-element-9f54ea0 elementor-align-center elementor-widget elementor-widget-button\" data-id=\"9f54ea0\" data-element_type=\"widget\" data-widget_type=\"button.default\">\n\t\t\t\t<div class=\"elementor-widget-container\">\n\t\t\t\t\t\t\t\t\t<div class=\"elementor-button-wrapper\">\n\t\t\t\t\t<a class=\"elementor-button elementor-button-link elementor-size-sm\" href=\"#1\">\n\t\t\t\t\t\t<span class=\"elementor-button-content-wrapper\">\n\t\t\t\t\t\t<span class=\"elementor-button-icon\">\n\t\t\t\t<i aria-hidden=\"true\" class=\"fas fa-angle-down\"><\/i>\t\t\t<\/span>\n\t\t\t\t\t\t\t\t\t<span class=\"elementor-button-text\">mer<\/span>\n\t\t\t\t\t<\/span>\n\t\t\t\t\t<\/a>\n\t\t\t\t<\/div>\n\t\t\t\t\t\t\t\t<\/div>\n\t\t\t\t<\/div>\n\t\t\t\t\t<\/div>\n\t\t<\/div>\n\t\t\t\t\t<\/div>\n\t\t<\/section>\n\t\t\t\t<section class=\"elementor-section elementor-top-section elementor-element elementor-element-b2ba4a0 elementor-section-content-middle elementor-section-boxed elementor-section-height-default elementor-section-height-default\" data-id=\"b2ba4a0\" data-element_type=\"section\" id=\"1\" data-settings=\"{&quot;shape_divider_top&quot;:&quot;opacity-fan&quot;}\">\n\t\t\t\t\t<div class=\"elementor-shape elementor-shape-top\" aria-hidden=\"true\" data-negative=\"false\">\n\t\t\t<svg xmlns=\"http:\/\/www.w3.org\/2000\/svg\" viewBox=\"0 0 283.5 19.6\" preserveAspectRatio=\"none\">\n\t<path class=\"elementor-shape-fill\" style=\"opacity:0.33\" d=\"M0 0L0 18.8 141.8 4.1 283.5 18.8 283.5 0z\"\/>\n\t<path class=\"elementor-shape-fill\" style=\"opacity:0.33\" d=\"M0 0L0 12.6 141.8 4 283.5 12.6 283.5 0z\"\/>\n\t<path class=\"elementor-shape-fill\" style=\"opacity:0.33\" d=\"M0 0L0 6.4 141.8 4 283.5 6.4 283.5 0z\"\/>\n\t<path class=\"elementor-shape-fill\" d=\"M0 0L0 1.2 141.8 4 283.5 1.2 283.5 0z\"\/>\n<\/svg>\t\t<\/div>\n\t\t\t\t\t<div class=\"elementor-container elementor-column-gap-default\">\n\t\t\t\t\t<div class=\"elementor-column elementor-col-100 elementor-top-column elementor-element elementor-element-22f4b90\" data-id=\"22f4b90\" data-element_type=\"column\">\n\t\t\t<div class=\"elementor-widget-wrap elementor-element-populated\">\n\t\t\t\t\t\t<div class=\"elementor-element elementor-element-eee9f9c elementor-widget elementor-widget-spacer\" data-id=\"eee9f9c\" data-element_type=\"widget\" data-widget_type=\"spacer.default\">\n\t\t\t\t<div class=\"elementor-widget-container\">\n\t\t\t\t\t\t\t<div class=\"elementor-spacer\">\n\t\t\t<div class=\"elementor-spacer-inner\"><\/div>\n\t\t<\/div>\n\t\t\t\t\t\t<\/div>\n\t\t\t\t<\/div>\n\t\t\t\t<div class=\"elementor-element elementor-element-ead4b96 elementor-widget elementor-widget-text-editor\" data-id=\"ead4b96\" data-element_type=\"widget\" data-widget_type=\"text-editor.default\">\n\t\t\t\t<div class=\"elementor-widget-container\">\n\t\t\t\t\t\t\t\t\t<p>LOST2 er et program som tar sikte p\u00e5 \u00e5 ta opp sp\u00f8rsm\u00e5let om savnede mennesker og barn i Europa ved \u00e5 utvikle et sammenhengende europeisk system for forskning p\u00e5 savnede mennesker og mindre\u00e5rige. Programmet er fokusert p\u00e5 \u00e5 skape et effektivt europeisk forskningssystem ved \u00e5 definere en europeisk kjernefaglig profil av \u201c<strong>Ekspert i forskning p\u00e5 savnede mennesker og mindre\u00e5rige<\/strong>,\u201d som vil inkludere felles oppl\u00e6ringssystemdesign som inkluderer modul\u00e6re oppl\u00e6ringsenheter for tilegnelse av ferdigheter og kunnskaper som kreves for den nye profesjonelle profilen.<\/p><p>Den modul\u00e6re artikulasjonen av oppl\u00e6ringskurset er tenkt basert p\u00e5 enhetene, som er aggregert i Dictionary of Skills. Den modul\u00e6re tiln\u00e6rmingen er nyttig for \u00e5 definere den komplette l\u00e6ringsplanen for \u00e5 ut\u00f8ve yrket, ledsaget av tilgangsforutsetningene. Den modul\u00e6re utformingen lar mottakerne velge \u00e9n eller flere moduler for \u00e5 foresl\u00e5 oppl\u00e6ringstilbud som svar p\u00e5 spesifikke behov, vanligvis for spesialisering\/oppdatering, for fagfolk som allerede utf\u00f8rer aktiviteter som ligner de som er forutsatt av den nye profesjonelle profilen.<\/p><p>Det er en \u201cnull\u201d-modul som ikke er strengt knyttet til den profesjonelle figuren, som har som m\u00e5l \u00e5 \u00f8ke bevisstheten om fenomenet savnede personer. Modulen er rettet mot en \u201cutbredt\u201d offentlighet, inkludert l\u00e6rere, skoler, NGO-operat\u00f8rer, ledere av lokale myndigheter, familier, og spesielt unge mennesker og mindre\u00e5rige som st\u00e5r i fare for \u00e5 \u201cforsvinne\u201d. Oppl\u00e6ringsmodulene er ledsaget av n\u00f8dvendig kunnskap for tilegnelse av l\u00e6ringsutbytte.<\/p>\t\t\t\t\t\t\t\t<\/div>\n\t\t\t\t<\/div>\n\t\t\t\t<section class=\"elementor-section elementor-inner-section elementor-element elementor-element-86d8e49 elementor-section-content-bottom elementor-section-boxed elementor-section-height-default elementor-section-height-default\" data-id=\"86d8e49\" data-element_type=\"section\">\n\t\t\t\t\t\t<div class=\"elementor-container elementor-column-gap-default\">\n\t\t\t\t\t<div class=\"elementor-column elementor-col-50 elementor-inner-column elementor-element elementor-element-df31810\" data-id=\"df31810\" data-element_type=\"column\">\n\t\t\t<div class=\"elementor-widget-wrap elementor-element-populated\">\n\t\t\t\t\t\t<div class=\"elementor-element elementor-element-f0cf356 elementor-widget__width-initial elementor-widget elementor-widget-text-editor\" data-id=\"f0cf356\" data-element_type=\"widget\" data-widget_type=\"text-editor.default\">\n\t\t\t\t<div class=\"elementor-widget-container\">\n\t\t\t\t\t\t\t\t\t<p>I tillegg til oppl\u00e6ringsmodulene inkluderer programmet en OPC (Online Professional Community)-plattform som vil fungere som det elektroniske \u201cstedet\u201d hvor mottakerne og interessentene kan m\u00f8tes og samhandle. Plattformen vil ogs\u00e5 v\u00e6re ren og nisje, og selvf\u00f8lgelig vil den v\u00e6re s\u00f8kemotoroptimalisert. OPC-plattformen vil v\u00e6re responsiv, \u00e5pne under 2 sekunder fra EU-land og med minimal design for \u00e5 v\u00e6re responsiv, inkluderende og tilgjengelig. Plattformen vil f\u00f8lge WCAG2.0-protokollen for tilgjengelighet fullstendig, og den vil v\u00e6re milj\u00f8vennlig og etterlate et lite karbonavtrykk ved \u00e5 bes\u00f8ke den.<\/p><p>Oppsummert s\u00f8ker LOST2-programmet \u00e5 adressere det \u00f8kende problemet med savnede mennesker og barn i Europa ved \u00e5 utvikle et effektivt europeisk system for forskning p\u00e5 savnede mennesker og mindre\u00e5rige. Programmet tar sikte p\u00e5 \u00e5 etablere en europeisk kjernefaglig profil av \u201cExpert in the Research of Missing People &amp; Minors\u201d og \u00e5 tilby felles oppl\u00e6ringssystemdesign som inkluderer modul\u00e6re treningsenheter for tilegnelse av ferdigheter og kunnskaper som kreves for den nye profesjonelle profilen. Programmet inkluderer ogs\u00e5 en OPC-plattform for nettbaserte fagmilj\u00f8er og utdanningstjenester, en \u00abnull\u00bb-modul for \u00e5 \u00f8ke bevisstheten om fenomenet savnede personer, og tilbakemeldinger og vurderinger fra deltakere og trenere av piloter. Programmet s\u00f8ker \u00e5 forbedre EU-samarbeidet mellom fagfolk og produsere en endelig validert versjon av oppl\u00e6ringsprogrammet og minst 7 multimediepakker med en evalueringsrapport om den samlede oppl\u00e6ringspakken.<\/p>\t\t\t\t\t\t\t\t<\/div>\n\t\t\t\t<\/div>\n\t\t\t\t\t<\/div>\n\t\t<\/div>\n\t\t\t\t<div class=\"elementor-column elementor-col-50 elementor-inner-column elementor-element elementor-element-eb90f0f\" data-id=\"eb90f0f\" data-element_type=\"column\">\n\t\t\t<div class=\"elementor-widget-wrap elementor-element-populated\">\n\t\t\t\t\t\t<div class=\"elementor-element elementor-element-b376b59 elementor-widget elementor-widget-image\" data-id=\"b376b59\" data-element_type=\"widget\" data-widget_type=\"image.default\">\n\t\t\t\t<div class=\"elementor-widget-container\">\n\t\t\t\t\t\t\t\t\t\t\t\t\t\t\t<img fetchpriority=\"high\" decoding=\"async\" width=\"640\" height=\"800\" src=\"https:\/\/lost.team\/wp-content\/uploads\/2023\/07\/Lost2-training-2.png\" class=\"attachment-large size-large wp-image-6639\" alt=\"\" srcset=\"https:\/\/lost.team\/wp-content\/uploads\/2023\/07\/Lost2-training-2.png 800w, https:\/\/lost.team\/wp-content\/uploads\/2023\/07\/Lost2-training-2-240x300.png 240w, https:\/\/lost.team\/wp-content\/uploads\/2023\/07\/Lost2-training-2-768x960.png 768w, https:\/\/lost.team\/wp-content\/uploads\/2023\/07\/Lost2-training-2-624x780.png 624w\" sizes=\"(max-width: 640px) 100vw, 640px\" \/>\t\t\t\t\t\t\t\t\t\t\t\t\t\t\t<\/div>\n\t\t\t\t<\/div>\n\t\t\t\t\t<\/div>\n\t\t<\/div>\n\t\t\t\t\t<\/div>\n\t\t<\/section>\n\t\t\t\t<div class=\"elementor-element elementor-element-5b385fa elementor-widget elementor-widget-spacer\" data-id=\"5b385fa\" data-element_type=\"widget\" data-widget_type=\"spacer.default\">\n\t\t\t\t<div class=\"elementor-widget-container\">\n\t\t\t\t\t\t\t<div class=\"elementor-spacer\">\n\t\t\t<div class=\"elementor-spacer-inner\"><\/div>\n\t\t<\/div>\n\t\t\t\t\t\t<\/div>\n\t\t\t\t<\/div>\n\t\t\t\t<div class=\"elementor-element elementor-element-4c5826c elementor-align-center elementor-widget elementor-widget-button\" data-id=\"4c5826c\" data-element_type=\"widget\" data-widget_type=\"button.default\">\n\t\t\t\t<div class=\"elementor-widget-container\">\n\t\t\t\t\t\t\t\t\t<div class=\"elementor-button-wrapper\">\n\t\t\t\t\t<a class=\"elementor-button elementor-button-link elementor-size-sm\" href=\"https:\/\/lost.team\/no\/alle-kurs\/\">\n\t\t\t\t\t\t<span class=\"elementor-button-content-wrapper\">\n\t\t\t\t\t\t\t\t\t<span class=\"elementor-button-text\">G\u00e5 til kurs<\/span>\n\t\t\t\t\t<\/span>\n\t\t\t\t\t<\/a>\n\t\t\t\t<\/div>\n\t\t\t\t\t\t\t\t<\/div>\n\t\t\t\t<\/div>\n\t\t\t\t\t<\/div>\n\t\t<\/div>\n\t\t\t\t\t<\/div>\n\t\t<\/section>\n\t\t\t\t<\/div>\n\t\t","protected":false},"excerpt":{"rendered":"<p>oppl\u00e6ring LOST2-\u00a0programmet inkluderer felles oppl\u00e6ringssystemdesign som inkluderer modul\u00e6re treningsenheter for tilegnelse av ferdigheter og kunnskaper som kreves for den nye profesjonelle profilen til \u201d\u00a0Ekspert i&hellip;<\/p>\n","protected":false},"author":1,"featured_media":0,"parent":0,"menu_order":0,"comment_status":"closed","ping_status":"closed","template":"elementor_header_footer","meta":{"footnotes":""},"class_list":["post-5277","page","type-page","status-publish","hentry"],"_links":{"self":[{"href":"https:\/\/lost.team\/no\/wp-json\/wp\/v2\/pages\/5277","targetHints":{"allow":["GET"]}}],"collection":[{"href":"https:\/\/lost.team\/no\/wp-json\/wp\/v2\/pages"}],"about":[{"href":"https:\/\/lost.team\/no\/wp-json\/wp\/v2\/types\/page"}],"author":[{"embeddable":true,"href":"https:\/\/lost.team\/no\/wp-json\/wp\/v2\/users\/1"}],"replies":[{"embeddable":true,"href":"https:\/\/lost.team\/no\/wp-json\/wp\/v2\/comments?post=5277"}],"version-history":[{"count":8,"href":"https:\/\/lost.team\/no\/wp-json\/wp\/v2\/pages\/5277\/revisions"}],"predecessor-version":[{"id":14002,"href":"https:\/\/lost.team\/no\/wp-json\/wp\/v2\/pages\/5277\/revisions\/14002"}],"wp:attachment":[{"href":"https:\/\/lost.team\/no\/wp-json\/wp\/v2\/media?parent=5277"}],"curies":[{"name":"wp","href":"https:\/\/api.w.org\/{rel}","templated":true}]}}