{"id":5285,"date":"2023-02-01T16:09:39","date_gmt":"2023-02-01T14:09:39","guid":{"rendered":"https:\/\/lost.team\/vilkar-for-bruk\/"},"modified":"2023-03-11T12:21:58","modified_gmt":"2023-03-11T10:21:58","slug":"vilkar-for-bruk","status":"publish","type":"page","link":"https:\/\/lost.team\/no\/vilkar-for-bruk\/","title":{"rendered":"Vilk\u00e5r for bruk"},"content":{"rendered":"\t\t<div data-elementor-type=\"wp-page\" data-elementor-id=\"5285\" class=\"elementor elementor-5285 elementor-18\" data-elementor-post-type=\"page\">\n\t\t\t\t\t\t<section class=\"elementor-section elementor-top-section elementor-element elementor-element-068f5d7 elementor-section-boxed elementor-section-height-default elementor-section-height-default\" data-id=\"068f5d7\" data-element_type=\"section\">\n\t\t\t\t\t\t<div class=\"elementor-container elementor-column-gap-default\">\n\t\t\t\t\t<div class=\"elementor-column elementor-col-100 elementor-top-column elementor-element elementor-element-256611e\" data-id=\"256611e\" data-element_type=\"column\">\n\t\t\t<div class=\"elementor-widget-wrap elementor-element-populated\">\n\t\t\t\t\t\t<div class=\"elementor-element elementor-element-1f1332c elementor-widget elementor-widget-text-editor\" data-id=\"1f1332c\" data-element_type=\"widget\" data-widget_type=\"text-editor.default\">\n\t\t\t\t<div class=\"elementor-widget-container\">\n\t\t\t\t\t\t\t\t\t<h2>Vilk\u00e5r og betingelser<\/h2>\n<p>Vennligst les disse vilk\u00e5rene og n\u00f8ye f\u00f8r du bruker nettstedet v\u00e5rt <strong>https:\/\/lost.team\/<\/strong><\/p>\n<p>Alle personopplysninger p\u00e5 denne nettsiden samles inn under implementeringen av Erasmus +-programmet (2021-2027), i samsvar med EU-kommisjonens regelverk. Opplysningene vil bli lagret og behandlet av programmets mottakerorganisasjoner i henhold til Europaparlamentets og r\u00e5dets forordning (EU) 2016\/679 av 27. april 2016 om beskyttelse av fysiske personer med hensyn til behandling av personopplysninger og om fri bevegelse av slike data, og oppheving av direktiv 95\/46\/EC (General Data Protection Regulation \u2013 GDPR).<\/p>\n<h4>Betingelser for bruk<\/h4>\n<p>Vi vil tilby tjenester til deg, som er underlagt betingelsene som er angitt nedenfor i dette dokumentet. Hver gang du bes\u00f8ker denne nettsiden godtar du f\u00f8lgende vilk\u00e5r. Det er derfor vi oppfordrer deg til \u00e5 lese dem n\u00f8ye.<\/p>\n<h4>Personvernerkl\u00e6ring<\/h4>\n<p>F\u00f8r du fortsetter \u00e5 bruke nettstedet v\u00e5rt, anbefaler vi deg \u00e5 lese v\u00e5r personvernerkl\u00e6ring ang\u00e5ende innsamling av brukerdata. Det vil hjelpe deg \u00e5 bedre forst\u00e5 praksisen v\u00e5r.<\/p>\n<h4>opphavsrett<\/h4>\n<p>Innhold publisert p\u00e5 denne nettsiden (digitale nedlastinger, bilder, tekster, grafikk, logoer) er eiendommen til <strong>LOST2<\/strong> og\/eller dets innholdsskapere og beskyttet av internasjonale lover om opphavsrett. Hele samlingen av innholdet som finnes p\u00e5 denne nettsiden er den eksklusive eiendommen til <strong>LOST2<\/strong> , med opphavsrettslig opphavsrett for denne samlingen av <strong>LOST2<\/strong> .<\/p>\n<h4>Kommunikasjon<\/h4>\n<p>Hele kommunikasjonen med oss er elektronisk. Hver gang du sender oss en e-post eller bes\u00f8ker nettstedet v\u00e5rt, kommer du til \u00e5 kommunisere med oss. Du samtykker herved til \u00e5 motta kommunikasjon fra oss. Hvis du abonnerer p\u00e5 nyhetene p\u00e5 nettsiden v\u00e5r, kommer du til \u00e5 motta jevnlige e-poster fra oss. Vi vil fortsette \u00e5 kommunisere med deg ved \u00e5 legge ut nyheter og meldinger p\u00e5 nettsiden v\u00e5r og ved \u00e5 sende deg e-post. Du godtar ogs\u00e5 at alle varsler, avsl\u00f8ringer, avtaler og annen kommunikasjon vi gir deg elektronisk, oppfyller de juridiske kravene om at slik kommunikasjon skal v\u00e6re skriftlig.<\/p>\n<h4>Gjeldende lov<\/h4>\n<p>Ved \u00e5 bes\u00f8ke denne nettsiden godtar du at lovene til den greske regjeringen, uten hensyn til prinsipper for konfliktlover, vil styre disse vilk\u00e5rene og betingelsene, eller enhver tvist av noe slag som kan komme mellom <strong>LOST2<\/strong> og deg, eller dets forretningspartnere og tilknyttede selskaper .<\/p>\n<h4>Tvister<\/h4>\n<p>Enhver tvist relatert p\u00e5 noen m\u00e5te til ditt bes\u00f8k p\u00e5 denne nettsiden skal avgj\u00f8res av statlig eller f\u00f8deral domstol, gresk regjering, og du samtykker til eksklusiv jurisdiksjon og verneting for slike domstoler.<br \/>Kommentarer, anmeldelser og e-poster.<br \/>Bes\u00f8kende kan legge ut innhold s\u00e5 lenge det ikke er uanstendig, ulovlig, \u00e6rekrenkende, truende, krenkende immaterielle rettigheter, krenkende personvernet eller skadelig p\u00e5 noen annen m\u00e5te for tredjeparter. Innhold m\u00e5 v\u00e6re fritt for programvarevirus, politiske kampanjer og kommersielle oppfordringer.<br \/>Vi forbeholder oss alle rettigheter (men ikke plikten) til \u00e5 fjerne og\/eller redigere slikt innhold. N\u00e5r du legger ut innholdet ditt, gir du <strong>LOST2<\/strong> ikke-eksklusiv, royaltyfri og ugjenkallelig rett til \u00e5 bruke, reprodusere, publisere, endre slikt innhold over hele verden i alle medier.<\/p>\n<h4>Lisens og nettstedtilgang<\/h4>\n<p>Vi gir deg en begrenset lisens til \u00e5 f\u00e5 tilgang til og gj\u00f8re personlig bruk av denne nettsiden. Du har ikke lov til \u00e5 laste ned eller endre den. Dette kan kun gj\u00f8res med skriftlig samtykke fra oss.<\/p>\n<h4>Brukerkonto<\/h4>\n<p>Hvis du er eier av en konto p\u00e5 denne nettsiden, er du alene ansvarlig for \u00e5 opprettholde konfidensialiteten til dine private brukerdetaljer (brukernavn og passord). Du er ansvarlig for alle aktiviteter som skjer under din konto eller passord.<br \/>Vi forbeholder oss alle rettigheter til \u00e5 avslutte kontoer, redigere eller fjerne innhold og kansellere bestillinger etter eget skj\u00f8nn.<\/p>\n\t\t\t\t\t\t\t\t<\/div>\n\t\t\t\t<\/div>\n\t\t\t\t\t<\/div>\n\t\t<\/div>\n\t\t\t\t\t<\/div>\n\t\t<\/section>\n\t\t\t\t<\/div>\n\t\t","protected":false},"excerpt":{"rendered":"<p>Vilk\u00e5r og betingelser Vennligst les disse vilk\u00e5rene og n\u00f8ye f\u00f8r du bruker nettstedet v\u00e5rt https:\/\/lost.team\/ Alle personopplysninger p\u00e5 denne nettsiden samles inn under implementeringen av&hellip;<\/p>\n","protected":false},"author":1,"featured_media":0,"parent":0,"menu_order":0,"comment_status":"closed","ping_status":"closed","template":"","meta":{"footnotes":""},"class_list":["post-5285","page","type-page","status-publish","hentry"],"_links":{"self":[{"href":"https:\/\/lost.team\/no\/wp-json\/wp\/v2\/pages\/5285","targetHints":{"allow":["GET"]}}],"collection":[{"href":"https:\/\/lost.team\/no\/wp-json\/wp\/v2\/pages"}],"about":[{"href":"https:\/\/lost.team\/no\/wp-json\/wp\/v2\/types\/page"}],"author":[{"embeddable":true,"href":"https:\/\/lost.team\/no\/wp-json\/wp\/v2\/users\/1"}],"replies":[{"embeddable":true,"href":"https:\/\/lost.team\/no\/wp-json\/wp\/v2\/comments?post=5285"}],"version-history":[{"count":0,"href":"https:\/\/lost.team\/no\/wp-json\/wp\/v2\/pages\/5285\/revisions"}],"wp:attachment":[{"href":"https:\/\/lost.team\/no\/wp-json\/wp\/v2\/media?parent=5285"}],"curies":[{"name":"wp","href":"https:\/\/api.w.org\/{rel}","templated":true}]}}