{"id":5289,"date":"2023-02-01T11:51:35","date_gmt":"2023-02-01T09:51:35","guid":{"rendered":"https:\/\/lost.team\/personvernerklaering\/"},"modified":"2023-03-11T12:22:01","modified_gmt":"2023-03-11T10:22:01","slug":"personvernerklaering","status":"publish","type":"page","link":"https:\/\/lost.team\/no\/personvernerklaering\/","title":{"rendered":"Personvernerkl\u00e6ring"},"content":{"rendered":"\t\t<div data-elementor-type=\"wp-page\" data-elementor-id=\"5289\" class=\"elementor elementor-5289 elementor-3\" data-elementor-post-type=\"page\">\n\t\t\t\t\t\t<section class=\"elementor-section elementor-top-section elementor-element elementor-element-aa89c18 elementor-section-boxed elementor-section-height-default elementor-section-height-default\" data-id=\"aa89c18\" data-element_type=\"section\">\n\t\t\t\t\t\t<div class=\"elementor-container elementor-column-gap-default\">\n\t\t\t\t\t<div class=\"elementor-column elementor-col-100 elementor-top-column elementor-element elementor-element-e05ff85\" data-id=\"e05ff85\" data-element_type=\"column\">\n\t\t\t<div class=\"elementor-widget-wrap elementor-element-populated\">\n\t\t\t\t\t\t<div class=\"elementor-element elementor-element-6329fa73 elementor-widget elementor-widget-text-editor\" data-id=\"6329fa73\" data-element_type=\"widget\" data-widget_type=\"text-editor.default\">\n\t\t\t\t<div class=\"elementor-widget-container\">\n\t\t\t\t\t\t\t\t\t<header class=\"entry-header\">\n<h1 class=\"entry-title\">Personvernerkl\u00e6ring<\/h1>\n<\/header>\n<div class=\"entry-content\">\n<h4>Hvem vi er<\/h4>\n<p>V\u00e5r nettsideadresse er: <a href=\"https:\/\/lost.team\/no\/\">https:\/\/lost.team\/<\/a><\/p>\n<h4>Hvilke personopplysninger vi samler inn og hvorfor vi samler inn dem<\/h4>\n<p>Alle personlige data som kan samles inn, brukes kun til behovene til det europeiske prosjektet Erasmus+ <strong>LOST2.<\/strong> <\/p>\n<h4>Kommentarer<\/h4>\n<p>N\u00e5r bes\u00f8kende legger igjen kommentarer p\u00e5 nettstedet samler vi inn dataene som vises i kommentarskjemaet, og ogs\u00e5 bes\u00f8kendes IP-adresse og nettleserbrukeragentstreng for \u00e5 hjelpe til med \u00e5 oppdage spam.<\/p>\n<p>En anonymisert streng opprettet fra e-postadressen din (ogs\u00e5 kalt en hash) kan leveres til Gravatar-tjenesten for \u00e5 se om du bruker den. Gravatar-tjenestens personvernerkl\u00e6ring er tilgjengelig her: https:\/\/automattic.com\/privacy\/. Etter godkjenning av kommentaren din, er profilbildet ditt synlig for offentligheten i sammenheng med kommentaren din.<\/p>\n<h4>Media<\/h4>\n<p>Hvis du laster opp bilder til nettsiden, b\u00f8r du unng\u00e5 \u00e5 laste opp bilder med innebygde posisjonsdata (EXIF GPS) inkludert. Bes\u00f8kende p\u00e5 nettstedet kan laste ned og trekke ut alle stedsdata fra bilder p\u00e5 nettstedet.<\/p>\n<h4>Kontaktskjemaer<\/h4>\n<p>Ved \u00e5 fylle ut kontaktskjemaet med dine data, gir du denne applikasjonen fullmakt til \u00e5 bruke disse opplysningene til \u00e5 svare p\u00e5 foresp\u00f8rsler om informasjon, sitater eller andre typer foresp\u00f8rsler som angitt av skjemaets overskrift.<\/p>\n<p>Personlige data samlet inn: e-postadresse; fornavn; etternavn; telefonnummer.<\/p>\n<h4>Informasjonskapsler<\/h4>\n<p>Vi bruker informasjonskapsler, sm\u00e5 filer som vi legger p\u00e5 datamaskinen din, for \u00e5 administrere innhold for bes\u00f8kende p\u00e5 nettstedet v\u00e5rt.<br>Vi bruker ikke informasjonskapsler for \u00e5 spore enkeltpersoner og identifisere dem personlig.<br>Hvis du legger igjen en kommentar p\u00e5 nettstedet v\u00e5rt, kan du velge \u00e5 lagre navnet ditt, e-postadressen og nettstedet ditt i informasjonskapsler. Disse er for enkelhets skyld, slik at du ikke trenger \u00e5 fylle ut opplysningene dine p\u00e5 nytt n\u00e5r du legger igjen en kommentar. Disse informasjonskapslene vil vare i ett \u00e5r.<\/p>\n<p>Hvis du bes\u00f8ker v\u00e5r p\u00e5loggingsside, vil vi sette en midlertidig informasjonskapsel for \u00e5 avgj\u00f8re om nettleseren din godtar informasjonskapsler. Denne informasjonskapselen inneholder ingen personlige data og blir forkastet n\u00e5r du lukker nettleseren din.<\/p>\n<p>N\u00e5r du logger inn, vil vi ogs\u00e5 sette opp flere informasjonskapsler for \u00e5 lagre p\u00e5loggingsinformasjonen og skjermvisningsvalgene dine. Innloggingsinformasjonskapsler varer i to dager, og informasjonskapsler for skjermalternativer varer i ett \u00e5r. Hvis du velger &laquo;Husk meg&raquo;, vil p\u00e5loggingen vedvare i to uker. Hvis du logger ut av kontoen din, vil informasjonskapslene for p\u00e5logging bli fjernet.<\/p>\n<p>Hvis du redigerer eller publiserer en artikkel, vil en ekstra informasjonskapsel bli lagret i nettleseren din. Denne informasjonskapselen inneholder ingen personlige data og indikerer bare post-ID-en til artikkelen du nettopp redigerte. Den utl\u00f8per etter 1 dag.<\/p>\n<h4>Innebygd innhold fra andre nettsteder<\/h4>\n<p>Artikler p\u00e5 dette nettstedet kan inneholde innebygd innhold (f.eks. videoer, bilder, artikler osv.). Innebygd innhold fra andre nettsteder oppf\u00f8rer seg p\u00e5 n\u00f8yaktig samme m\u00e5te som om den bes\u00f8kende har bes\u00f8kt den andre nettsiden.<\/p>\n<p>Disse nettstedene kan samle inn data om deg, bruke informasjonskapsler, bygge inn ytterligere tredjepartssporing og overv\u00e5ke interaksjonen din med det innebygde innholdet, inkludert sporing av interaksjonen din med det innebygde innholdet hvis du har en konto og er logget inn p\u00e5 det nettstedet.<\/p>\n<h4>Analytics<\/h4>\n<p>Tjenestene i denne delen gj\u00f8r det mulig for eieren \u00e5 overv\u00e5ke og analysere nettrafikk og kan brukes til \u00e5 holde oversikt over brukeradferd.<\/p>\n<p>Google Analytics (Google LLC)<\/p>\n<p>Google Analytics er en nettanalysetjeneste levert av Google LLC (&laquo;Google&raquo;). Google bruker dataene som samles inn til \u00e5 spore og unders\u00f8ke bruken av denne applikasjonen, til \u00e5 utarbeide rapporter om aktivitetene og dele dem med andre Google-tjenester.<\/p>\n<p>Google kan bruke dataene som samles inn til \u00e5 kontekstualisere og tilpasse annonsene til sitt eget annonsenettverk.<\/p>\n<p>Personlige data som samles inn: informasjonskapsler; Bruksdata.<\/p>\n<h5>Hvor lenge vi beholder dataene dine<\/h5>\n<p>Hvis du legger igjen en kommentar, beholdes kommentaren og dens metadata p\u00e5 ubestemt tid. Dette er slik at vi kan gjenkjenne og godkjenne eventuelle oppf\u00f8lgingskommentarer automatisk i stedet for \u00e5 holde dem i en modereringsk\u00f8.<\/p>\n<p>For brukere som registrerer seg p\u00e5 nettstedet v\u00e5rt (hvis noen), lagrer vi ogs\u00e5 personopplysningene de oppgir i brukerprofilen deres. Alle brukere kan se, redigere eller slette sin personlige informasjon n\u00e5r som helst (bortsett fra at de ikke kan endre brukernavnet sitt). Nettstedsadministratorer kan ogs\u00e5 se og redigere denne informasjonen.<\/p>\n<h4>Hvilke rettigheter du har over dataene dine<\/h4>\n<p>Hvis du har en konto p\u00e5 dette nettstedet, eller har lagt igjen kommentarer, kan du be om \u00e5 motta en eksportert fil med personopplysningene vi har om deg, inkludert data du har gitt oss. Du kan ogs\u00e5 be om at vi sletter alle personopplysninger vi har om deg. Dette inkluderer ikke data vi er forpliktet til \u00e5 beholde for administrative, juridiske eller sikkerhetsmessige form\u00e5l.<\/p>\n<h4>Hvor vi sender dataene dine<\/h4>\n<p>Bes\u00f8kendes kommentarer kan sjekkes gjennom en automatisert spam-deteksjonstjeneste.<\/p>\n<h4>Ytterligere informasjon<\/h4>\n<h5>Hvordan vi beskytter dataene dine<\/h5>\n<p>Personopplysninger skal v\u00e6re underlagt ytterligere sikkerhetstiltak for \u00e5 sikre at disse opplysningene behandles sikkert. For eksempel jobber vi hardt for \u00e5 sikre at data er kryptert under overf\u00f8ring og lagring, og tilgang til disse dataene vil v\u00e6re strengt begrenset til et minimum antall individer og underlagt konfidensialitetsforpliktelser.<\/p>\n<p>Vi vil ta alle n\u00f8dvendige skritt for \u00e5 sikre at dataene dine behandles sikkert og i samsvar med disse retningslinjene. Dessverre er ikke overf\u00f8ring av informasjon via internett helt sikker. Selv om vi vil gj\u00f8re v\u00e5rt beste for \u00e5 beskytte dine personlige data, kan vi ikke garantere sikkerheten til dataene dine som overf\u00f8res til noen av v\u00e5re nettsteder; enhver overf\u00f8ring er p\u00e5 egen risiko. N\u00e5r vi har mottatt informasjonen din, vil vi bruke strenge prosedyrer og sikkerhetsfunksjoner for \u00e5 pr\u00f8ve \u00e5 forhindre uautorisert tilgang. N\u00e5r det er mulig, brukes kryptering, b\u00e5de i overf\u00f8ring og lagring. Tilgangskontroller innenfor organisasjonen begrenser hvem som kan f\u00e5 tilgang til informasjon.<\/p>\n<\/div>\n\t\t\t\t\t\t\t\t<\/div>\n\t\t\t\t<\/div>\n\t\t\t\t\t<\/div>\n\t\t<\/div>\n\t\t\t\t\t<\/div>\n\t\t<\/section>\n\t\t\t\t<\/div>\n\t\t","protected":false},"excerpt":{"rendered":"<p>Personvernerkl\u00e6ring Hvem vi er V\u00e5r nettsideadresse er: https:\/\/lost.team\/ Hvilke personopplysninger vi samler inn og hvorfor vi samler inn dem Alle personlige data som kan samles&hellip;<\/p>\n","protected":false},"author":1,"featured_media":0,"parent":0,"menu_order":0,"comment_status":"closed","ping_status":"open","template":"","meta":{"footnotes":""},"class_list":["post-5289","page","type-page","status-publish","hentry"],"_links":{"self":[{"href":"https:\/\/lost.team\/no\/wp-json\/wp\/v2\/pages\/5289","targetHints":{"allow":["GET"]}}],"collection":[{"href":"https:\/\/lost.team\/no\/wp-json\/wp\/v2\/pages"}],"about":[{"href":"https:\/\/lost.team\/no\/wp-json\/wp\/v2\/types\/page"}],"author":[{"embeddable":true,"href":"https:\/\/lost.team\/no\/wp-json\/wp\/v2\/users\/1"}],"replies":[{"embeddable":true,"href":"https:\/\/lost.team\/no\/wp-json\/wp\/v2\/comments?post=5289"}],"version-history":[{"count":0,"href":"https:\/\/lost.team\/no\/wp-json\/wp\/v2\/pages\/5289\/revisions"}],"wp:attachment":[{"href":"https:\/\/lost.team\/no\/wp-json\/wp\/v2\/media?parent=5289"}],"curies":[{"name":"wp","href":"https:\/\/api.w.org\/{rel}","templated":true}]}}