{"id":12988,"date":"2025-03-06T13:18:51","date_gmt":"2025-03-06T11:18:51","guid":{"rendered":"https:\/\/lost.team\/todos-os-cursos\/"},"modified":"2025-04-28T16:25:49","modified_gmt":"2025-04-28T13:25:49","slug":"todos-os-cursos","status":"publish","type":"page","link":"https:\/\/lost.team\/pt-pt\/todos-os-cursos\/","title":{"rendered":"Todos os cursos"},"content":{"rendered":"\t\t<div data-elementor-type=\"wp-page\" data-elementor-id=\"12988\" class=\"elementor elementor-12988 elementor-10977\" data-elementor-post-type=\"page\">\n\t\t\t\t\t\t<section class=\"elementor-section elementor-top-section elementor-element elementor-element-36a0571 elementor-section-height-min-height elementor-section-content-middle elementor-section-boxed elementor-section-height-default elementor-section-items-middle\" data-id=\"36a0571\" data-element_type=\"section\" data-settings=\"{&quot;background_background&quot;:&quot;video&quot;,&quot;background_video_link&quot;:&quot;https:\\\/\\\/lost.team\\\/wp-content\\\/uploads\\\/2023\\\/07\\\/Lost2-Training-1.m4v&quot;,&quot;shape_divider_bottom&quot;:&quot;opacity-fan&quot;,&quot;background_play_on_mobile&quot;:&quot;yes&quot;}\">\n\t\t\t\t\t\t\t\t<div class=\"elementor-background-video-container\">\n\t\t\t\t\t\t\t\t\t\t\t\t\t<video class=\"elementor-background-video-hosted\" autoplay muted playsinline loop><\/video>\n\t\t\t\t\t\t\t\t\t\t\t<\/div>\n\t\t\t\t\t\t\t\t\t<div class=\"elementor-background-overlay\"><\/div>\n\t\t\t\t\t\t<div class=\"elementor-shape elementor-shape-bottom\" aria-hidden=\"true\" data-negative=\"false\">\n\t\t\t<svg xmlns=\"http:\/\/www.w3.org\/2000\/svg\" viewBox=\"0 0 283.5 19.6\" preserveAspectRatio=\"none\">\n\t<path class=\"elementor-shape-fill\" style=\"opacity:0.33\" d=\"M0 0L0 18.8 141.8 4.1 283.5 18.8 283.5 0z\"><\/path>\n\t<path class=\"elementor-shape-fill\" style=\"opacity:0.33\" d=\"M0 0L0 12.6 141.8 4 283.5 12.6 283.5 0z\"><\/path>\n\t<path class=\"elementor-shape-fill\" style=\"opacity:0.33\" d=\"M0 0L0 6.4 141.8 4 283.5 6.4 283.5 0z\"><\/path>\n\t<path class=\"elementor-shape-fill\" d=\"M0 0L0 1.2 141.8 4 283.5 1.2 283.5 0z\"><\/path>\n<\/svg>\t\t<\/div>\n\t\t\t\t\t<div class=\"elementor-container elementor-column-gap-default\">\n\t\t\t\t\t<div class=\"elementor-column elementor-col-100 elementor-top-column elementor-element elementor-element-e2345b4\" data-id=\"e2345b4\" data-element_type=\"column\">\n\t\t\t<div class=\"elementor-widget-wrap elementor-element-populated\">\n\t\t\t\t\t\t<section class=\"elementor-section elementor-inner-section elementor-element elementor-element-536d850 elementor-section-content-middle elementor-section-boxed elementor-section-height-default elementor-section-height-default\" data-id=\"536d850\" data-element_type=\"section\">\n\t\t\t\t\t\t<div class=\"elementor-container elementor-column-gap-default\">\n\t\t\t\t\t<div class=\"elementor-column elementor-col-100 elementor-inner-column elementor-element elementor-element-933aa04\" data-id=\"933aa04\" data-element_type=\"column\">\n\t\t\t<div class=\"elementor-widget-wrap elementor-element-populated\">\n\t\t\t\t\t\t<div class=\"elementor-element elementor-element-227b05c elementor-widget elementor-widget-heading\" data-id=\"227b05c\" data-element_type=\"widget\" data-widget_type=\"heading.default\">\n\t\t\t\t<div class=\"elementor-widget-container\">\n\t\t\t\t\t<h2 class=\"elementor-heading-title elementor-size-default\">Especialista na investiga\u00e7\u00e3o de pessoas e crian\u00e7as desaparecidas<\/h2>\t\t\t\t<\/div>\n\t\t\t\t<\/div>\n\t\t\t\t\t<\/div>\n\t\t<\/div>\n\t\t\t\t\t<\/div>\n\t\t<\/section>\n\t\t\t\t\t<\/div>\n\t\t<\/div>\n\t\t\t\t\t<\/div>\n\t\t<\/section>\n\t\t\t\t<section class=\"elementor-section elementor-top-section elementor-element elementor-element-f612635 elementor-section-boxed elementor-section-height-default elementor-section-height-default\" data-id=\"f612635\" data-element_type=\"section\">\n\t\t\t\t\t\t<div class=\"elementor-container elementor-column-gap-default\">\n\t\t\t\t\t<div class=\"elementor-column elementor-col-100 elementor-top-column elementor-element elementor-element-74f6fdf\" data-id=\"74f6fdf\" data-element_type=\"column\">\n\t\t\t<div class=\"elementor-widget-wrap elementor-element-populated\">\n\t\t\t\t\t\t<div class=\"elementor-element elementor-element-e59062c elementor-widget elementor-widget-spacer\" data-id=\"e59062c\" data-element_type=\"widget\" data-widget_type=\"spacer.default\">\n\t\t\t\t<div class=\"elementor-widget-container\">\n\t\t\t\t\t\t\t<div class=\"elementor-spacer\">\n\t\t\t<div class=\"elementor-spacer-inner\"><\/div>\n\t\t<\/div>\n\t\t\t\t\t\t<\/div>\n\t\t\t\t<\/div>\n\t\t\t\t<div class=\"elementor-element elementor-element-c329a2a elementor-widget elementor-widget-text-editor\" data-id=\"c329a2a\" data-element_type=\"widget\" data-widget_type=\"text-editor.default\">\n\t\t\t\t<div class=\"elementor-widget-container\">\n\t\t\t\t\t\t\t\t\t<h4>Introdu\u00e7\u00e3o<\/h4>\n<p>Na aus\u00eancia de um sistema de investiga\u00e7\u00e3o comum claro e partilhado, a figura profissional do &#8220;Perito em investiga\u00e7\u00e3o de pessoas desaparecidas&#8221; desempenha um papel fundamental na coordena\u00e7\u00e3o e no apoio \u00e0s fam\u00edlias, tamb\u00e9m em rela\u00e7\u00e3o ao sistema regulamentar nacional de refer\u00eancia, aos procedimentos da pol\u00edcia e \u00e0s organiza\u00e7\u00f5es de voluntariado que prestam servi\u00e7os de apoio \u00e0s fam\u00edlias. O curso tem como objetivo formar todos os interessados em melhorar as suas compet\u00eancias e conhecimentos, a fim de criar uma figura profissional integrada a n\u00edvel europeu e capaz de utilizar todos os instrumentos necess\u00e1rios para apoiar as fam\u00edlias e as for\u00e7as envolvidas na investiga\u00e7\u00e3o. <\/p>\n\t\t\t\t\t\t\t\t<\/div>\n\t\t\t\t<\/div>\n\t\t\t\t<div class=\"elementor-element elementor-element-4ab7aed elementor-align-center elementor-widget elementor-widget-button\" data-id=\"4ab7aed\" data-element_type=\"widget\" data-widget_type=\"button.default\">\n\t\t\t\t<div class=\"elementor-widget-container\">\n\t\t\t\t\t\t\t\t\t<div class=\"elementor-button-wrapper\">\n\t\t\t\t\t<a class=\"elementor-button elementor-button-link elementor-size-sm\" href=\"https:\/\/lost.team\/wp-content\/uploads\/2025\/04\/Lost2_PT_Training_Platform_User_Guide.pdf\" target=\"_blank\">\n\t\t\t\t\t\t<span class=\"elementor-button-content-wrapper\">\n\t\t\t\t\t\t\t\t\t<span class=\"elementor-button-text\">Guia do utilizador<\/span>\n\t\t\t\t\t<\/span>\n\t\t\t\t\t<\/a>\n\t\t\t\t<\/div>\n\t\t\t\t\t\t\t\t<\/div>\n\t\t\t\t<\/div>\n\t\t\t\t<div class=\"elementor-element elementor-element-73799df elementor-widget elementor-widget-ld-courses\" data-id=\"73799df\" data-element_type=\"widget\" data-widget_type=\"ld-courses.default\">\n\t\t\t\t<div class=\"elementor-widget-container\">\n\t\t\t\t\t<div id=\"learndash-content\" class=\"learndash-course-list learndash-course-list--elementor learndash-course-list--classic noTitle noSearch noCourseNavigation noPagination learndash-course-list--featured noMeta\">\n\t<form data-current_page_url=\"https:\/\/lost.team\/pt-pt\/todos-os-cursos\/\" id=\"bb-courses-directory-form\" class=\"bb-elementor-widget bb-courses-directory\" method=\"get\" action=\"\">\n\n\n\t\t\t\t\t<input type=\"hidden\" name=\"current_page\" value=\"1\"\/>\n\t\t\t<div class=\"flex align-items-center bb-courses-header\">\n\t\t\t\t\t\t\t\t<\/div>\n\t\t\n\t\t<div class=\"ld-secondary-header\">\n\t\t\t<div class=\"bb-secondary-list-tabs flex align-items-center\" id=\"subnav\" aria-label=\"Members directory secondary navigation\" role=\"navigation\">\n\n\t\t\t\t<input type=\"hidden\" id=\"course-order\" name=\"order\" value=\"desc\"\/>\n\t\t\t\t<input type=\"hidden\" id=\"post-per-page\" name=\"posts_per_page\" value=\"10\"\/>\n\t\t\t\t<input type=\"hidden\" id=\"current-page\" name=\"current_page\" value=\"1\"\/>\n\n\t\t\t\t<div class=\"sfwd-courses-filters flex push-right\">\n\t\t\t\t\t<div class=\"select-wrap hide\">\n\t\t\t\t\t\t<select id=\"sfwd_prs-order-by\" name=\"orderby\">\n\t\t\t\t\t\t\t<option value='alphabetical'  selected='selected'>Alfab\u00e9tico<\/option><option value='recent'>Rec\u00e9m-criado<\/option>\t\t\t\t\t\t<\/select>\n\t\t\t\t\t<\/div>\n\n\t\t\t\t\t\t\t\t\t\t\t\t<div class=\"select-wrap hide\">\n\t\t\t\t\t\t\t\t\t\t\t\t\t\t\t<\/div>\n\t\t\t\t\t\t\t\n\t\t\t\t\t<div class=\"select-wrap hide\">\n\t\t\t\t\t\t<select id=\"sfwd_instructors-order-by\" name=\"filter-instructors\">\n\t\t\t\t\t\t\t<option value='all'>All Instructors<\/option><option value='3'>Tasos<\/option><option value='2'>george<\/option>\t\t\t\t\t\t<\/select>\n\t\t\t\t\t<\/div>\n\t\t\t\t<\/div>\n\n\t\t\t\t<div class=\"grid-filters hide\" data-view=\"ld-course\">\n\t\t\t\t\t<a href=\"#\" class=\"layout-view layout-view-course layout-grid-view bp-tooltip active\" data-view=\"grid\" data-bp-tooltip-pos=\"up\" data-bp-tooltip=\"Grid View\">\n\t\t\t\t\t\t<i class=\"dashicons dashicons-screenoptions\" aria-hidden=\"true\"><\/i>\n\t\t\t\t\t<\/a>\n\n\t\t\t\t\t<a href=\"#\" class=\"layout-view layout-view-course layout-list-view bp-tooltip \" data-view=\"list\" data-bp-tooltip-pos=\"up\" data-bp-tooltip=\"List View\">\n\t\t\t\t\t\t<i class=\"dashicons dashicons-menu\" aria-hidden=\"true\"><\/i>\n\t\t\t\t\t<\/a>\n\t\t\t\t<\/div>\n\t\t\t<\/div>\n\t\t<\/div>\n\n\t\t<div class=\"grid-view bb-grid grid-box-\">\n\n\t\t\t<div id=\"course-dir-list\" class=\"course-dir-list bs-dir-list columns-default course-dir-list--media course-dir-list--status\">\n\t\t\t\t\t\t\t\t\t<ul class=\"bb-card-list bb-course-items list-view bb-list hide \" aria-live=\"assertive\" aria-relevant=\"all\">\n\t\t\t\t\t\t\n<li class=\"bb-course-item-wrap\">\n\n\t<div class=\"bb-cover-list-item \">\n\t\t<div class=\"bb-course-cover\">\n\t\t\t<a title=\"Curso 0. Prevenir e atenuar o rapto\" href=\"https:\/\/lost.team\/pt-pt\/courses\/curso-0-prevenir-e-atenuar-o-rapto\/\" class=\"bb-cover-wrap\">\n\t\t\t\t<div class=\"ld-status ld-status-incomplete ld-third-background\">Gratuito<\/div>\n\t\t\t\t<img decoding=\"async\" width=\"300\" height=\"158\" src=\"https:\/\/lost.team\/wp-content\/uploads\/2025\/02\/featured-00-300x158.jpg\" class=\"attachment-medium size-medium wp-post-image\" alt=\"\" srcset=\"https:\/\/lost.team\/wp-content\/uploads\/2025\/02\/featured-00-300x158.jpg 300w, https:\/\/lost.team\/wp-content\/uploads\/2025\/02\/featured-00-1024x538.jpg 1024w, https:\/\/lost.team\/wp-content\/uploads\/2025\/02\/featured-00-768x403.jpg 768w, https:\/\/lost.team\/wp-content\/uploads\/2025\/02\/featured-00-624x328.jpg 624w, https:\/\/lost.team\/wp-content\/uploads\/2025\/02\/featured-00.jpg 1200w\" sizes=\"(max-width: 300px) 100vw, 300px\" \/>\t\t\t<\/a>\n\t\t<\/div>\n\n\t\t<div class=\"bb-card-course-details bb-card-course-details--noAccess\">\n\t\t\t<div class=\"course-lesson-count\">2 M\u00f3dulos<\/div>\t\t\t<h2 class=\"bb-course-title \">\n\t\t\t\t<a title=\"Curso 0. Prevenir e atenuar o rapto\" href=\"https:\/\/lost.team\/pt-pt\/courses\/curso-0-prevenir-e-atenuar-o-rapto\/\">Curso 0. Prevenir e atenuar o rapto<\/a>\n\t\t\t<\/h2>\n\n\t\t\t\n\t\t\t\n\t\t\t<div class=\"bb-course-excerpt\">\n\t\t\t\tIntrodu\u00e7\u00e3o O M\u00f3dulo 0 destina-se a todos os interessados em obter os conhecimentos b\u00e1sicos para prevenir e atenuar o rapto. O m\u00f3dulo est\u00e1 dividido em&hellip;\t\t\t<\/div>\n\n\t\t\t\t\t<\/div>\n\t<\/div>\n<\/li>\n\n<li class=\"bb-course-item-wrap\">\n\n\t<div class=\"bb-cover-list-item \">\n\t\t<div class=\"bb-course-cover\">\n\t\t\t<a title=\"Curso 1. Assist\u00eancia e Preven\u00e7\u00e3o\" href=\"https:\/\/lost.team\/pt-pt\/courses\/curso-1-assistencia-e-prevencao\/\" class=\"bb-cover-wrap\">\n\t\t\t\t<div class=\"ld-status ld-status-incomplete ld-third-background\">Gratuito<\/div>\n\t\t\t\t<img decoding=\"async\" width=\"300\" height=\"158\" src=\"https:\/\/lost.team\/wp-content\/uploads\/2025\/02\/featured-01-300x158.jpg\" class=\"attachment-medium size-medium wp-post-image\" alt=\"\" srcset=\"https:\/\/lost.team\/wp-content\/uploads\/2025\/02\/featured-01-300x158.jpg 300w, https:\/\/lost.team\/wp-content\/uploads\/2025\/02\/featured-01-1024x538.jpg 1024w, https:\/\/lost.team\/wp-content\/uploads\/2025\/02\/featured-01-768x403.jpg 768w, https:\/\/lost.team\/wp-content\/uploads\/2025\/02\/featured-01-624x328.jpg 624w, https:\/\/lost.team\/wp-content\/uploads\/2025\/02\/featured-01.jpg 1200w\" sizes=\"(max-width: 300px) 100vw, 300px\" \/>\t\t\t<\/a>\n\t\t<\/div>\n\n\t\t<div class=\"bb-card-course-details bb-card-course-details--noAccess\">\n\t\t\t<div class=\"course-lesson-count\">3 M\u00f3dulos<\/div>\t\t\t<h2 class=\"bb-course-title \">\n\t\t\t\t<a title=\"Curso 1. Assist\u00eancia e Preven\u00e7\u00e3o\" href=\"https:\/\/lost.team\/pt-pt\/courses\/curso-1-assistencia-e-prevencao\/\">Curso 1. Assist\u00eancia e Preven\u00e7\u00e3o<\/a>\n\t\t\t<\/h2>\n\n\t\t\t\n\t\t\t\n\t\t\t<div class=\"bb-course-excerpt\">\n\t\t\t\tIntrodu\u00e7\u00e3o O curso pretende abordar a quest\u00e3o fundamental relacionada com as t\u00e9cnicas de comunica\u00e7\u00e3o institucional e a gest\u00e3o das rela\u00e7\u00f5es com os media e com&hellip;\t\t\t<\/div>\n\n\t\t\t\t\t<\/div>\n\t<\/div>\n<\/li>\n\n<li class=\"bb-course-item-wrap\">\n\n\t<div class=\"bb-cover-list-item \">\n\t\t<div class=\"bb-course-cover\">\n\t\t\t<a title=\"Curso 2. Apoio \u00e0 fam\u00edlia\" href=\"https:\/\/lost.team\/pt-pt\/courses\/curso-2-apoio-a-familia\/\" class=\"bb-cover-wrap\">\n\t\t\t\t<div class=\"ld-status ld-status-incomplete ld-third-background\">Gratuito<\/div>\n\t\t\t\t<img decoding=\"async\" width=\"300\" height=\"158\" src=\"https:\/\/lost.team\/wp-content\/uploads\/2025\/02\/featured-02-300x158.jpg\" class=\"attachment-medium size-medium wp-post-image\" alt=\"\" srcset=\"https:\/\/lost.team\/wp-content\/uploads\/2025\/02\/featured-02-300x158.jpg 300w, https:\/\/lost.team\/wp-content\/uploads\/2025\/02\/featured-02-1024x538.jpg 1024w, https:\/\/lost.team\/wp-content\/uploads\/2025\/02\/featured-02-768x403.jpg 768w, https:\/\/lost.team\/wp-content\/uploads\/2025\/02\/featured-02-624x328.jpg 624w, https:\/\/lost.team\/wp-content\/uploads\/2025\/02\/featured-02.jpg 1200w\" sizes=\"(max-width: 300px) 100vw, 300px\" \/>\t\t\t<\/a>\n\t\t<\/div>\n\n\t\t<div class=\"bb-card-course-details bb-card-course-details--noAccess\">\n\t\t\t<div class=\"course-lesson-count\">3 M\u00f3dulos<\/div>\t\t\t<h2 class=\"bb-course-title \">\n\t\t\t\t<a title=\"Curso 2. Apoio \u00e0 fam\u00edlia\" href=\"https:\/\/lost.team\/pt-pt\/courses\/curso-2-apoio-a-familia\/\">Curso 2. Apoio \u00e0 fam\u00edlia<\/a>\n\t\t\t<\/h2>\n\n\t\t\t\n\t\t\t\n\t\t\t<div class=\"bb-course-excerpt\">\n\t\t\t\tIntrodu\u00e7\u00e3o Bem-vindo ao curso Expert in Missing Persons and Minors Investigation no \u00e2mbito do projeto europeu LOST2. Estamos a dar in\u00edcio a um curso de&hellip;\t\t\t<\/div>\n\n\t\t\t\t\t<\/div>\n\t<\/div>\n<\/li>\n\n<li class=\"bb-course-item-wrap\">\n\n\t<div class=\"bb-cover-list-item \">\n\t\t<div class=\"bb-course-cover\">\n\t\t\t<a title=\"Curso 3 Investiga\u00e7\u00e3o e implementa\u00e7\u00e3o\" href=\"https:\/\/lost.team\/pt-pt\/courses\/curso-3-investigacao-e-implementacao\/\" class=\"bb-cover-wrap\">\n\t\t\t\t<div class=\"ld-status ld-status-incomplete ld-third-background\">Gratuito<\/div>\n\t\t\t\t<img loading=\"lazy\" decoding=\"async\" width=\"300\" height=\"165\" src=\"https:\/\/lost.team\/wp-content\/uploads\/2024\/09\/course3_img_featured-300x165.png\" class=\"attachment-medium size-medium wp-post-image\" alt=\"\" srcset=\"https:\/\/lost.team\/wp-content\/uploads\/2024\/09\/course3_img_featured-300x165.png 300w, https:\/\/lost.team\/wp-content\/uploads\/2024\/09\/course3_img_featured-768x422.png 768w, https:\/\/lost.team\/wp-content\/uploads\/2024\/09\/course3_img_featured-624x343.png 624w, https:\/\/lost.team\/wp-content\/uploads\/2024\/09\/course3_img_featured.png 791w\" sizes=\"(max-width: 300px) 100vw, 300px\" \/>\t\t\t<\/a>\n\t\t<\/div>\n\n\t\t<div class=\"bb-card-course-details bb-card-course-details--noAccess\">\n\t\t\t<div class=\"course-lesson-count\">3 M\u00f3dulos<\/div>\t\t\t<h2 class=\"bb-course-title \">\n\t\t\t\t<a title=\"Curso 3 Investiga\u00e7\u00e3o e implementa\u00e7\u00e3o\" href=\"https:\/\/lost.team\/pt-pt\/courses\/curso-3-investigacao-e-implementacao\/\">Curso 3 Investiga\u00e7\u00e3o e implementa\u00e7\u00e3o<\/a>\n\t\t\t<\/h2>\n\n\t\t\t\n\t\t\t\n\t\t\t<div class=\"bb-course-excerpt\">\n\t\t\t\tIntrodu\u00e7\u00e3o Como base para as ac\u00e7\u00f5es seguintes, a componente de investiga\u00e7\u00e3o implica um inqu\u00e9rito e uma an\u00e1lise aprofundados da informa\u00e7\u00e3o atualmente dispon\u00edvel. Esta etapa \u00e9&hellip;\t\t\t<\/div>\n\n\t\t\t\t\t<\/div>\n\t<\/div>\n<\/li>\n\n<li class=\"bb-course-item-wrap\">\n\n\t<div class=\"bb-cover-list-item \">\n\t\t<div class=\"bb-course-cover\">\n\t\t\t<a title=\"Curso 4. Recolha e an\u00e1lise de dados\" href=\"https:\/\/lost.team\/pt-pt\/courses\/curso-4-recolha-e-analise-de-dados\/\" class=\"bb-cover-wrap\">\n\t\t\t\t<div class=\"ld-status ld-status-incomplete ld-third-background\">Gratuito<\/div>\n\t\t\t\t<img loading=\"lazy\" decoding=\"async\" width=\"300\" height=\"158\" src=\"https:\/\/lost.team\/wp-content\/uploads\/2025\/02\/featured-04-300x158.jpg\" class=\"attachment-medium size-medium wp-post-image\" alt=\"\" srcset=\"https:\/\/lost.team\/wp-content\/uploads\/2025\/02\/featured-04-300x158.jpg 300w, https:\/\/lost.team\/wp-content\/uploads\/2025\/02\/featured-04-1024x538.jpg 1024w, https:\/\/lost.team\/wp-content\/uploads\/2025\/02\/featured-04-768x403.jpg 768w, https:\/\/lost.team\/wp-content\/uploads\/2025\/02\/featured-04-624x328.jpg 624w, https:\/\/lost.team\/wp-content\/uploads\/2025\/02\/featured-04.jpg 1200w\" sizes=\"(max-width: 300px) 100vw, 300px\" \/>\t\t\t<\/a>\n\t\t<\/div>\n\n\t\t<div class=\"bb-card-course-details bb-card-course-details--noAccess\">\n\t\t\t<div class=\"course-lesson-count\">3 M\u00f3dulos<\/div>\t\t\t<h2 class=\"bb-course-title \">\n\t\t\t\t<a title=\"Curso 4. Recolha e an\u00e1lise de dados\" href=\"https:\/\/lost.team\/pt-pt\/courses\/curso-4-recolha-e-analise-de-dados\/\">Curso 4. Recolha e an\u00e1lise de dados<\/a>\n\t\t\t<\/h2>\n\n\t\t\t\n\t\t\t\n\t\t\t<div class=\"bb-course-excerpt\">\n\t\t\t\tIntrodu\u00e7\u00e3o Os casos de pessoas desaparecidas apresentam desafios \u00fanicos e complexos que exigem uma abordagem met\u00f3dica e emp\u00e1tica. Este curso de forma\u00e7\u00e3o, &#8220;Recolha de dados&hellip;\t\t\t<\/div>\n\n\t\t\t\t\t<\/div>\n\t<\/div>\n<\/li>\n\n<li class=\"bb-course-item-wrap\">\n\n\t<div class=\"bb-cover-list-item \">\n\t\t<div class=\"bb-course-cover\">\n\t\t\t<a title=\"Curso 5. Finaliza\u00e7\u00e3o do inqu\u00e9rito\" href=\"https:\/\/lost.team\/pt-pt\/courses\/curso-5-finalizacao-do-inquerito\/\" class=\"bb-cover-wrap\">\n\t\t\t\t<div class=\"ld-status ld-status-incomplete ld-third-background\">Gratuito<\/div>\n\t\t\t\t<img loading=\"lazy\" decoding=\"async\" width=\"300\" height=\"158\" src=\"https:\/\/lost.team\/wp-content\/uploads\/2025\/02\/featured-05-300x158.jpg\" class=\"attachment-medium size-medium wp-post-image\" alt=\"\" srcset=\"https:\/\/lost.team\/wp-content\/uploads\/2025\/02\/featured-05-300x158.jpg 300w, https:\/\/lost.team\/wp-content\/uploads\/2025\/02\/featured-05-1024x538.jpg 1024w, https:\/\/lost.team\/wp-content\/uploads\/2025\/02\/featured-05-768x403.jpg 768w, https:\/\/lost.team\/wp-content\/uploads\/2025\/02\/featured-05-624x328.jpg 624w, https:\/\/lost.team\/wp-content\/uploads\/2025\/02\/featured-05.jpg 1200w\" sizes=\"(max-width: 300px) 100vw, 300px\" \/>\t\t\t<\/a>\n\t\t<\/div>\n\n\t\t<div class=\"bb-card-course-details bb-card-course-details--noAccess\">\n\t\t\t<div class=\"course-lesson-count\">1 M\u00f3dulo<\/div>\t\t\t<h2 class=\"bb-course-title \">\n\t\t\t\t<a title=\"Curso 5. Finaliza\u00e7\u00e3o do inqu\u00e9rito\" href=\"https:\/\/lost.team\/pt-pt\/courses\/curso-5-finalizacao-do-inquerito\/\">Curso 5. Finaliza\u00e7\u00e3o do inqu\u00e9rito<\/a>\n\t\t\t<\/h2>\n\n\t\t\t\n\t\t\t\n\t\t\t<div class=\"bb-course-excerpt\">\n\t\t\t\tIntrodu\u00e7\u00e3o No \u00e2mbito da &#8220;Fase de investiga\u00e7\u00e3o&#8221; \u00e9 estrat\u00e9gico gerir a assist\u00eancia pr\u00e1tica \u00e0 fam\u00edlia da pessoa desaparecida, a fim de compreender a motiva\u00e7\u00e3o e&hellip;\t\t\t<\/div>\n\n\t\t\t\t\t<\/div>\n\t<\/div>\n<\/li>\n\n<li class=\"bb-course-item-wrap\">\n\n\t<div class=\"bb-cover-list-item \">\n\t\t<div class=\"bb-course-cover\">\n\t\t\t<a title=\"Curso 6. A identifica\u00e7\u00e3o de um corpo sem nome\" href=\"https:\/\/lost.team\/pt-pt\/courses\/curso-6-a-identificacao-de-um-corpo-sem-nome\/\" class=\"bb-cover-wrap\">\n\t\t\t\t<div class=\"ld-status ld-status-incomplete ld-third-background\">Gratuito<\/div>\n\t\t\t\t<img loading=\"lazy\" decoding=\"async\" width=\"300\" height=\"158\" src=\"https:\/\/lost.team\/wp-content\/uploads\/2025\/02\/featured-06-300x158.jpg\" class=\"attachment-medium size-medium wp-post-image\" alt=\"\" srcset=\"https:\/\/lost.team\/wp-content\/uploads\/2025\/02\/featured-06-300x158.jpg 300w, https:\/\/lost.team\/wp-content\/uploads\/2025\/02\/featured-06-1024x538.jpg 1024w, https:\/\/lost.team\/wp-content\/uploads\/2025\/02\/featured-06-768x403.jpg 768w, https:\/\/lost.team\/wp-content\/uploads\/2025\/02\/featured-06-624x328.jpg 624w, https:\/\/lost.team\/wp-content\/uploads\/2025\/02\/featured-06.jpg 1200w\" sizes=\"(max-width: 300px) 100vw, 300px\" \/>\t\t\t<\/a>\n\t\t<\/div>\n\n\t\t<div class=\"bb-card-course-details bb-card-course-details--noAccess\">\n\t\t\t<div class=\"course-lesson-count\">1 M\u00f3dulo<\/div>\t\t\t<h2 class=\"bb-course-title \">\n\t\t\t\t<a title=\"Curso 6. A identifica\u00e7\u00e3o de um corpo sem nome\" href=\"https:\/\/lost.team\/pt-pt\/courses\/curso-6-a-identificacao-de-um-corpo-sem-nome\/\">Curso 6. A identifica\u00e7\u00e3o de um corpo sem nome<\/a>\n\t\t\t<\/h2>\n\n\t\t\t\n\t\t\t\n\t\t\t<div class=\"bb-course-excerpt\">\n\t\t\t\t<\/div><\/div><\/div><\/li><\/ul><\/div><\/div><\/form><\/div><\/div><\/div><\/div><\/div><\/div><\/section><\/div> <a href=\"https:\/\/lost.team\/pt-pt\/courses\/curso-6-a-identificacao-de-um-corpo-sem-nome\/#more-11427\" class=\"more-link elementor-more-link\"><span aria-label=\"Continue a ler Curso 6. A identifica\u00e7\u00e3o de um corpo sem nome\">(mais&hellip;)<\/span><\/a>","protected":false},"excerpt":{"rendered":"<p>Especialista na investiga\u00e7\u00e3o de pessoas e crian\u00e7as desaparecidas Introdu\u00e7\u00e3o Na aus\u00eancia de um sistema de investiga\u00e7\u00e3o comum claro e partilhado, a figura profissional do &#8220;Perito&hellip;<\/p>\n","protected":false},"author":2,"featured_media":0,"parent":0,"menu_order":0,"comment_status":"closed","ping_status":"closed","template":"elementor_header_footer","meta":{"footnotes":""},"class_list":["post-12988","page","type-page","status-publish","hentry"],"_links":{"self":[{"href":"https:\/\/lost.team\/pt-pt\/wp-json\/wp\/v2\/pages\/12988","targetHints":{"allow":["GET"]}}],"collection":[{"href":"https:\/\/lost.team\/pt-pt\/wp-json\/wp\/v2\/pages"}],"about":[{"href":"https:\/\/lost.team\/pt-pt\/wp-json\/wp\/v2\/types\/page"}],"author":[{"embeddable":true,"href":"https:\/\/lost.team\/pt-pt\/wp-json\/wp\/v2\/users\/2"}],"replies":[{"embeddable":true,"href":"https:\/\/lost.team\/pt-pt\/wp-json\/wp\/v2\/comments?post=12988"}],"version-history":[{"count":8,"href":"https:\/\/lost.team\/pt-pt\/wp-json\/wp\/v2\/pages\/12988\/revisions"}],"predecessor-version":[{"id":14226,"href":"https:\/\/lost.team\/pt-pt\/wp-json\/wp\/v2\/pages\/12988\/revisions\/14226"}],"wp:attachment":[{"href":"https:\/\/lost.team\/pt-pt\/wp-json\/wp\/v2\/media?parent=12988"}],"curies":[{"name":"wp","href":"https:\/\/api.w.org\/{rel}","templated":true}]}}