{"id":3864,"date":"2023-02-01T16:09:39","date_gmt":"2023-02-01T14:09:39","guid":{"rendered":"https:\/\/lost.team\/termos-de-servico\/"},"modified":"2023-03-10T18:09:15","modified_gmt":"2023-03-10T16:09:15","slug":"termos-de-servico","status":"publish","type":"page","link":"https:\/\/lost.team\/pt-pt\/termos-de-servico\/","title":{"rendered":"Termos de Servi\u00e7o"},"content":{"rendered":"\t\t<div data-elementor-type=\"wp-page\" data-elementor-id=\"3864\" class=\"elementor elementor-3864 elementor-18\" data-elementor-post-type=\"page\">\n\t\t\t\t\t\t<section class=\"elementor-section elementor-top-section elementor-element elementor-element-068f5d7 elementor-section-boxed elementor-section-height-default elementor-section-height-default\" data-id=\"068f5d7\" data-element_type=\"section\">\n\t\t\t\t\t\t<div class=\"elementor-container elementor-column-gap-default\">\n\t\t\t\t\t<div class=\"elementor-column elementor-col-100 elementor-top-column elementor-element elementor-element-256611e\" data-id=\"256611e\" data-element_type=\"column\">\n\t\t\t<div class=\"elementor-widget-wrap elementor-element-populated\">\n\t\t\t\t\t\t<div class=\"elementor-element elementor-element-1f1332c elementor-widget elementor-widget-text-editor\" data-id=\"1f1332c\" data-element_type=\"widget\" data-widget_type=\"text-editor.default\">\n\t\t\t\t<div class=\"elementor-widget-container\">\n\t\t\t\t\t\t\t\t\t<h2>Termos e Condi\u00e7\u00f5es<\/h2>\n<p>Por favor leia estes termos e cuidadosamente antes de utilizar o nosso s\u00edtio <strong>https:\/\/lost.team\/<\/strong><\/p>\n<p>Todos os dados pessoais contidos neste website s\u00e3o recolhidos durante a implementa\u00e7\u00e3o do Programa Erasmus + (2021-2027), em conformidade com os regulamentos da Comiss\u00e3o Europeia. Os dados ser\u00e3o armazenados e tratados pelas organiza\u00e7\u00f5es benefici\u00e1rias do Programa ao abrigo do Regulamento (UE) 2016\/679 do Parlamento Europeu e do Conselho de 27 de Abril de 2016 relativo \u00e0 protec\u00e7\u00e3o das pessoas singulares no que diz respeito ao tratamento de dados pessoais e \u00e0 livre circula\u00e7\u00e3o desses dados, e que revoga a Directiva 95\/46\/CE (Regulamento Geral sobre Protec\u00e7\u00e3o de Dados &#8211; GDPR).<\/p>\n<h4>Condi\u00e7\u00f5es de utiliza\u00e7\u00e3o<\/h4>\n<p>Prestamos-lhe servi\u00e7os, que est\u00e3o sujeitos \u00e0s condi\u00e7\u00f5es abaixo indicadas no presente documento. Cada vez que visita este s\u00edtio web, aceita as seguintes condi\u00e7\u00f5es. \u00c9 por isso que lhe pedimos que os leia atentamente.<\/p>\n<h4>Pol\u00edtica de Privacidade<\/h4>\n<p>Antes de continuar a utilizar o nosso s\u00edtio web, aconselhamo-lo a ler a nossa pol\u00edtica de privacidade relativamente \u00e0 recolha de dados dos nossos utilizadores. Ajud\u00e1-lo-\u00e1 a compreender melhor as nossas pr\u00e1ticas.<\/p>\n<h4>Direitos de autor<\/h4>\n<p>O conte\u00fado publicado neste website (downloads digitais, imagens, textos, gr\u00e1ficos, logotipos) \u00e9 propriedade da <strong>LOST2<\/strong> e\/ou dos seus criadores de conte\u00fado e est\u00e1 protegido pelas leis internacionais de direitos de autor. Toda a compila\u00e7\u00e3o do conte\u00fado encontrado neste website \u00e9 propriedade exclusiva de <strong>LOST2<\/strong>, com direitos de autor para esta compila\u00e7\u00e3o por <strong>LOST2<\/strong>.<\/p>\n<h4>Comunica\u00e7\u00f5es<\/h4>\n<p>Toda a comunica\u00e7\u00e3o connosco \u00e9 electr\u00f3nica. Cada vez que nos enviar um e-mail ou visitar o nosso s\u00edtio web, vai estar a comunicar connosco. Consente por este meio receber comunica\u00e7\u00f5es da nossa parte. Se subscrever as not\u00edcias no nosso s\u00edtio web, receber\u00e1 regularmente e-mails nossos. Continuaremos a comunicar consigo, colocando not\u00edcias e avisos no nosso website e enviando-lhe emails. O cliente tamb\u00e9m concorda que todos os avisos, divulga\u00e7\u00f5es, acordos e outras comunica\u00e7\u00f5es que lhe fornecemos electronicamente cumprem os requisitos legais de que tais comunica\u00e7\u00f5es sejam feitas por escrito.<\/p>\n<h4>Lei aplic\u00e1vel<\/h4>\n<p>Ao visitar este website, concorda que as leis do Governo grego, sem ter em conta os princ\u00edpios das leis de conflito, ir\u00e3o reger estes termos e condi\u00e7\u00f5es, ou qualquer disputa de qualquer tipo que possa surgir entre <strong>a LOST2 <\/strong> e o utilizador, ou os seus parceiros comerciais e associados.<\/p>\n<h4>Lit\u00edgios<\/h4>\n<p>Qualquer disputa relacionada de qualquer forma com a sua visita a este website ser\u00e1 arbitrada pelo Governo Grego estadual ou federal e consente com a jurisdi\u00e7\u00e3o exclusiva e o foro de tais tribunais.<br \/>Coment\u00e1rios, Coment\u00e1rios, e Emails.<br \/>Os visitantes podem publicar conte\u00fado desde que n\u00e3o seja obsceno, ilegal, difamat\u00f3rio, amea\u00e7ador, violador dos direitos de propriedade intelectual, invasor da privacidade ou lesivo de qualquer outra forma para terceiros. O conte\u00fado tem de estar livre de v\u00edrus de software, campanha pol\u00edtica, e solicita\u00e7\u00e3o comercial.<br \/>Reservamo-nos todos os direitos (mas n\u00e3o a obriga\u00e7\u00e3o) de remover e\/ou editar tal conte\u00fado. Quando publica o seu conte\u00fado, concede \u00e0 <strong>LOST2<\/strong> o direito n\u00e3o exclusivo, livre de royalties e irrevog\u00e1vel de utilizar, reproduzir, publicar, modificar tal conte\u00fado em todo o mundo em qualquer meio de comunica\u00e7\u00e3o.<\/p>\n<h4>Licen\u00e7a e acesso ao site<\/h4>\n<p>Concedemos-lhe uma licen\u00e7a limitada para aceder e fazer uso pessoal deste website. N\u00e3o est\u00e1 autorizado a descarreg\u00e1-lo ou modific\u00e1-lo. Isto s\u00f3 pode ser feito com o nosso consentimento por escrito.<\/p>\n<h4>Conta de utilizador<\/h4>\n<p>Se for propriet\u00e1rio de uma conta neste website, \u00e9 o \u00fanico respons\u00e1vel por manter a confidencialidade dos seus dados privados de utilizador (nome de utilizador e palavra-passe). \u00c9 respons\u00e1vel por todas as actividades que ocorrem sob a sua conta ou palavra-passe.<br \/>Reservamo-nos todos os direitos de encerrar contas, editar ou remover conte\u00fados e cancelar encomendas, a seu exclusivo crit\u00e9rio.<\/p>\n\t\t\t\t\t\t\t\t<\/div>\n\t\t\t\t<\/div>\n\t\t\t\t\t<\/div>\n\t\t<\/div>\n\t\t\t\t\t<\/div>\n\t\t<\/section>\n\t\t\t\t<\/div>\n\t\t","protected":false},"excerpt":{"rendered":"<p>Termos e Condi\u00e7\u00f5es Por favor leia estes termos e cuidadosamente antes de utilizar o nosso s\u00edtio https:\/\/lost.team\/ Todos os dados pessoais contidos neste website s\u00e3o&hellip;<\/p>\n","protected":false},"author":1,"featured_media":0,"parent":0,"menu_order":0,"comment_status":"closed","ping_status":"closed","template":"","meta":{"footnotes":""},"class_list":["post-3864","page","type-page","status-publish","hentry"],"_links":{"self":[{"href":"https:\/\/lost.team\/pt-pt\/wp-json\/wp\/v2\/pages\/3864","targetHints":{"allow":["GET"]}}],"collection":[{"href":"https:\/\/lost.team\/pt-pt\/wp-json\/wp\/v2\/pages"}],"about":[{"href":"https:\/\/lost.team\/pt-pt\/wp-json\/wp\/v2\/types\/page"}],"author":[{"embeddable":true,"href":"https:\/\/lost.team\/pt-pt\/wp-json\/wp\/v2\/users\/1"}],"replies":[{"embeddable":true,"href":"https:\/\/lost.team\/pt-pt\/wp-json\/wp\/v2\/comments?post=3864"}],"version-history":[{"count":0,"href":"https:\/\/lost.team\/pt-pt\/wp-json\/wp\/v2\/pages\/3864\/revisions"}],"wp:attachment":[{"href":"https:\/\/lost.team\/pt-pt\/wp-json\/wp\/v2\/media?parent=3864"}],"curies":[{"name":"wp","href":"https:\/\/api.w.org\/{rel}","templated":true}]}}