{"id":3887,"date":"2023-02-21T13:58:57","date_gmt":"2023-02-21T11:58:57","guid":{"rendered":"https:\/\/lost.team\/formacao\/"},"modified":"2025-04-04T10:27:48","modified_gmt":"2025-04-04T07:27:48","slug":"formacao","status":"publish","type":"page","link":"https:\/\/lost.team\/pt-pt\/formacao\/","title":{"rendered":"Forma\u00e7\u00e3o"},"content":{"rendered":"\t\t<div data-elementor-type=\"wp-page\" data-elementor-id=\"3887\" class=\"elementor elementor-3887 elementor-245\" data-elementor-post-type=\"page\">\n\t\t\t\t\t\t<section class=\"elementor-section elementor-top-section elementor-element elementor-element-764605d elementor-section-height-min-height elementor-section-items-bottom elementor-section-content-bottom elementor-section-boxed elementor-section-height-default\" data-id=\"764605d\" data-element_type=\"section\" data-settings=\"{&quot;background_background&quot;:&quot;video&quot;,&quot;background_video_link&quot;:&quot;https:\\\/\\\/lost.team\\\/wp-content\\\/uploads\\\/2023\\\/07\\\/Lost2-Training-1.m4v&quot;,&quot;shape_divider_bottom&quot;:&quot;opacity-fan&quot;}\">\n\t\t\t\t\t\t\t\t<div class=\"elementor-background-video-container elementor-hidden-mobile\">\n\t\t\t\t\t\t\t\t\t\t\t\t\t<video class=\"elementor-background-video-hosted\" autoplay muted playsinline loop><\/video>\n\t\t\t\t\t\t\t\t\t\t\t<\/div>\n\t\t\t\t\t\t\t\t\t<div class=\"elementor-background-overlay\"><\/div>\n\t\t\t\t\t\t<div class=\"elementor-shape elementor-shape-bottom\" aria-hidden=\"true\" data-negative=\"false\">\n\t\t\t<svg xmlns=\"http:\/\/www.w3.org\/2000\/svg\" viewBox=\"0 0 283.5 19.6\" preserveAspectRatio=\"none\">\n\t<path class=\"elementor-shape-fill\" style=\"opacity:0.33\" d=\"M0 0L0 18.8 141.8 4.1 283.5 18.8 283.5 0z\"\/>\n\t<path class=\"elementor-shape-fill\" style=\"opacity:0.33\" d=\"M0 0L0 12.6 141.8 4 283.5 12.6 283.5 0z\"\/>\n\t<path class=\"elementor-shape-fill\" style=\"opacity:0.33\" d=\"M0 0L0 6.4 141.8 4 283.5 6.4 283.5 0z\"\/>\n\t<path class=\"elementor-shape-fill\" d=\"M0 0L0 1.2 141.8 4 283.5 1.2 283.5 0z\"\/>\n<\/svg>\t\t<\/div>\n\t\t\t\t\t<div class=\"elementor-container elementor-column-gap-default\">\n\t\t\t\t\t<div class=\"elementor-column elementor-col-100 elementor-top-column elementor-element elementor-element-e9a4c7b\" data-id=\"e9a4c7b\" data-element_type=\"column\">\n\t\t\t<div class=\"elementor-widget-wrap elementor-element-populated\">\n\t\t\t\t\t\t<section class=\"elementor-section elementor-inner-section elementor-element elementor-element-e993e0b elementor-section-content-middle elementor-section-boxed elementor-section-height-default elementor-section-height-default\" data-id=\"e993e0b\" data-element_type=\"section\">\n\t\t\t\t\t\t<div class=\"elementor-container elementor-column-gap-default\">\n\t\t\t\t\t<div class=\"elementor-column elementor-col-50 elementor-inner-column elementor-element elementor-element-f6f23fe\" data-id=\"f6f23fe\" data-element_type=\"column\">\n\t\t\t<div class=\"elementor-widget-wrap elementor-element-populated\">\n\t\t\t\t\t\t<div class=\"elementor-element elementor-element-9d50cdd e-transform elementor-widget elementor-widget-heading\" data-id=\"9d50cdd\" data-element_type=\"widget\" data-settings=\"{&quot;_transform_rotateZ_effect&quot;:{&quot;unit&quot;:&quot;px&quot;,&quot;size&quot;:-90,&quot;sizes&quot;:[]},&quot;_transform_rotateZ_effect_tablet&quot;:{&quot;unit&quot;:&quot;deg&quot;,&quot;size&quot;:&quot;&quot;,&quot;sizes&quot;:[]},&quot;_transform_rotateZ_effect_mobile&quot;:{&quot;unit&quot;:&quot;deg&quot;,&quot;size&quot;:&quot;&quot;,&quot;sizes&quot;:[]}}\" data-widget_type=\"heading.default\">\n\t\t\t\t<div class=\"elementor-widget-container\">\n\t\t\t\t\t<h1 class=\"elementor-heading-title elementor-size-default\">forma\u00e7\u00e3o  <\/h1>\t\t\t\t<\/div>\n\t\t\t\t<\/div>\n\t\t\t\t\t<\/div>\n\t\t<\/div>\n\t\t\t\t<div class=\"elementor-column elementor-col-50 elementor-inner-column elementor-element elementor-element-9ac34dc\" data-id=\"9ac34dc\" data-element_type=\"column\" data-settings=\"{&quot;background_background&quot;:&quot;classic&quot;}\">\n\t\t\t<div class=\"elementor-widget-wrap elementor-element-populated\">\n\t\t\t\t\t\t<div class=\"elementor-element elementor-element-92157f4 elementor-widget elementor-widget-text-editor\" data-id=\"92157f4\" data-element_type=\"widget\" data-widget_type=\"text-editor.default\">\n\t\t\t\t<div class=\"elementor-widget-container\">\n\t\t\t\t\t<div class=\"bb-theme-elementor-wrap bb-elementor-custom-color\">\t\t\t\t<p>O\u00a0<span style=\"color: #ffffff;\"><a style=\"color: #ffffff;\" href=\"https:\/\/lost.team\/pt-pt\/\"><strong>LOST2<\/strong><\/a><\/span>\u00a0\u00a0inclui a concep\u00e7\u00e3o de um sistema de forma\u00e7\u00e3o conjunta que incorpora unidades modulares de forma\u00e7\u00e3o para a aquisi\u00e7\u00e3o de compet\u00eancias e conhecimentos necess\u00e1rios para o novo perfil profissional de \u201d\u00a0<strong>Especialista na investiga\u00e7\u00e3o de pessoas e menores desaparecidos\u00a0<\/strong>.\u201d<\/p><p>A forma\u00e7\u00e3o inclui um m\u00f3dulo de sensibiliza\u00e7\u00e3o acerca do fen\u00f3meno de pessoas desaparecidas, destinado a professores, ONGs, autoridades locais, fam\u00edlias,\u00a0e jovens em risco.<\/p><p>O projeto tamb\u00e9m inclui o desenvolvimento de uma plataforma online onde benefici\u00e1rios e partes interessadas se podem encontrar e interagir.<\/p>\t\t\t\t<\/div>\t\t\t\t<\/div>\n\t\t\t\t<\/div>\n\t\t\t\t\t<\/div>\n\t\t<\/div>\n\t\t\t\t\t<\/div>\n\t\t<\/section>\n\t\t\t\t<div class=\"elementor-element elementor-element-9f54ea0 elementor-align-center elementor-widget elementor-widget-button\" data-id=\"9f54ea0\" data-element_type=\"widget\" data-widget_type=\"button.default\">\n\t\t\t\t<div class=\"elementor-widget-container\">\n\t\t\t\t\t\t\t\t\t<div class=\"elementor-button-wrapper\">\n\t\t\t\t\t<a class=\"elementor-button elementor-button-link elementor-size-sm\" href=\"#1\">\n\t\t\t\t\t\t<span class=\"elementor-button-content-wrapper\">\n\t\t\t\t\t\t<span class=\"elementor-button-icon\">\n\t\t\t\t<i aria-hidden=\"true\" class=\"fas fa-angle-down\"><\/i>\t\t\t<\/span>\n\t\t\t\t\t\t\t\t\t<span class=\"elementor-button-text\">mais<\/span>\n\t\t\t\t\t<\/span>\n\t\t\t\t\t<\/a>\n\t\t\t\t<\/div>\n\t\t\t\t\t\t\t\t<\/div>\n\t\t\t\t<\/div>\n\t\t\t\t\t<\/div>\n\t\t<\/div>\n\t\t\t\t\t<\/div>\n\t\t<\/section>\n\t\t\t\t<section class=\"elementor-section elementor-top-section elementor-element elementor-element-b2ba4a0 elementor-section-content-middle elementor-section-boxed elementor-section-height-default elementor-section-height-default\" data-id=\"b2ba4a0\" data-element_type=\"section\" id=\"1\" data-settings=\"{&quot;shape_divider_top&quot;:&quot;opacity-fan&quot;}\">\n\t\t\t\t\t<div class=\"elementor-shape elementor-shape-top\" aria-hidden=\"true\" data-negative=\"false\">\n\t\t\t<svg xmlns=\"http:\/\/www.w3.org\/2000\/svg\" viewBox=\"0 0 283.5 19.6\" preserveAspectRatio=\"none\">\n\t<path class=\"elementor-shape-fill\" style=\"opacity:0.33\" d=\"M0 0L0 18.8 141.8 4.1 283.5 18.8 283.5 0z\"\/>\n\t<path class=\"elementor-shape-fill\" style=\"opacity:0.33\" d=\"M0 0L0 12.6 141.8 4 283.5 12.6 283.5 0z\"\/>\n\t<path class=\"elementor-shape-fill\" style=\"opacity:0.33\" d=\"M0 0L0 6.4 141.8 4 283.5 6.4 283.5 0z\"\/>\n\t<path class=\"elementor-shape-fill\" d=\"M0 0L0 1.2 141.8 4 283.5 1.2 283.5 0z\"\/>\n<\/svg>\t\t<\/div>\n\t\t\t\t\t<div class=\"elementor-container elementor-column-gap-default\">\n\t\t\t\t\t<div class=\"elementor-column elementor-col-100 elementor-top-column elementor-element elementor-element-22f4b90\" data-id=\"22f4b90\" data-element_type=\"column\">\n\t\t\t<div class=\"elementor-widget-wrap elementor-element-populated\">\n\t\t\t\t\t\t<div class=\"elementor-element elementor-element-eee9f9c elementor-widget elementor-widget-spacer\" data-id=\"eee9f9c\" data-element_type=\"widget\" data-widget_type=\"spacer.default\">\n\t\t\t\t<div class=\"elementor-widget-container\">\n\t\t\t\t\t\t\t<div class=\"elementor-spacer\">\n\t\t\t<div class=\"elementor-spacer-inner\"><\/div>\n\t\t<\/div>\n\t\t\t\t\t\t<\/div>\n\t\t\t\t<\/div>\n\t\t\t\t<div class=\"elementor-element elementor-element-ead4b96 elementor-widget elementor-widget-text-editor\" data-id=\"ead4b96\" data-element_type=\"widget\" data-widget_type=\"text-editor.default\">\n\t\t\t\t<div class=\"elementor-widget-container\">\n\t\t\t\t\t\t\t\t\t<p>O\u00a0<strong><a href=\"https:\/\/lost.team\/pt-pt\/\" target=\"_blank\" rel=\"noopener\">LOST2<\/a><\/strong>\u00a0\u00e9 um projeto que visa abordar a quest\u00e3o das pessoas e crian\u00e7as desaparecidas na Europa atrav\u00e9s do desenvolvimento de um sistema europeu coeso para a investiga\u00e7\u00e3o de pessoas desaparecidas e menores. O projeto centra-se na cria\u00e7\u00e3o de um sistema europeu de investiga\u00e7\u00e3o eficaz, definindo um perfil profissional central europeu do \u201c<strong>Especialista na investiga\u00e7\u00e3o de pessoas e menores desaparecidos\u201d\u00a0<\/strong>que\u00a0incluir\u00e1 a concep\u00e7\u00e3o de um sistema de forma\u00e7\u00e3o conjunta que incorpora unidades modulares de forma\u00e7\u00e3o para a aquisi\u00e7\u00e3o de compet\u00eancias e conhecimentos necess\u00e1rios para o novo perfil profissional.<\/p><p>A articula\u00e7\u00e3o modular do curso de forma\u00e7\u00e3o est\u00e1 prevista com base nas Unidades, que est\u00e3o agregadas no Dicion\u00e1rio de Compet\u00eancias. A abordagem modular \u00e9 \u00fatil para definir o plano de aprendizagem completo para o exerc\u00edcio da profiss\u00e3o, acompanhada dos pr\u00e9-requisitos de acesso. A concep\u00e7\u00e3o modular permite aos benefici\u00e1rios seleccionar um ou mais m\u00f3dulos para propor ofertas de forma\u00e7\u00e3o em resposta a necessidades espec\u00edficas, geralmente de especializa\u00e7\u00e3o\/actualiza\u00e7\u00e3o, para profissionais que j\u00e1 realizam actividades semelhantes \u00e0s previstas pelo novo perfil profissional.<\/p><p>Existe um m\u00f3dulo \u201czero\u201d n\u00e3o estritamente ligado \u00e0 figura profissional, que se destina a aumentar a consci\u00eancia para o fen\u00f3meno das pessoas desaparecidas. O m\u00f3dulo destina-se a um p\u00fablico \u201cgeneralizado\u201d, incluindo professores, escolas, operadores de ONG, gestores de autoridades locais, fam\u00edlias, e especialmente jovens e menores em risco de \u201cdesaparecimento\u201d. Os m\u00f3dulos de forma\u00e7\u00e3o s\u00e3o acompanhados dos conhecimentos necess\u00e1rios para a aquisi\u00e7\u00e3o de resultados de aprendizagem.<\/p>\t\t\t\t\t\t\t\t<\/div>\n\t\t\t\t<\/div>\n\t\t\t\t<section class=\"elementor-section elementor-inner-section elementor-element elementor-element-86d8e49 elementor-section-content-bottom elementor-section-boxed elementor-section-height-default elementor-section-height-default\" data-id=\"86d8e49\" data-element_type=\"section\">\n\t\t\t\t\t\t<div class=\"elementor-container elementor-column-gap-default\">\n\t\t\t\t\t<div class=\"elementor-column elementor-col-50 elementor-inner-column elementor-element elementor-element-df31810\" data-id=\"df31810\" data-element_type=\"column\">\n\t\t\t<div class=\"elementor-widget-wrap elementor-element-populated\">\n\t\t\t\t\t\t<div class=\"elementor-element elementor-element-f0cf356 elementor-widget__width-initial elementor-widget elementor-widget-text-editor\" data-id=\"f0cf356\" data-element_type=\"widget\" data-widget_type=\"text-editor.default\">\n\t\t\t\t<div class=\"elementor-widget-container\">\n\t\t\t\t\t\t\t\t\t<p>Para al\u00e9m dos m\u00f3dulos de forma\u00e7\u00e3o, o programa inclui uma plataforma OPC (Online Professional Community) que servir\u00e1 como o \u201clugar\u201d online onde os benefici\u00e1rios e as partes interessadas podem encontrar-se e interagir. A plataforma ser\u00e1 tamb\u00e9m limpa e de nicho, e ser\u00e1 claro, optimizada para motores de busca. A plataforma OPC ser\u00e1 reactiva, abrindo em menos de 2 segundos nos pa\u00edses da EU, e com uma concep\u00e7\u00e3o m\u00ednima de modo a ser reactiva, inclusiva e acess\u00edvel. A plataforma seguir\u00e1 totalmente o protocolo de acessibilidade WCAG2.0, e ser\u00e1 amiga do ambiente, deixando uma pequena pegada de carbono ao visit\u00e1-la.<\/p><p>Em resumo, o projeto LOST2 procura abordar a quest\u00e3o crescente das pessoas e crian\u00e7as desaparecidas na Europa, desenvolvendo um sistema Europeu eficaz de investiga\u00e7\u00e3o de pessoas desaparecidas e menores. O projeto visa estabelecer um perfil profissional central Europeu do de \u201cEspecialista na investiga\u00e7\u00e3o de pessoas e menores desaparecidos\u201d e fornecer uma concep\u00e7\u00e3o conjunta do sistema de forma\u00e7\u00e3o que incorpora unidades modulares de forma\u00e7\u00e3o para a aquisi\u00e7\u00e3o de compet\u00eancias e conhecimentos necess\u00e1rios para o novo perfil profissional. O projeto inclui tamb\u00e9m uma plataforma online OPC para a comunidade profissional e para os servi\u00e7os de ensino e forma\u00e7\u00e3o, um m\u00f3dulo \u201czero\u201d para aumentar a sensibiliza\u00e7\u00e3o para o fen\u00f3meno das pessoas desaparecidas, e feedback e avalia\u00e7\u00e3o dos participantes e formadores \u00a0das sess\u00f5es piloto. O projeto procura melhorar a coopera\u00e7\u00e3o entre profissionais da UE e produzir uma vers\u00e3o final validada do programa de forma\u00e7\u00e3o, assim como pelo menos 7 pacotes multim\u00e9dia com um relat\u00f3rio de avalia\u00e7\u00e3o \u00a0acerca do pacote global de forma\u00e7\u00e3o.<\/p>\t\t\t\t\t\t\t\t<\/div>\n\t\t\t\t<\/div>\n\t\t\t\t\t<\/div>\n\t\t<\/div>\n\t\t\t\t<div class=\"elementor-column elementor-col-50 elementor-inner-column elementor-element elementor-element-eb90f0f\" data-id=\"eb90f0f\" data-element_type=\"column\">\n\t\t\t<div class=\"elementor-widget-wrap elementor-element-populated\">\n\t\t\t\t\t\t<div class=\"elementor-element elementor-element-b376b59 elementor-widget elementor-widget-image\" data-id=\"b376b59\" data-element_type=\"widget\" data-widget_type=\"image.default\">\n\t\t\t\t<div class=\"elementor-widget-container\">\n\t\t\t\t\t\t\t\t\t\t\t\t\t\t\t<img fetchpriority=\"high\" decoding=\"async\" width=\"640\" height=\"800\" src=\"https:\/\/lost.team\/wp-content\/uploads\/2023\/07\/Lost2-training-2.png\" class=\"attachment-large size-large wp-image-6640\" alt=\"\" srcset=\"https:\/\/lost.team\/wp-content\/uploads\/2023\/07\/Lost2-training-2.png 800w, https:\/\/lost.team\/wp-content\/uploads\/2023\/07\/Lost2-training-2-240x300.png 240w, https:\/\/lost.team\/wp-content\/uploads\/2023\/07\/Lost2-training-2-768x960.png 768w, https:\/\/lost.team\/wp-content\/uploads\/2023\/07\/Lost2-training-2-624x780.png 624w\" sizes=\"(max-width: 640px) 100vw, 640px\" \/>\t\t\t\t\t\t\t\t\t\t\t\t\t\t\t<\/div>\n\t\t\t\t<\/div>\n\t\t\t\t\t<\/div>\n\t\t<\/div>\n\t\t\t\t\t<\/div>\n\t\t<\/section>\n\t\t\t\t<div class=\"elementor-element elementor-element-45d43a1 elementor-widget elementor-widget-spacer\" data-id=\"45d43a1\" data-element_type=\"widget\" data-widget_type=\"spacer.default\">\n\t\t\t\t<div class=\"elementor-widget-container\">\n\t\t\t\t\t\t\t<div class=\"elementor-spacer\">\n\t\t\t<div class=\"elementor-spacer-inner\"><\/div>\n\t\t<\/div>\n\t\t\t\t\t\t<\/div>\n\t\t\t\t<\/div>\n\t\t\t\t<div class=\"elementor-element elementor-element-cf87758 elementor-align-center elementor-widget elementor-widget-button\" data-id=\"cf87758\" data-element_type=\"widget\" data-widget_type=\"button.default\">\n\t\t\t\t<div class=\"elementor-widget-container\">\n\t\t\t\t\t\t\t\t\t<div class=\"elementor-button-wrapper\">\n\t\t\t\t\t<a class=\"elementor-button elementor-button-link elementor-size-sm\" href=\"https:\/\/lost.team\/pt-pt\/todos-os-cursos\/\">\n\t\t\t\t\t\t<span class=\"elementor-button-content-wrapper\">\n\t\t\t\t\t\t\t\t\t<span class=\"elementor-button-text\">Ir para Cursos<\/span>\n\t\t\t\t\t<\/span>\n\t\t\t\t\t<\/a>\n\t\t\t\t<\/div>\n\t\t\t\t\t\t\t\t<\/div>\n\t\t\t\t<\/div>\n\t\t\t\t\t<\/div>\n\t\t<\/div>\n\t\t\t\t\t<\/div>\n\t\t<\/section>\n\t\t\t\t<\/div>\n\t\t","protected":false},"excerpt":{"rendered":"<p>forma\u00e7\u00e3o O\u00a0LOST2\u00a0\u00a0inclui a concep\u00e7\u00e3o de um sistema de forma\u00e7\u00e3o conjunta que incorpora unidades modulares de forma\u00e7\u00e3o para a aquisi\u00e7\u00e3o de compet\u00eancias e conhecimentos necess\u00e1rios para&hellip;<\/p>\n","protected":false},"author":1,"featured_media":0,"parent":0,"menu_order":0,"comment_status":"closed","ping_status":"closed","template":"elementor_header_footer","meta":{"footnotes":""},"class_list":["post-3887","page","type-page","status-publish","hentry"],"_links":{"self":[{"href":"https:\/\/lost.team\/pt-pt\/wp-json\/wp\/v2\/pages\/3887","targetHints":{"allow":["GET"]}}],"collection":[{"href":"https:\/\/lost.team\/pt-pt\/wp-json\/wp\/v2\/pages"}],"about":[{"href":"https:\/\/lost.team\/pt-pt\/wp-json\/wp\/v2\/types\/page"}],"author":[{"embeddable":true,"href":"https:\/\/lost.team\/pt-pt\/wp-json\/wp\/v2\/users\/1"}],"replies":[{"embeddable":true,"href":"https:\/\/lost.team\/pt-pt\/wp-json\/wp\/v2\/comments?post=3887"}],"version-history":[{"count":8,"href":"https:\/\/lost.team\/pt-pt\/wp-json\/wp\/v2\/pages\/3887\/revisions"}],"predecessor-version":[{"id":14008,"href":"https:\/\/lost.team\/pt-pt\/wp-json\/wp\/v2\/pages\/3887\/revisions\/14008"}],"wp:attachment":[{"href":"https:\/\/lost.team\/pt-pt\/wp-json\/wp\/v2\/media?parent=3887"}],"curies":[{"name":"wp","href":"https:\/\/api.w.org\/{rel}","templated":true}]}}