{"id":3938,"date":"2023-02-01T11:51:35","date_gmt":"2023-02-01T09:51:35","guid":{"rendered":"https:\/\/lost.team\/politica-de-privacidade\/"},"modified":"2023-03-10T18:09:10","modified_gmt":"2023-03-10T16:09:10","slug":"politica-de-privacidade","status":"publish","type":"page","link":"https:\/\/lost.team\/pt-pt\/politica-de-privacidade\/","title":{"rendered":"Pol\u00edtica de Privacidade"},"content":{"rendered":"\t\t<div data-elementor-type=\"wp-page\" data-elementor-id=\"3938\" class=\"elementor elementor-3938 elementor-3\" data-elementor-post-type=\"page\">\n\t\t\t\t\t\t<section class=\"elementor-section elementor-top-section elementor-element elementor-element-aa89c18 elementor-section-boxed elementor-section-height-default elementor-section-height-default\" data-id=\"aa89c18\" data-element_type=\"section\">\n\t\t\t\t\t\t<div class=\"elementor-container elementor-column-gap-default\">\n\t\t\t\t\t<div class=\"elementor-column elementor-col-100 elementor-top-column elementor-element elementor-element-e05ff85\" data-id=\"e05ff85\" data-element_type=\"column\">\n\t\t\t<div class=\"elementor-widget-wrap elementor-element-populated\">\n\t\t\t\t\t\t<div class=\"elementor-element elementor-element-6329fa73 elementor-widget elementor-widget-text-editor\" data-id=\"6329fa73\" data-element_type=\"widget\" data-widget_type=\"text-editor.default\">\n\t\t\t\t<div class=\"elementor-widget-container\">\n\t\t\t\t\t\t\t\t\t<header class=\"entry-header\">\n<h1 class=\"entry-title\">Pol\u00edtica de Privacidade<\/h1>\n<\/header>\n<div class=\"entry-content\">\n<h4>Quem somos n\u00f3s<\/h4>\n<p>O endere\u00e7o do nosso s\u00edtio Web \u00e9:<a href=\"https:\/\/lost.team\/pt-pt\/\"> https:\/\/lost.team\/<\/a><\/p>\n<h4>Que dados pessoais recolhemos e porque os recolhemos<\/h4>\n<p>Todos os dados pessoais que podem ser recolhidos, s\u00e3o utilizados apenas para as necessidades do Projecto Europeu Erasmus+ <strong>LOST2 <\/strong>.  <\/p>\n<h4>Coment\u00e1rios<\/h4>\n<p>Quando os visitantes deixam coment\u00e1rios no site, recolhemos os dados mostrados no formul\u00e1rio de coment\u00e1rios, e tamb\u00e9m o endere\u00e7o IP do visitante e a cadeia de agentes de utilizadores do navegador para ajudar na detec\u00e7\u00e3o de spam.<\/p>\n<p>Uma cadeia an\u00f3nima criada a partir do seu endere\u00e7o de correio electr\u00f3nico (tamb\u00e9m chamada hash) pode ser fornecida ao servi\u00e7o Gravatar para ver se a est\u00e1 a utilizar. A pol\u00edtica de privacidade do servi\u00e7o Gravatar est\u00e1 dispon\u00edvel aqui: https:\/\/automattic.com\/privacy\/. Ap\u00f3s aprova\u00e7\u00e3o do seu coment\u00e1rio, a imagem do seu perfil \u00e9 vis\u00edvel ao p\u00fablico no contexto do seu coment\u00e1rio.<\/p>\n<h4>Meios de comunica\u00e7\u00e3o<\/h4>\n<p>Se carregar imagens para o s\u00edtio web, deve evitar carregar imagens com dados de localiza\u00e7\u00e3o incorporados (EXIF GPS) inclu\u00eddos. Os visitantes do s\u00edtio web podem descarregar e extrair quaisquer dados de localiza\u00e7\u00e3o a partir de imagens do s\u00edtio web.<\/p>\n<h4>Formul\u00e1rios de contacto<\/h4>\n<p>Ao preencher o formul\u00e1rio de contacto com os seus Dados, autoriza este Pedido a utilizar estes dados para responder a pedidos de informa\u00e7\u00e3o, cita\u00e7\u00f5es ou qualquer outro tipo de pedido, conforme indicado no cabe\u00e7alho do formul\u00e1rio.<\/p>\n<p>Dados pessoais recolhidos: endere\u00e7o de correio electr\u00f3nico; nome; apelido; n\u00famero de telefone.<\/p>\n<h4>Biscoitos<\/h4>\n<p>Utilizamos cookies, pequenos ficheiros que colocamos no seu computador, para administrar conte\u00fados para os visitantes do nosso s\u00edtio.<br>N\u00e3o utilizamos cookies para localizar indiv\u00edduos e identific\u00e1-los pessoalmente.<br>Se deixar um coment\u00e1rio no nosso site, poder\u00e1 optar por guardar o seu nome, endere\u00e7o de correio electr\u00f3nico e website em cookies. Estes s\u00e3o para sua conveni\u00eancia, para que n\u00e3o tenha de preencher novamente os seus dados quando deixar outro coment\u00e1rio. Estes biscoitos durar\u00e3o um ano.<\/p>\n<p>Se visitar a nossa p\u00e1gina de in\u00edcio de sess\u00e3o, iremos definir um cookie tempor\u00e1rio para determinar se o seu navegador aceita cookies. Este cookie n\u00e3o cont\u00e9m dados pessoais e \u00e9 descartado quando fecha o seu navegador.<\/p>\n<p>Quando iniciar sess\u00e3o, configuraremos tamb\u00e9m v\u00e1rios cookies para guardar as suas informa\u00e7\u00f5es de in\u00edcio de sess\u00e3o e as suas op\u00e7\u00f5es de exibi\u00e7\u00e3o no ecr\u00e3. Os cookies de in\u00edcio de sess\u00e3o duram dois dias, e os cookies de op\u00e7\u00f5es de ecr\u00e3 duram um ano. Se seleccionar &#8220;Lembrar-me&#8221;, o seu login ir\u00e1 persistir durante duas semanas. Se sair da sua conta, os cookies de in\u00edcio de sess\u00e3o ser\u00e3o removidos.<\/p>\n<p>Se editar ou publicar um artigo, um cookie adicional ser\u00e1 guardado no seu navegador. Este cookie n\u00e3o inclui dados pessoais e indica simplesmente a identifica\u00e7\u00e3o postal do artigo que acabou de editar. Expira ao fim de 1 dia.<\/p>\n<h4>Conte\u00fados incorporados de outros websites<\/h4>\n<p>Os artigos deste s\u00edtio podem incluir conte\u00fado incorporado (por exemplo, v\u00eddeos, imagens, artigos, etc.). O conte\u00fado incorporado de outros websites comporta-se exactamente da mesma forma como se o visitante tivesse visitado o outro website.<\/p>\n<p>Estes websites podem recolher dados sobre si, utilizar cookies, incorporar rastreio adicional de terceiros, e monitorizar a sua interac\u00e7\u00e3o com esse conte\u00fado incorporado, incluindo o rastreio da sua interac\u00e7\u00e3o com o conte\u00fado incorporado, caso tenha uma conta e esteja ligado a esse website.<\/p>\n<h4>Anal\u00edticos<\/h4>\n<p>Os servi\u00e7os contidos nesta sec\u00e7\u00e3o permitem ao Propriet\u00e1rio monitorizar e analisar o tr\u00e1fego da Web e podem ser utilizados para manter um registo do comportamento do Utilizador.<\/p>\n<p>Google Analytics (Google LLC)<\/p>\n<p>O Google Analytics \u00e9 um servi\u00e7o de an\u00e1lise web fornecido pela Google LLC (&#8220;Google&#8221;). A Google utiliza os Dados recolhidos para acompanhar e examinar a utiliza\u00e7\u00e3o desta Aplica\u00e7\u00e3o, preparar relat\u00f3rios sobre as suas actividades e partilh\u00e1-los com outros servi\u00e7os da Google.<\/p>\n<p>A Google pode utilizar os Dados recolhidos para contextualizar e personalizar os an\u00fancios da sua pr\u00f3pria rede de publicidade.<\/p>\n<p>Dados pessoais recolhidos: Cookies; Dados de utiliza\u00e7\u00e3o.<\/p>\n<h5>Quanto tempo retemos os seus dados<\/h5>\n<p>Se deixar um coment\u00e1rio, o coment\u00e1rio e os seus metadados s\u00e3o retidos indefinidamente. Isto \u00e9 para que possamos reconhecer e aprovar automaticamente quaisquer coment\u00e1rios de seguimento em vez de os mantermos numa fila de modera\u00e7\u00e3o.<\/p>\n<p>Para os utilizadores que se registam no nosso website (caso existam), tamb\u00e9m armazenamos as informa\u00e7\u00f5es pessoais que fornecem no seu perfil de utilizador. Todos os utilizadores podem ver, editar, ou apagar as suas informa\u00e7\u00f5es pessoais em qualquer altura (excepto que n\u00e3o podem alterar o seu nome de utilizador). Os administradores do website tamb\u00e9m podem ver e editar essa informa\u00e7\u00e3o.<\/p>\n<h4>Que direitos tem sobre os seus dados<\/h4>\n<p>Se tiver uma conta neste site, ou se tiver deixado coment\u00e1rios, pode solicitar a recep\u00e7\u00e3o de um ficheiro exportado dos dados pessoais que temos sobre si, incluindo quaisquer dados que nos tenha fornecido. Pode tamb\u00e9m solicitar que apaguemos quaisquer dados pessoais que tenhamos sobre si. Isto n\u00e3o inclui quaisquer dados que sejamos obrigados a manter para fins administrativos, legais, ou de seguran\u00e7a.<\/p>\n<h4>Para onde enviamos os seus dados<\/h4>\n<p>Os coment\u00e1rios dos visitantes podem ser verificados atrav\u00e9s de um servi\u00e7o autom\u00e1tico de detec\u00e7\u00e3o de spam.<\/p>\n<h4>Informa\u00e7\u00e3o adicional<\/h4>\n<h5>Como protegemos os seus dados<\/h5>\n<p>Os dados pessoais ser\u00e3o sujeitos a salvaguardas adicionais para garantir que esses dados sejam tratados com seguran\u00e7a. Por exemplo, trabalhamos arduamente para assegurar que os dados sejam codificados quando em tr\u00e2nsito e armazenamento, e o acesso a estes dados ser\u00e1 estritamente limitado a um n\u00famero m\u00ednimo de indiv\u00edduos e sujeito a compromissos de confidencialidade.<\/p>\n<p>Tomaremos todas as medidas razoavelmente necess\u00e1rias para assegurar que os seus dados sejam tratados de forma segura e de acordo com esta Pol\u00edtica. Infelizmente, a transmiss\u00e3o de informa\u00e7\u00e3o atrav\u00e9s da Internet n\u00e3o \u00e9 completamente segura. Embora fa\u00e7amos o nosso melhor para proteger os seus dados pessoais, n\u00e3o podemos garantir a seguran\u00e7a dos seus dados transmitidos a qualquer um dos nossos websites; qualquer transmiss\u00e3o \u00e9 por sua conta e risco. Uma vez recebida a sua informa\u00e7\u00e3o, utilizaremos procedimentos rigorosos e caracter\u00edsticas de seguran\u00e7a para tentar impedir o acesso n\u00e3o autorizado. Quando poss\u00edvel, a encripta\u00e7\u00e3o \u00e9 utilizada, tanto em tr\u00e2nsito como em armazenamento. Controlos de acesso dentro do limite da organiza\u00e7\u00e3o quem pode aceder \u00e0 informa\u00e7\u00e3o.<\/p>\n<\/div>\n\t\t\t\t\t\t\t\t<\/div>\n\t\t\t\t<\/div>\n\t\t\t\t\t<\/div>\n\t\t<\/div>\n\t\t\t\t\t<\/div>\n\t\t<\/section>\n\t\t\t\t<\/div>\n\t\t","protected":false},"excerpt":{"rendered":"<p>Pol\u00edtica de Privacidade Quem somos n\u00f3s O endere\u00e7o do nosso s\u00edtio Web \u00e9: https:\/\/lost.team\/ Que dados pessoais recolhemos e porque os recolhemos Todos os dados&hellip;<\/p>\n","protected":false},"author":1,"featured_media":0,"parent":0,"menu_order":0,"comment_status":"closed","ping_status":"open","template":"","meta":{"footnotes":""},"class_list":["post-3938","page","type-page","status-publish","hentry"],"_links":{"self":[{"href":"https:\/\/lost.team\/pt-pt\/wp-json\/wp\/v2\/pages\/3938","targetHints":{"allow":["GET"]}}],"collection":[{"href":"https:\/\/lost.team\/pt-pt\/wp-json\/wp\/v2\/pages"}],"about":[{"href":"https:\/\/lost.team\/pt-pt\/wp-json\/wp\/v2\/types\/page"}],"author":[{"embeddable":true,"href":"https:\/\/lost.team\/pt-pt\/wp-json\/wp\/v2\/users\/1"}],"replies":[{"embeddable":true,"href":"https:\/\/lost.team\/pt-pt\/wp-json\/wp\/v2\/comments?post=3938"}],"version-history":[{"count":0,"href":"https:\/\/lost.team\/pt-pt\/wp-json\/wp\/v2\/pages\/3938\/revisions"}],"wp:attachment":[{"href":"https:\/\/lost.team\/pt-pt\/wp-json\/wp\/v2\/media?parent=3938"}],"curies":[{"name":"wp","href":"https:\/\/api.w.org\/{rel}","templated":true}]}}