{"id":3953,"date":"2023-02-21T17:16:15","date_gmt":"2023-02-21T15:16:15","guid":{"rendered":"https:\/\/lost.team\/reconhecimento-profissional\/"},"modified":"2023-08-30T16:41:58","modified_gmt":"2023-08-30T13:41:58","slug":"reconhecimento-profissional","status":"publish","type":"page","link":"https:\/\/lost.team\/pt-pt\/reconhecimento-profissional\/","title":{"rendered":"reconhecimento profissional"},"content":{"rendered":"\t\t<div data-elementor-type=\"wp-page\" data-elementor-id=\"3953\" class=\"elementor elementor-3953 elementor-294\" data-elementor-post-type=\"page\">\n\t\t\t\t\t\t<section class=\"elementor-section elementor-top-section elementor-element elementor-element-24eca65 elementor-section-content-bottom elementor-section-height-min-height elementor-section-items-bottom elementor-section-boxed elementor-section-height-default\" data-id=\"24eca65\" data-element_type=\"section\" data-settings=\"{&quot;background_background&quot;:&quot;video&quot;,&quot;background_video_link&quot;:&quot;https:\\\/\\\/lost.team\\\/wp-content\\\/uploads\\\/2023\\\/07\\\/Lost2-Prof-Recognition-1.m4v&quot;,&quot;shape_divider_bottom&quot;:&quot;opacity-fan&quot;}\">\n\t\t\t\t\t\t\t\t<div class=\"elementor-background-video-container elementor-hidden-mobile\">\n\t\t\t\t\t\t\t\t\t\t\t\t\t<video class=\"elementor-background-video-hosted\" autoplay muted playsinline loop><\/video>\n\t\t\t\t\t\t\t\t\t\t\t<\/div>\n\t\t\t\t\t\t\t\t\t<div class=\"elementor-background-overlay\"><\/div>\n\t\t\t\t\t\t<div class=\"elementor-shape elementor-shape-bottom\" aria-hidden=\"true\" data-negative=\"false\">\n\t\t\t<svg xmlns=\"http:\/\/www.w3.org\/2000\/svg\" viewBox=\"0 0 283.5 19.6\" preserveAspectRatio=\"none\">\n\t<path class=\"elementor-shape-fill\" style=\"opacity:0.33\" d=\"M0 0L0 18.8 141.8 4.1 283.5 18.8 283.5 0z\"\/>\n\t<path class=\"elementor-shape-fill\" style=\"opacity:0.33\" d=\"M0 0L0 12.6 141.8 4 283.5 12.6 283.5 0z\"\/>\n\t<path class=\"elementor-shape-fill\" style=\"opacity:0.33\" d=\"M0 0L0 6.4 141.8 4 283.5 6.4 283.5 0z\"\/>\n\t<path class=\"elementor-shape-fill\" d=\"M0 0L0 1.2 141.8 4 283.5 1.2 283.5 0z\"\/>\n<\/svg>\t\t<\/div>\n\t\t\t\t\t<div class=\"elementor-container elementor-column-gap-default\">\n\t\t\t\t\t<div class=\"elementor-column elementor-col-100 elementor-top-column elementor-element elementor-element-678c580b\" data-id=\"678c580b\" data-element_type=\"column\">\n\t\t\t<div class=\"elementor-widget-wrap elementor-element-populated\">\n\t\t\t\t\t\t<section class=\"elementor-section elementor-inner-section elementor-element elementor-element-2d0b1b2b elementor-section-content-middle elementor-section-boxed elementor-section-height-default elementor-section-height-default\" data-id=\"2d0b1b2b\" data-element_type=\"section\">\n\t\t\t\t\t\t<div class=\"elementor-container elementor-column-gap-default\">\n\t\t\t\t\t<div class=\"elementor-column elementor-col-50 elementor-inner-column elementor-element elementor-element-14e9112\" data-id=\"14e9112\" data-element_type=\"column\">\n\t\t\t<div class=\"elementor-widget-wrap elementor-element-populated\">\n\t\t\t\t\t\t<div class=\"elementor-element elementor-element-72167217 e-transform elementor-widget elementor-widget-heading\" data-id=\"72167217\" data-element_type=\"widget\" data-settings=\"{&quot;_transform_rotateZ_effect&quot;:{&quot;unit&quot;:&quot;px&quot;,&quot;size&quot;:-90,&quot;sizes&quot;:[]},&quot;_transform_rotateZ_effect_tablet&quot;:{&quot;unit&quot;:&quot;deg&quot;,&quot;size&quot;:&quot;&quot;,&quot;sizes&quot;:[]},&quot;_transform_rotateZ_effect_mobile&quot;:{&quot;unit&quot;:&quot;deg&quot;,&quot;size&quot;:&quot;&quot;,&quot;sizes&quot;:[]}}\" data-widget_type=\"heading.default\">\n\t\t\t\t<div class=\"elementor-widget-container\">\n\t\t\t\t\t<h1 class=\"elementor-heading-title elementor-size-default\">reconhecimento profissional<\/h1>\t\t\t\t<\/div>\n\t\t\t\t<\/div>\n\t\t\t\t\t<\/div>\n\t\t<\/div>\n\t\t\t\t<div class=\"elementor-column elementor-col-50 elementor-inner-column elementor-element elementor-element-77444a8d\" data-id=\"77444a8d\" data-element_type=\"column\" data-settings=\"{&quot;background_background&quot;:&quot;classic&quot;}\">\n\t\t\t<div class=\"elementor-widget-wrap elementor-element-populated\">\n\t\t\t\t\t\t<div class=\"elementor-element elementor-element-2d68c3e5 elementor-widget elementor-widget-text-editor\" data-id=\"2d68c3e5\" data-element_type=\"widget\" data-widget_type=\"text-editor.default\">\n\t\t\t\t<div class=\"elementor-widget-container\">\n\t\t\t\t\t\t\t\t\t<p>O projeto LOST2 fornece um Dicion\u00e1rio de Compet\u00eancias atualizado que identifica as compet\u00eancias e conhecimentos essenciais necess\u00e1rios para as melhores pr\u00e1ticas de investiga\u00e7\u00e3o e gest\u00e3o das rela\u00e7\u00f5es com as fam\u00edlias de menores desaparecidos.<\/p>\n<p>O projeto oferece uma documenta\u00e7\u00e3o preparat\u00f3ria para a qualifica\u00e7\u00e3o, incluindo defini\u00e7\u00f5es dos contextos social e jur\u00eddico, an\u00e1lise das melhores pr\u00e1ticas e um Dicion\u00e1rio de Compet\u00eancias baseado num modelo de compet\u00eancias alinhado com o Quadro Europeu de Qualifica\u00e7\u00f5es.<\/p>\n\t\t\t\t\t\t\t\t<\/div>\n\t\t\t\t<\/div>\n\t\t\t\t\t<\/div>\n\t\t<\/div>\n\t\t\t\t\t<\/div>\n\t\t<\/section>\n\t\t\t\t<div class=\"elementor-element elementor-element-dfcfb5f elementor-align-center elementor-widget elementor-widget-button\" data-id=\"dfcfb5f\" data-element_type=\"widget\" data-widget_type=\"button.default\">\n\t\t\t\t<div class=\"elementor-widget-container\">\n\t\t\t\t\t\t\t\t\t<div class=\"elementor-button-wrapper\">\n\t\t\t\t\t<a class=\"elementor-button elementor-button-link elementor-size-sm\" href=\"#1\">\n\t\t\t\t\t\t<span class=\"elementor-button-content-wrapper\">\n\t\t\t\t\t\t<span class=\"elementor-button-icon\">\n\t\t\t\t<i aria-hidden=\"true\" class=\"fas fa-angle-down\"><\/i>\t\t\t<\/span>\n\t\t\t\t\t\t\t\t\t<span class=\"elementor-button-text\">mais<\/span>\n\t\t\t\t\t<\/span>\n\t\t\t\t\t<\/a>\n\t\t\t\t<\/div>\n\t\t\t\t\t\t\t\t<\/div>\n\t\t\t\t<\/div>\n\t\t\t\t\t<\/div>\n\t\t<\/div>\n\t\t\t\t\t<\/div>\n\t\t<\/section>\n\t\t\t\t<section class=\"elementor-section elementor-top-section elementor-element elementor-element-0f34d29 elementor-section-boxed elementor-section-height-default elementor-section-height-default\" data-id=\"0f34d29\" data-element_type=\"section\" id=\"1\" data-settings=\"{&quot;shape_divider_top&quot;:&quot;opacity-fan&quot;}\">\n\t\t\t\t\t<div class=\"elementor-shape elementor-shape-top\" aria-hidden=\"true\" data-negative=\"false\">\n\t\t\t<svg xmlns=\"http:\/\/www.w3.org\/2000\/svg\" viewBox=\"0 0 283.5 19.6\" preserveAspectRatio=\"none\">\n\t<path class=\"elementor-shape-fill\" style=\"opacity:0.33\" d=\"M0 0L0 18.8 141.8 4.1 283.5 18.8 283.5 0z\"\/>\n\t<path class=\"elementor-shape-fill\" style=\"opacity:0.33\" d=\"M0 0L0 12.6 141.8 4 283.5 12.6 283.5 0z\"\/>\n\t<path class=\"elementor-shape-fill\" style=\"opacity:0.33\" d=\"M0 0L0 6.4 141.8 4 283.5 6.4 283.5 0z\"\/>\n\t<path class=\"elementor-shape-fill\" d=\"M0 0L0 1.2 141.8 4 283.5 1.2 283.5 0z\"\/>\n<\/svg>\t\t<\/div>\n\t\t\t\t\t<div class=\"elementor-container elementor-column-gap-default\">\n\t\t\t\t\t<div class=\"elementor-column elementor-col-100 elementor-top-column elementor-element elementor-element-689800c\" data-id=\"689800c\" data-element_type=\"column\">\n\t\t\t<div class=\"elementor-widget-wrap elementor-element-populated\">\n\t\t\t\t\t\t<div class=\"elementor-element elementor-element-cb08453 elementor-widget elementor-widget-spacer\" data-id=\"cb08453\" data-element_type=\"widget\" data-widget_type=\"spacer.default\">\n\t\t\t\t<div class=\"elementor-widget-container\">\n\t\t\t\t\t\t\t<div class=\"elementor-spacer\">\n\t\t\t<div class=\"elementor-spacer-inner\"><\/div>\n\t\t<\/div>\n\t\t\t\t\t\t<\/div>\n\t\t\t\t<\/div>\n\t\t\t\t<div class=\"elementor-element elementor-element-7cea765f elementor-widget elementor-widget-text-editor\" data-id=\"7cea765f\" data-element_type=\"widget\" data-widget_type=\"text-editor.default\">\n\t\t\t\t<div class=\"elementor-widget-container\">\n\t\t\t\t\t\t\t\t\t<p>A quest\u00e3o das crian\u00e7as refugiadas n\u00e3o acompanhadas que desapareceram depois de chegarem \u00e0 Europa \u00e9 uma preocupa\u00e7\u00e3o crescente em v\u00e1rios pa\u00edses europeus, incluindo\u00a0<strong>It\u00e1lia, Gr\u00e9cia, Portugal, Espanha, B\u00e9lgica, e Noruega<\/strong>. Para abordar esta quest\u00e3o, realizamos um inqu\u00e9rito sobre os diferentes contextos sociais e jur\u00eddicos nestes pa\u00edses, incluindo a forma como as institui\u00e7\u00f5es da UE, tais como a Comiss\u00e3o Europeia e o Parlamento Europeu, gerem o fen\u00f3meno, particularmente a quest\u00e3o das crian\u00e7as desaparecidas.<\/p><p>O inqu\u00e9rito visa identificar os factores que contribuem para o desaparecimento das crian\u00e7as refugiadas n\u00e3o acompanhadas e os desafios para a sua localiza\u00e7\u00e3o. Os resultados do inqu\u00e9rito contribuir\u00e3o para um\u00a0<strong>Dicion\u00e1rio de Compet\u00eancias<\/strong>\u00a0actualizado, que identificar\u00e1 as compet\u00eancias, conhecimentos e comportamentos essenciais necess\u00e1rios para as melhores pr\u00e1ticas na investiga\u00e7\u00e3o e gest\u00e3o das rela\u00e7\u00f5es com as fam\u00edlias de menores desaparecidos.<\/p><p>O\u00a0<strong>Dicion\u00e1rio de Compet\u00eancias<\/strong>\u00a0\u00e9 uma componente cr\u00edtica do projecto,\u00a0<strong>pois ajudar\u00e1 a estabelecer uma qualifica\u00e7\u00e3o para profissionais e peritos envolvidos na investiga\u00e7\u00e3o de pessoas e crian\u00e7as desaparecidas<\/strong>. A qualifica\u00e7\u00e3o ser\u00e1\u00a0<strong>reconhecida em It\u00e1lia, Gr\u00e9cia, Portugal, Espanha e Noruega<\/strong>, e consistir\u00e1 em tr\u00eas sec\u00e7\u00f5es:<\/p><ul><li>defini\u00e7\u00e3o dos contextos sociais e jur\u00eddicos e caracter\u00edsticas dos fen\u00f3menos de pessoas desaparecidas nos pa\u00edses da UE e a n\u00edvel da UE;<\/li><li>an\u00e1lise das melhores pr\u00e1ticas em t\u00e9cnicas\/procedimentos de investiga\u00e7\u00e3o e medidas fornecidas por institui\u00e7\u00f5es locais e nacionais e ONGs;<\/li><li>um Dicion\u00e1rio de Compet\u00eancias que identifica as compet\u00eancias espec\u00edficas dos profissionais e peritos na investiga\u00e7\u00e3o de pessoas e crian\u00e7as desaparecidas.<\/li><\/ul>\t\t\t\t\t\t\t\t<\/div>\n\t\t\t\t<\/div>\n\t\t\t\t<section class=\"elementor-section elementor-inner-section elementor-element elementor-element-d946537 elementor-section-content-bottom elementor-section-boxed elementor-section-height-default elementor-section-height-default\" data-id=\"d946537\" data-element_type=\"section\">\n\t\t\t\t\t\t<div class=\"elementor-container elementor-column-gap-default\">\n\t\t\t\t\t<div class=\"elementor-column elementor-col-50 elementor-inner-column elementor-element elementor-element-ab7e480\" data-id=\"ab7e480\" data-element_type=\"column\">\n\t\t\t<div class=\"elementor-widget-wrap elementor-element-populated\">\n\t\t\t\t\t\t<div class=\"elementor-element elementor-element-214588d6 elementor-widget elementor-widget-text-editor\" data-id=\"214588d6\" data-element_type=\"widget\" data-widget_type=\"text-editor.default\">\n\t\t\t\t<div class=\"elementor-widget-container\">\n\t\t\t\t\t\t\t\t\t<p>A metodologia utilizada para o Dicion\u00e1rio de Compet\u00eancias baseia-se num modelo de compet\u00eancias alinhado com o Quadro Europeu de Qualifica\u00e7\u00f5es (QEQ) e responde \u00e0 Classifica\u00e7\u00e3o Padr\u00e3o Internacional de Ocupa\u00e7\u00f5es (ESCO). O modelo ajuda a garantir que\u00a0<strong>as compet\u00eancias identificadas s\u00e3o reconhecidas e transfer\u00edveis entre diferentes pa\u00edses<\/strong>\u00a0e\u00a0<strong>apoia a mobilidade de profissionais e peritos<\/strong>.<\/p><p><a href=\"https:\/\/lost.team\/pt-pt\/\" target=\"_blank\" rel=\"noopener\"><strong>LOST2<\/strong><\/a>\u00a0contribui tamb\u00e9m para o desenvolvimento das melhores pr\u00e1ticas em t\u00e9cnicas e procedimentos de investiga\u00e7\u00e3o, bem como medidas fornecidas por institui\u00e7\u00f5es locais e nacionais e ONGs. Estas pr\u00e1ticas ajudar\u00e3o a melhorar a efic\u00e1cia e efici\u00eancia dos esfor\u00e7os para localizar crian\u00e7as refugiadas desaparecidas e n\u00e3o acompanhadas.<\/p><p><strong>Espera-se que<\/strong>\u00a0o\u00a0<strong>Dicion\u00e1rio de Compet\u00eancias desempenhe um papel cr\u00edtico no estabelecimento de uma qualifica\u00e7\u00e3o para profissionais e peritos envolvidos na investiga\u00e7\u00e3o de pessoas e crian\u00e7as desaparecidas<\/strong>. A qualifica\u00e7\u00e3o ajudar\u00e1 a assegurar que os profissionais e peritos tenham as compet\u00eancias, conhecimentos e comportamentos necess\u00e1rios para investigar e gerir eficazmente as rela\u00e7\u00f5es com as fam\u00edlias de menores desaparecidos. Isto melhorar\u00e1 a qualidade dos esfor\u00e7os para localizar crian\u00e7as refugiadas desaparecidas n\u00e3o acompanhadas, o que conduzir\u00e1 a melhores resultados para as crian\u00e7as e suas fam\u00edlias.<\/p>\t\t\t\t\t\t\t\t<\/div>\n\t\t\t\t<\/div>\n\t\t\t\t\t<\/div>\n\t\t<\/div>\n\t\t\t\t<div class=\"elementor-column elementor-col-50 elementor-inner-column elementor-element elementor-element-9632918\" data-id=\"9632918\" data-element_type=\"column\">\n\t\t\t<div class=\"elementor-widget-wrap elementor-element-populated\">\n\t\t\t\t\t\t<div class=\"elementor-element elementor-element-1171dd4 elementor-widget elementor-widget-image\" data-id=\"1171dd4\" data-element_type=\"widget\" data-widget_type=\"image.default\">\n\t\t\t\t<div class=\"elementor-widget-container\">\n\t\t\t\t\t\t\t\t\t\t\t\t\t\t\t<img fetchpriority=\"high\" decoding=\"async\" width=\"1000\" height=\"666\" src=\"https:\/\/lost.team\/wp-content\/uploads\/2023\/07\/Lost2-prof-recogn-e1689596963997.png\" class=\"attachment-full size-full wp-image-6605\" alt=\"\" \/>\t\t\t\t\t\t\t\t\t\t\t\t\t\t\t<\/div>\n\t\t\t\t<\/div>\n\t\t\t\t\t<\/div>\n\t\t<\/div>\n\t\t\t\t\t<\/div>\n\t\t<\/section>\n\t\t\t\t<div class=\"elementor-element elementor-element-f3e02a6 elementor-widget elementor-widget-tp-countdown\" data-id=\"f3e02a6\" data-element_type=\"widget\" data-widget_type=\"tp-countdown.default\">\n\t\t\t\t<div class=\"elementor-widget-container\">\n\t\t\t\t\t<div class=\"tp-countdown tp-widget-f3e02a6 countdown-style-1\" data-basic=\"{&quot;widgetid&quot;:&quot;f3e02a6&quot;,&quot;type&quot;:&quot;normal&quot;,&quot;style&quot;:&quot;style-1&quot;,&quot;expiry&quot;:&quot;none&quot;,&quot;days&quot;:&quot;Dias&quot;,&quot;hours&quot;:&quot;Horas&quot;,&quot;minutes&quot;:&quot;Acta&quot;,&quot;seconds&quot;:&quot;Segundos&quot;,&quot;daysenable&quot;:true,&quot;hoursenable&quot;:true,&quot;minutesenable&quot;:true,&quot;secondsenable&quot;:true,&quot;offset&quot;:3,&quot;normalexpiry&quot;:false,&quot;timer&quot;:&quot;03\\\/01\\\/2024 14:27:00&quot;}\"  ><ul class=\"pt_plus_countdown count_down69ebc19f57edd count-inline-style \" ><li class=\"count_1 \"><span class=\"days\">00<\/span><p class=\"days_ref label-ref\">Dias<\/p><\/li><li class=\"count_2 \"><span class=\"hours\">00<\/span><p class=\"hours_ref label-ref\">Horas<\/p><\/li><li class=\"count_3 \"><span class=\"minutes\">00<\/span><p class=\"minutes_ref label-ref\">Acta<\/p><\/li><li class=\"count_4 \"><span class=\"seconds last\">00<\/span><p class=\"seconds_ref label-ref\">Segundos<\/p><\/li><\/ul><\/div>\t\t\t\t<\/div>\n\t\t\t\t<\/div>\n\t\t\t\t\t<\/div>\n\t\t<\/div>\n\t\t\t\t\t<\/div>\n\t\t<\/section>\n\t\t\t\t<\/div>\n\t\t","protected":false},"excerpt":{"rendered":"<p>reconhecimento profissional O projeto LOST2 fornece um Dicion\u00e1rio de Compet\u00eancias atualizado que identifica as compet\u00eancias e conhecimentos essenciais necess\u00e1rios para as melhores pr\u00e1ticas de investiga\u00e7\u00e3o&hellip;<\/p>\n","protected":false},"author":1,"featured_media":0,"parent":0,"menu_order":0,"comment_status":"closed","ping_status":"closed","template":"elementor_header_footer","meta":{"footnotes":""},"class_list":["post-3953","page","type-page","status-publish","hentry"],"_links":{"self":[{"href":"https:\/\/lost.team\/pt-pt\/wp-json\/wp\/v2\/pages\/3953","targetHints":{"allow":["GET"]}}],"collection":[{"href":"https:\/\/lost.team\/pt-pt\/wp-json\/wp\/v2\/pages"}],"about":[{"href":"https:\/\/lost.team\/pt-pt\/wp-json\/wp\/v2\/types\/page"}],"author":[{"embeddable":true,"href":"https:\/\/lost.team\/pt-pt\/wp-json\/wp\/v2\/users\/1"}],"replies":[{"embeddable":true,"href":"https:\/\/lost.team\/pt-pt\/wp-json\/wp\/v2\/comments?post=3953"}],"version-history":[{"count":5,"href":"https:\/\/lost.team\/pt-pt\/wp-json\/wp\/v2\/pages\/3953\/revisions"}],"predecessor-version":[{"id":6843,"href":"https:\/\/lost.team\/pt-pt\/wp-json\/wp\/v2\/pages\/3953\/revisions\/6843"}],"wp:attachment":[{"href":"https:\/\/lost.team\/pt-pt\/wp-json\/wp\/v2\/media?parent=3953"}],"curies":[{"name":"wp","href":"https:\/\/api.w.org\/{rel}","templated":true}]}}